{"id":721367,"date":"2026-01-19T18:48:05","date_gmt":"2026-01-19T15:48:05","guid":{"rendered":"https:\/\/nbg.eu\/product\/rh-crocy-extra-hacik\/"},"modified":"2026-02-27T16:26:57","modified_gmt":"2026-02-27T13:26:57","slug":"rh-crocy-extra-hacik","status":"publish","type":"product","link":"https:\/\/nbg.eu\/sk\/produkt\/rh-crocy-extra-hacik\/","title":{"rendered":"RH Crocy extra h\u00e1\u010dik"},"content":{"rendered":"<h2>RH Crocy extra h\u00e1\u010dik<\/h2>\n<p>RH Crocy extra h\u00e1\u010dik poskytuje dodato\u010dn\u00e9 uchytenie k opasku pre syst\u00e9m puzdier Crocy AIWB, \u010d\u00edm zlep\u0161uje stabilitu a rozlo\u017eenie v\u00e1hy pri nosen\u00ed AIWB.<\/p>\n<h3>K\u013e\u00fa\u010dov\u00e9 vlastnosti:<\/h3>\n<ul>\n<li>Oce\u013eov\u00e1 kon\u0161trukcia pre odolnos\u0165<\/li>\n<li>Kompatibiln\u00fd s opaskom 40 mm<\/li>\n<li>Prid\u00e1va druh\u00fd bod uchytenia k syst\u00e9mu Crocy<\/li>\n<li>Zlep\u0161uje stabilitu puzdra a zni\u017euje pohyb<\/li>\n<li>Jednoduch\u00e1 in\u0161tal\u00e1cia na puzdro Crocy<\/li>\n<\/ul>\n","protected":false},"excerpt":{"rendered":"<p>RH Crocy extra h\u00e1\u010dik: Oce\u013eov\u00fd h\u00e1\u010dik pre zv\u00fd\u0161en\u00fa stabilitu syst\u00e9mu Crocy AIWB.<\/p>\n","protected":false},"featured_media":721368,"template":"","meta":{"_acf_changed":false},"product_brand":[11638],"product_cat":[13378],"product_tag":[],"class_list":{"0":"post-721367","1":"product","2":"type-product","3":"status-publish","4":"has-post-thumbnail","6":"product_brand-rh-holsters","7":"product_cat-prislusenstvo-k-puzdram","9":"first","10":"instock","11":"taxable","12":"shipping-taxable","13":"purchasable","14":"product-type-simple"},"acf":[],"_links":{"self":[{"href":"https:\/\/nbg.eu\/sk\/wp-json\/wp\/v2\/product\/721367","targetHints":{"allow":["GET"]}}],"collection":[{"href":"https:\/\/nbg.eu\/sk\/wp-json\/wp\/v2\/product"}],"about":[{"href":"https:\/\/nbg.eu\/sk\/wp-json\/wp\/v2\/types\/product"}],"wp:featuredmedia":[{"embeddable":true,"href":"https:\/\/nbg.eu\/sk\/wp-json\/wp\/v2\/media\/721368"}],"wp:attachment":[{"href":"https:\/\/nbg.eu\/sk\/wp-json\/wp\/v2\/media?parent=721367"}],"wp:term":[{"taxonomy":"product_brand","embeddable":true,"href":"https:\/\/nbg.eu\/sk\/wp-json\/wp\/v2\/product_brand?post=721367"},{"taxonomy":"product_cat","embeddable":true,"href":"https:\/\/nbg.eu\/sk\/wp-json\/wp\/v2\/product_cat?post=721367"},{"taxonomy":"product_tag","embeddable":true,"href":"https:\/\/nbg.eu\/sk\/wp-json\/wp\/v2\/product_tag?post=721367"}],"curies":[{"name":"wp","href":"https:\/\/api.w.org\/{rel}","templated":true}]}}