{"id":721417,"date":"2026-01-19T18:48:06","date_gmt":"2026-01-19T15:48:06","guid":{"rendered":"https:\/\/nbg.eu\/product\/rh-crocy-puzdro-na-zasobnik\/"},"modified":"2026-02-27T16:44:53","modified_gmt":"2026-02-27T13:44:53","slug":"rh-crocy-puzdro-na-zasobnik","status":"publish","type":"product","link":"https:\/\/nbg.eu\/sk\/produkt\/rh-crocy-puzdro-na-zasobnik\/","title":{"rendered":"RH Crocy puzdro na z\u00e1sobn\u00edk"},"content":{"rendered":"<h2>RH Crocy puzdro na z\u00e1sobn\u00edk<\/h2>\n<p>RH Crocy puzdro na z\u00e1sobn\u00edk je \u0161pecializovan\u00e9 AIWB puzdro navrhnut\u00e9 na pou\u017eitie so syst\u00e9mom puzdier RH Crocy. Prip\u00e1ja sa cez spojovac\u00ed diel Crocy Gizmo alebo sa m\u00f4\u017ee nosi\u0165 samostatne s oce\u013eov\u00fdm h\u00e1\u010dikom.<\/p>\n<h3>K\u013e\u00fa\u010dov\u00e9 vlastnosti:<\/h3>\n<ul>\n<li>Oce\u013eov\u00fd h\u00e1\u010dik pre bezpe\u010dn\u00e9 uchytenie k opasku<\/li>\n<li>Kompatibiln\u00fd s opaskom 40 mm<\/li>\n<li>Nastavite\u013en\u00e9 zadr\u017eanie pomocou skrutiek<\/li>\n<li>Kydex kon\u0161trukcia pre presn\u00e9 ulo\u017eenie z\u00e1sobn\u00edka<\/li>\n<li>Navrhnut\u00e9 na AIWB nosenie<\/li>\n<li>Kompatibiln\u00fd s Crocy Gizmo pre modul\u00e1rnu integr\u00e1ciu s puzdrom<\/li>\n<\/ul>\n","protected":false},"excerpt":{"rendered":"<p>RH Crocy puzdro na z\u00e1sobn\u00edk: AIWB puzdro na z\u00e1sobn\u00edk s oce\u013eov\u00fdm h\u00e1\u010dikom a nastavite\u013en\u00fdm zadr\u017ean\u00edm.<\/p>\n","protected":false},"featured_media":721418,"template":"","meta":{"_acf_changed":false},"product_brand":[11638],"product_cat":[13378],"product_tag":[],"class_list":{"0":"post-721417","1":"product","2":"type-product","3":"status-publish","4":"has-post-thumbnail","6":"product_brand-rh-holsters","7":"product_cat-prislusenstvo-k-puzdram","9":"first","10":"instock","11":"taxable","12":"shipping-taxable","13":"purchasable","14":"product-type-simple"},"acf":[],"_links":{"self":[{"href":"https:\/\/nbg.eu\/sk\/wp-json\/wp\/v2\/product\/721417","targetHints":{"allow":["GET"]}}],"collection":[{"href":"https:\/\/nbg.eu\/sk\/wp-json\/wp\/v2\/product"}],"about":[{"href":"https:\/\/nbg.eu\/sk\/wp-json\/wp\/v2\/types\/product"}],"wp:featuredmedia":[{"embeddable":true,"href":"https:\/\/nbg.eu\/sk\/wp-json\/wp\/v2\/media\/721418"}],"wp:attachment":[{"href":"https:\/\/nbg.eu\/sk\/wp-json\/wp\/v2\/media?parent=721417"}],"wp:term":[{"taxonomy":"product_brand","embeddable":true,"href":"https:\/\/nbg.eu\/sk\/wp-json\/wp\/v2\/product_brand?post=721417"},{"taxonomy":"product_cat","embeddable":true,"href":"https:\/\/nbg.eu\/sk\/wp-json\/wp\/v2\/product_cat?post=721417"},{"taxonomy":"product_tag","embeddable":true,"href":"https:\/\/nbg.eu\/sk\/wp-json\/wp\/v2\/product_tag?post=721417"}],"curies":[{"name":"wp","href":"https:\/\/api.w.org\/{rel}","templated":true}]}}