{"id":722836,"date":"2026-03-06T17:34:10","date_gmt":"2026-03-06T14:34:10","guid":{"rendered":"https:\/\/nbg.eu\/product\/eberlestock-force-hrudna-taska\/"},"modified":"2026-04-15T14:39:51","modified_gmt":"2026-04-15T11:39:51","slug":"eberlestock-force-hrudna-taska","status":"publish","type":"product","link":"https:\/\/nbg.eu\/sk\/produkt\/eberlestock-force-hrudna-taska\/","title":{"rendered":"Eberlestock Hrudn\u00e1 Ta\u0161ka Force"},"content":{"rendered":"<h2>Eberlestock Force hrudn\u00e1 bra\u0161\u0148a<\/h2>\n<p>Force je hrudn\u00e1 bra\u0161\u0148a s ve\u013ek\u00fdm objemom a modul\u00e1rnou taktickou kon\u0161trukciou, navrhnut\u00e1 pre po\u013eovn\u00edctvo, stre\u013ebu, vojensk\u00e9 oper\u00e1cie a outdoorov\u00e9 aktivity. So \u0161tedr\u00fdm vn\u00fatorn\u00fdm objemom a aerodynamick\u00fdm profilom sa Force prisp\u00f4sob\u00ed va\u0161ej misii bez obmedzenia pohyblivosti.<\/p>\n<h3>\u0160tedr\u00e1 \u00falo\u017en\u00e1 kapacita<\/h3>\n<p>S rozmermi 7 palcov na v\u00fd\u0161ku, 9 palcov na \u0161\u00edrku a 3 palce do h\u013abky poskytuje Force dostatok priestoru pre kompaktn\u00e9 \u010falekoh\u013eady, dia\u013ekomery, v\u00e1bni\u010dky na pred\u00e1torov, ru\u010dn\u00e9 term\u00e1lne zariadenia a \u010fal\u0161ie vybavenie nevyhnutn\u00e9 pre misiu. Vn\u00fatorn\u00e9 vrecko na zips chr\u00e1ni citliv\u00e9 predmety, zatia\u013e \u010do konfigurovate\u013en\u00fd MOLLE vn\u00fatri hlavn\u00e9ho prie\u010dinka umo\u017e\u0148uje prisp\u00f4soben\u00e9 konfigur\u00e1cie v\u00fdbavy.<\/p>\n<h3>Popruhov\u00fd syst\u00e9m so vzduchovou sie\u0165ovinou<\/h3>\n<p>Polstrovan\u00fd popruhov\u00fd syst\u00e9m so vzduchovou sie\u0165ovinou podporuje pr\u00fadenie vzduchu a zni\u017euje hromadenie vlhkosti pri dlh\u0161om nosen\u00ed, tak\u017ee zost\u00e1vate v chlade a pohodl\u00ed, \u010di u\u017e sa pl\u00ed\u017eite k \u00falovku alebo tr\u00e1vite hodiny na strelnici.<\/p>\n<h3>Modul\u00e1rny dizajn<\/h3>\n<p>Laserovo rezan\u00e1 MOLLE tkanina na vonkaj\u0161ej strane a vn\u00fatri hlavn\u00e9ho prie\u010dinka podporuje puzdra, zdravotn\u00edcke vlo\u017eky, naviga\u010dn\u00e9 dosky a rie\u0161enia pre mont\u00e1\u017e ATAK. Predn\u00e9 vrecko na zips pre administrat\u00edvu umo\u017e\u0148uje r\u00fdchly pr\u00edstup k povoliam, \u0161t\u00edtkom, map\u00e1m alebo telef\u00f3nu. Sklopn\u00fd panel so such\u00fdm zipsom je kompatibiln\u00fd s Eberlestock MOLLE panelmi, ohrieva\u010dmi r\u00fak a pr\u00edslu\u0161enstvom Quickcase.<\/p>\n<p>Vyroben\u00e1 z odoln\u00e9ho 500D ripstop nyl\u00f3nu pre trval\u00fa odolnos\u0165. Kompatibiln\u00e1 s Eberlestock Bino Rain Fly na ochranu pri nepriaznivom po\u010das\u00ed.<\/p>\n<table>\n<thead>\n<tr>\n<th>\u0160pecifik\u00e1cia<\/th>\n<th>Detail<\/th>\n<\/tr>\n<\/thead>\n<tbody>\n<tr>\n<td>Rozmery<\/td>\n<td>7&#8243; H x 9&#8243; W x 3&#8243; D<\/td>\n<\/tr>\n<tr>\n<td>Materi\u00e1l<\/td>\n<td>500D Ripstop Nylon<\/td>\n<\/tr>\n<tr>\n<td>Popruh<\/td>\n<td>Polstrovan\u00e1 vzduchov\u00e1 sie\u0165ovina<\/td>\n<\/tr>\n<tr>\n<td>Uchytenie<\/td>\n<td>Laserovo rezan\u00fd MOLLE<\/td>\n<\/tr>\n<tr>\n<td>Pr\u00edslu\u0161enstvo<\/td>\n<td>Kompatibiln\u00fd so sklopn\u00fdm panelom<\/td>\n<\/tr>\n<\/tbody>\n<\/table>\n","protected":false},"excerpt":{"rendered":"<p>Eberlestock Force Chest Pack je ve\u013ekokapacitn\u00fd modul\u00e1rny taktick\u00fd hrudn\u00fd panel s rozmermi 7&#8243; x 9&#8243; x 3&#8243;. Vyroben\u00fd z 500D ripstop nylonu s air-mesh popruhom, laserovo rezan\u00fdm MOLLE a kompatibilitou s pr\u00edslu\u0161enstvom Eberlestock.<\/p>\n","protected":false},"featured_media":722837,"template":"","meta":{"_acf_changed":false},"product_brand":[15143],"product_cat":[13351,13405],"product_tag":[],"class_list":{"0":"post-722836","1":"product","2":"type-product","3":"status-publish","4":"has-post-thumbnail","6":"product_brand-eberlestock","7":"product_cat-hrudne-vesty","8":"product_cat-vystroj","10":"first","11":"instock","12":"taxable","13":"shipping-taxable","14":"purchasable","15":"product-type-variable","16":"wvs-archive-product-wrapper"},"acf":[],"_links":{"self":[{"href":"https:\/\/nbg.eu\/sk\/wp-json\/wp\/v2\/product\/722836","targetHints":{"allow":["GET"]}}],"collection":[{"href":"https:\/\/nbg.eu\/sk\/wp-json\/wp\/v2\/product"}],"about":[{"href":"https:\/\/nbg.eu\/sk\/wp-json\/wp\/v2\/types\/product"}],"wp:featuredmedia":[{"embeddable":true,"href":"https:\/\/nbg.eu\/sk\/wp-json\/wp\/v2\/media\/722837"}],"wp:attachment":[{"href":"https:\/\/nbg.eu\/sk\/wp-json\/wp\/v2\/media?parent=722836"}],"wp:term":[{"taxonomy":"product_brand","embeddable":true,"href":"https:\/\/nbg.eu\/sk\/wp-json\/wp\/v2\/product_brand?post=722836"},{"taxonomy":"product_cat","embeddable":true,"href":"https:\/\/nbg.eu\/sk\/wp-json\/wp\/v2\/product_cat?post=722836"},{"taxonomy":"product_tag","embeddable":true,"href":"https:\/\/nbg.eu\/sk\/wp-json\/wp\/v2\/product_tag?post=722836"}],"curies":[{"name":"wp","href":"https:\/\/api.w.org\/{rel}","templated":true}]}}