{"id":724230,"date":"2026-03-10T16:14:33","date_gmt":"2026-03-10T13:14:33","guid":{"rendered":"https:\/\/nbg.eu\/product\/area-419-can-koozie-clip-on-kryt-pre-nocne-videnie\/"},"modified":"2026-03-10T17:17:43","modified_gmt":"2026-03-10T14:17:43","slug":"area-419-can-koozie-clip-on-kryt-pre-nocne-videnie","status":"publish","type":"product","link":"https:\/\/nbg.eu\/sk\/produkt\/area-419-can-koozie-clip-on-kryt-pre-nocne-videnie\/","title":{"rendered":"Area 419 Can Koozie \/ Clip-on Kryt pre No\u010dn\u00e9 Videnie"},"content":{"rendered":"<h2>Area 419 Can Koozie \/ Clip-on Clona pre No\u010dn\u00e9 Videnie<\/h2>\n<p>Navrhnut\u00e1 firmou Area 419, t\u00e1to neopr\u00e9nov\u00e1 clona m\u00e1 taktick\u00e9 vyu\u017eitie: nasa\u010fte ju na objekt\u00edv optiky, aby preklenula medzeru medzi optikou a clip-on zariaden\u00edm no\u010dn\u00e9ho videnia, blokuj\u00fac prach a parazitn\u00e9 svetlo.<\/p>\n<h3>Clip-on Clona pre No\u010dn\u00e9 Videnie<\/h3>\n<p>Clona sa natiahne cez objekt\u00edv optiky a poskytne tesn\u00fd, svetlotesn\u00fd most pre va\u0161e clip-on NV zariadenie \u2014 eliminuj\u00fac medzeru, cez ktor\u00fa prenik\u00e1 okoln\u00e9 svetlo a prach. Strelci ju pou\u017e\u00edvaj\u00fa aj ako \u00fa\u010dinn\u00fa slne\u010dn\u00fa clonu proti odleskom objekt\u00edvu bez potreby Velcro p\u00e1skov alebo objemn\u00fdch doplnkov.<\/p>\n<h3>\u0160pecifik\u00e1cie<\/h3>\n<table>\n<tbody>\n<tr>\n<td><strong>Materi\u00e1l<\/strong><\/td>\n<td>Neoprene<\/td>\n<\/tr>\n<tr>\n<td><strong>Hmotnos\u0165<\/strong><\/td>\n<td>0.1 lbs<\/td>\n<\/tr>\n<tr>\n<td><strong>Rozmery<\/strong><\/td>\n<td>2 x 2 x 0.5 in<\/td>\n<\/tr>\n<tr>\n<td><strong>Vyroben\u00e9 v<\/strong><\/td>\n<td>USA<\/td>\n<\/tr>\n<\/tbody>\n<\/table>\n","protected":false},"excerpt":{"rendered":"<p>Neopr\u00e9nov\u00e1 clip-on clona navrhnut\u00e1 na preklenutie medzery medzi objekt\u00edvom optiky a clip-on zariaden\u00edm no\u010dn\u00e9ho videnia. Blokuje prach, parazitn\u00e9 svetlo a eliminuje odlesky objekt\u00edvu. Funguje aj ako \u00fa\u010dinn\u00e1 slne\u010dn\u00e1 clona pri dennej stre\u013ebe.<\/p>\n","protected":false},"featured_media":724231,"template":"","meta":{"_acf_changed":false},"product_brand":[11044],"product_cat":[13373,13405],"product_tag":[],"class_list":{"0":"post-724230","1":"product","2":"type-product","3":"status-publish","4":"has-post-thumbnail","6":"product_brand-area-419","7":"product_cat-prislusenstvo-na-mierenie","8":"product_cat-vystroj","10":"first","11":"instock","12":"taxable","13":"shipping-taxable","14":"purchasable","15":"product-type-simple"},"acf":[],"_links":{"self":[{"href":"https:\/\/nbg.eu\/sk\/wp-json\/wp\/v2\/product\/724230","targetHints":{"allow":["GET"]}}],"collection":[{"href":"https:\/\/nbg.eu\/sk\/wp-json\/wp\/v2\/product"}],"about":[{"href":"https:\/\/nbg.eu\/sk\/wp-json\/wp\/v2\/types\/product"}],"wp:featuredmedia":[{"embeddable":true,"href":"https:\/\/nbg.eu\/sk\/wp-json\/wp\/v2\/media\/724231"}],"wp:attachment":[{"href":"https:\/\/nbg.eu\/sk\/wp-json\/wp\/v2\/media?parent=724230"}],"wp:term":[{"taxonomy":"product_brand","embeddable":true,"href":"https:\/\/nbg.eu\/sk\/wp-json\/wp\/v2\/product_brand?post=724230"},{"taxonomy":"product_cat","embeddable":true,"href":"https:\/\/nbg.eu\/sk\/wp-json\/wp\/v2\/product_cat?post=724230"},{"taxonomy":"product_tag","embeddable":true,"href":"https:\/\/nbg.eu\/sk\/wp-json\/wp\/v2\/product_tag?post=724230"}],"curies":[{"name":"wp","href":"https:\/\/api.w.org\/{rel}","templated":true}]}}