{"id":732825,"date":"2026-03-13T17:31:55","date_gmt":"2026-03-13T14:31:55","guid":{"rendered":"https:\/\/nbg.eu\/product\/microtech-l-u-d-t-t-e-gen-iii-apocalyptic-standard-od-green\/"},"modified":"2026-03-16T13:02:48","modified_gmt":"2026-03-16T10:02:48","slug":"microtech-l-u-d-t-t-e-gen-iii-apocalyptic-standard-od-green","status":"publish","type":"product","link":"https:\/\/nbg.eu\/sk\/produkt\/microtech-l-u-d-t-t-e-gen-iii-apocalyptic-standard-od-green\/","title":{"rendered":"Microtech L.U.D.T. T\/E Gen III apokalyptick\u00fd \u0161tandard OD zelen\u00e1"},"content":{"rendered":"<h2>Preh\u013ead<\/h2>\n<p>Microtech L.U.D.T. Gen III je v\u00fdkonn\u00fd automatick\u00fd prie\u010dinok, ktor\u00fd evokuje klasick\u00fd \u0161t\u00fdl UDT s revolu\u010dn\u00fdmi aktualiz\u00e1ciami formy a funkcie. Tento variant OD Green je vybaven\u00fd \u010depe\u013eou tanto s apokalyptickou \u00fapravou so \u0161tandardn\u00fdm hladk\u00fdm ostr\u00edm, kovanou z ocele Bohler M390MK. Iter\u00e1cia Gen III prin\u00e1\u0161a zadn\u00e9 vlo\u017eky rukov\u00e4te s 3M trak\u010dnou p\u00e1skou pre optim\u00e1lnu pri\u013enavos\u0165, jazd\u00ed na 24 lo\u017eisk\u00e1ch z karbidu krem\u00edka pre najhlad\u0161\u00ed chod vo svojej triede a pou\u017e\u00edva be\u017en\u00e9 skrutky Torx pre \u013eahk\u00fa \u00fadr\u017ebu v ter\u00e9ne.<\/p>\n<h3>24 lo\u017e\u00edsk z karbidu krem\u00edka<\/h3>\n<p>Ak\u010dn\u00fd syst\u00e9m LUDT Gen III je zalo\u017een\u00fd na 24 presn\u00fdch lo\u017eisk\u00e1ch z karbidu krem\u00edka, ktor\u00e9 poskytuj\u00fa najhlad\u0161ie a najprepracovanej\u0161ie automatick\u00e9 skladacie mechanizmy, ak\u00e9 kedy Microtech vyrobil. Lo\u017eiskov\u00fd syst\u00e9m prakticky eliminuje trenie pre bleskur\u00fdchle nasadenie.<\/p>\n<h3>Vlo\u017eky trak\u010dnej p\u00e1sky 3M<\/h3>\n<p>N\u00e1vrat vlo\u017eiek do rukov\u00e4te v Gen III vyu\u017e\u00edva priemyseln\u00fa p\u00e1sku 3M Traction Tape, ktor\u00e1 poskytuje v\u00fdnimo\u010dn\u00fa pri\u013enavos\u0165 vo vlhk\u00fdch, mastn\u00fdch podmienkach alebo v rukaviciach bez toho, aby sa profil rukov\u00e4te prid\u00e1val na objeme.<\/p>\n<h3>Kon\u0161trukcia odoln\u00e1 vo\u010di vode<\/h3>\n<p>LuDT Gen III, ur\u010den\u00fd na pou\u017eitie v drsnom prostred\u00ed, m\u00e1 kon\u0161trukciu odoln\u00fa vo\u010di poveternostn\u00fdm vplyvom, ktor\u00e1 odol\u00e1va vniknutiu vlhkosti, v\u010faka \u010domu je spo\u013eahliv\u00fd v da\u017edi, snehu a morskom prostred\u00ed.<\/p>\n<h3>Pr\u00e9miov\u00e9 komponenty<\/h3>\n<ul>\n<li>\u010cepe\u013e Tanto Bohler M390MK<\/li>\n<li>Hlin\u00edkov\u00e1 rukov\u00e4\u0165 6061-T6 s vlo\u017ekami z trak\u010dnej p\u00e1sky 3M<\/li>\n<li>Ak\u010dn\u00fd syst\u00e9m lo\u017e\u00edsk z karbidu krem\u00edka 24<\/li>\n<li>Sklopn\u00e1 spona na pren\u00e1\u0161anie do vrecka<\/li>\n<li>Be\u017en\u00fd hardv\u00e9r Torx pre jednoduch\u00fa \u00fadr\u017ebu<\/li>\n<li>Kon\u0161trukcia odoln\u00e1 vo\u010di vode<\/li>\n<\/ul>\n<h3>\u0160pecifik\u00e1cie<\/h3>\n<table class=\"shop_attributes\">\n<tbody>\n<tr>\n<td><strong>Typ<\/strong><\/td>\n<td>Automatick\u00fd prie\u010dinok<\/td>\n<\/tr>\n<tr>\n<td><strong>D\u013a\u017eka \u010depele<\/strong><\/td>\n<td>3,50&#8243;<\/td>\n<\/tr>\n<tr>\n<td><strong>Celkov\u00e1 d\u013a\u017eka<\/strong><\/td>\n<td>8,00&#8243;<\/td>\n<\/tr>\n<tr>\n<td><strong>D\u013a\u017eka rukov\u00e4te<\/strong><\/td>\n<td>4,50&#8243;<\/td>\n<\/tr>\n<tr>\n<td><strong>Blade Steel<\/strong><\/td>\n<td>Bohler M390MK<\/td>\n<\/tr>\n<tr>\n<td><strong>Materi\u00e1l rukov\u00e4te<\/strong><\/td>\n<td>Hlin\u00edk 6061-T6 s 3M trak\u010dnou p\u00e1skou<\/td>\n<\/tr>\n<tr>\n<td><strong>Hmotnos\u0165<\/strong><\/td>\n<td>3,60 oz<\/td>\n<\/tr>\n<tr>\n<td><strong>Vreckov\u00e1 spona<\/strong><\/td>\n<td>Pren\u00e1\u0161anie tip-up<\/td>\n<\/tr>\n<tr>\n<td><strong>Lo\u017eisk\u00e1<\/strong><\/td>\n<td>24 karbid krem\u00edka<\/td>\n<\/tr>\n<tr>\n<td><strong>Krajina p\u00f4vodu<\/strong><\/td>\n<td>USA<\/td>\n<\/tr>\n<tr>\n<td><strong>Farba rukov\u00e4te<\/strong><\/td>\n<td>Zelen\u00fd OD<\/td>\n<\/tr>\n<tr>\n<td><strong>Kone\u010dn\u00e1 \u00faprava \u010depele<\/strong><\/td>\n<td>Apokalyptick\u00e9<\/td>\n<\/tr>\n<tr>\n<td><strong>Typ okraja<\/strong><\/td>\n<td>Oby\u010dajn\u00e9<\/td>\n<\/tr>\n<\/tbody>\n<\/table>\n","protected":false},"excerpt":{"rendered":"<p>L.U.D.T. Automatick\u00fd sklada\u010dka Gen III v OD zelenej farbe s apokalyptickou \u0161tandardnou tanto \u010depe\u013eou M390MK. Obsahuje 24 lo\u017e\u00edsk z karbidu krem\u00edka a vlo\u017eky 3M Traction Tape. 3,50\u2033 \u010depe\u013e, celkov\u00e1 d\u013a\u017eka 8,00\u2033.<\/p>\n","protected":false},"featured_media":732826,"template":"","meta":{"_acf_changed":false},"product_brand":[15534],"product_cat":[15381,15358],"product_tag":[],"class_list":{"0":"post-732825","1":"product","2":"type-product","3":"status-publish","4":"has-post-thumbnail","6":"product_brand-microtech","7":"product_cat-folding-knives-cs","8":"product_cat-knives-sk","10":"first","11":"instock","12":"taxable","13":"shipping-taxable","14":"purchasable","15":"product-type-simple"},"acf":[],"_links":{"self":[{"href":"https:\/\/nbg.eu\/sk\/wp-json\/wp\/v2\/product\/732825","targetHints":{"allow":["GET"]}}],"collection":[{"href":"https:\/\/nbg.eu\/sk\/wp-json\/wp\/v2\/product"}],"about":[{"href":"https:\/\/nbg.eu\/sk\/wp-json\/wp\/v2\/types\/product"}],"wp:featuredmedia":[{"embeddable":true,"href":"https:\/\/nbg.eu\/sk\/wp-json\/wp\/v2\/media\/732826"}],"wp:attachment":[{"href":"https:\/\/nbg.eu\/sk\/wp-json\/wp\/v2\/media?parent=732825"}],"wp:term":[{"taxonomy":"product_brand","embeddable":true,"href":"https:\/\/nbg.eu\/sk\/wp-json\/wp\/v2\/product_brand?post=732825"},{"taxonomy":"product_cat","embeddable":true,"href":"https:\/\/nbg.eu\/sk\/wp-json\/wp\/v2\/product_cat?post=732825"},{"taxonomy":"product_tag","embeddable":true,"href":"https:\/\/nbg.eu\/sk\/wp-json\/wp\/v2\/product_tag?post=732825"}],"curies":[{"name":"wp","href":"https:\/\/api.w.org\/{rel}","templated":true}]}}