{"id":732849,"date":"2026-03-13T17:32:35","date_gmt":"2026-03-13T14:32:35","guid":{"rendered":"https:\/\/nbg.eu\/product\/microtech-socom-elite-s-e-manual-tactical-standard-black\/"},"modified":"2026-03-16T13:03:36","modified_gmt":"2026-03-16T10:03:36","slug":"microtech-socom-elite-s-e-manual-tactical-standard-black","status":"publish","type":"product","link":"https:\/\/nbg.eu\/sk\/produkt\/microtech-socom-elite-s-e-manual-tactical-standard-black\/","title":{"rendered":"Microtech Socom Elite S\/E Manual Tactical Standard Black"},"content":{"rendered":"<h2>Preh\u013ead<\/h2>\n<p>Microtech Socom Elite zostal jedn\u00fdm z najpopul\u00e1rnej\u0161\u00edch taktick\u00fdch skladac\u00edch no\u017eov od svojho vzniku v roku 1996 a tento manu\u00e1lny taktick\u00fd variant pokra\u010duje v tomto dedi\u010dstve. Ergonomick\u00e1 rukov\u00e4\u0165 Socom Elite s dvojfarebnou \u010diernou taktickou \u010depe\u013eou M390 so \u0161tandardn\u00fdm hladk\u00fdm ostr\u00edm sa prirodzene prisp\u00f4sobuje ruke, zatia\u013e \u010do integrovan\u00fd rozb\u00edja\u010d skla a ve\u013ek\u00fd kol\u00edk na palec poskytuj\u00fa praktick\u00e9 vyu\u017eitie a jednoduch\u00e9 ovl\u00e1danie jednou rukou, dokonca aj v rukaviciach.<\/p>\n<h3>Overen\u00fd taktick\u00fd dizajn<\/h3>\n<p>Od roku 1996 bol Socom Elite zdokona\u013eovan\u00fd prostredn\u00edctvom desa\u0165ro\u010d\u00ed sp\u00e4tnej v\u00e4zby v re\u00e1lnom svete od vojensk\u00fdch, policajn\u00fdch a civiln\u00fdch pou\u017e\u00edvate\u013eov. Geometria rukov\u00e4te poskytuje prirodzen\u00e9, bezpe\u010dn\u00e9 uchopenie, ktor\u00e9 zni\u017euje \u00fanavu pri dlhodobom pou\u017e\u00edvan\u00ed.<\/p>\n<h3>Integrovan\u00fd l\u00e1ma\u010d skla<\/h3>\n<p>Rozb\u00edja\u010d tvrden\u00e9ho skla zabudovan\u00fd do z\u00e1kladne rukov\u00e4te poskytuje mo\u017enos\u0165 n\u00fadzov\u00e9ho \u00faniku, v\u010faka \u010domu je Socom Elite v\u0161estrann\u00fdm n\u00e1strojom nad r\u00e1mec rezac\u00edch \u00faloh.<\/p>\n<h3>Oper\u00e1cia vhodn\u00e1 v rukaviciach<\/h3>\n<p>Ve\u013emi ve\u013ek\u00fd kol\u00edk na palec a text\u00farovan\u00e9 vlo\u017eky na rukov\u00e4ti na stupnici hlin\u00edkovej rukov\u00e4te zais\u0165uj\u00fa pozit\u00edvnu kontrolu a \u013eahk\u00e9 nasadenie aj s taktick\u00fdmi rukavicami alebo vo vlhk\u00fdch podmienkach.<\/p>\n<h3>Pr\u00e9miov\u00e9 komponenty<\/h3>\n<ul>\n<li>\u010cepe\u013e Bohler M390<\/li>\n<li>Hlin\u00edkov\u00e1 rukov\u00e4\u0165 6061-T6 s \u00fachopov\u00fdmi vlo\u017ekami<\/li>\n<li>Integrovan\u00fd rozb\u00edja\u010d skla<\/li>\n<li>Ve\u013ek\u00fd kol\u00edk na palec na ovl\u00e1danie v rukaviciach<\/li>\n<li>Vreckov\u00e1 spona<\/li>\n<\/ul>\n<h3>\u0160pecifik\u00e1cie<\/h3>\n<table class=\"shop_attributes\">\n<tbody>\n<tr>\n<td><strong>Typ<\/strong><\/td>\n<td>Manu\u00e1lny prie\u010dinok<\/td>\n<\/tr>\n<tr>\n<td><strong>D\u013a\u017eka \u010depele<\/strong><\/td>\n<td>4,00&#8243;<\/td>\n<\/tr>\n<tr>\n<td><strong>Celkov\u00e1 d\u013a\u017eka<\/strong><\/td>\n<td>9,125&#8243;<\/td>\n<\/tr>\n<tr>\n<td><strong>D\u013a\u017eka rukov\u00e4te<\/strong><\/td>\n<td>5,125&#8243;<\/td>\n<\/tr>\n<tr>\n<td><strong>Blade Steel<\/strong><\/td>\n<td>Bohler M390<\/td>\n<\/tr>\n<tr>\n<td><strong>Materi\u00e1l rukov\u00e4te<\/strong><\/td>\n<td>Hlin\u00edk 6061-T6 (\u010dierna)<\/td>\n<\/tr>\n<tr>\n<td><strong>Hmotnos\u0165<\/strong><\/td>\n<td>4,60 oz<\/td>\n<\/tr>\n<tr>\n<td><strong>\u0160t\u00fdl \u010depele<\/strong><\/td>\n<td>Bod poklesu (S\/E)<\/td>\n<\/tr>\n<tr>\n<td><strong>Kone\u010dn\u00e1 \u00faprava \u010depele<\/strong><\/td>\n<td>\u010cierna taktick\u00e1 (dvojfarebn\u00e1)<\/td>\n<\/tr>\n<tr>\n<td><strong>Typ okraja<\/strong><\/td>\n<td>Oby\u010dajn\u00e9<\/td>\n<\/tr>\n<tr>\n<td><strong>Uzamkn\u00fa\u0165<\/strong><\/td>\n<td>Z\u00e1mok vlo\u017eky<\/td>\n<\/tr>\n<tr>\n<td><strong>Rozb\u00edja\u010d skla<\/strong><\/td>\n<td>Integrovan\u00e9<\/td>\n<\/tr>\n<tr>\n<td><strong>Krajina p\u00f4vodu<\/strong><\/td>\n<td>USA<\/td>\n<\/tr>\n<\/tbody>\n<\/table>\n","protected":false},"excerpt":{"rendered":"<p>Manu\u00e1lny sklada\u010dka Socom Elite s dvojfarebnou \u010diernou taktickou \u010depe\u013eou M390 s jedn\u00fdm ostr\u00edm. Ikonick\u00fd dizajn od roku 1996 so z\u00e1mkom na vlo\u017eku, rozb\u00edja\u010dom skla a ve\u013ek\u00fdm kol\u00edkom na palec. 4,00\u2033 \u010depe\u013e, celkov\u00e1 d\u013a\u017eka 9,125\u2033, 4,6 oz.<\/p>\n","protected":false},"featured_media":732850,"template":"","meta":{"_acf_changed":false},"product_brand":[15534],"product_cat":[15381,15358],"product_tag":[],"class_list":{"0":"post-732849","1":"product","2":"type-product","3":"status-publish","4":"has-post-thumbnail","6":"product_brand-microtech","7":"product_cat-folding-knives-cs","8":"product_cat-knives-sk","10":"first","11":"instock","12":"taxable","13":"shipping-taxable","14":"purchasable","15":"product-type-simple"},"acf":[],"_links":{"self":[{"href":"https:\/\/nbg.eu\/sk\/wp-json\/wp\/v2\/product\/732849","targetHints":{"allow":["GET"]}}],"collection":[{"href":"https:\/\/nbg.eu\/sk\/wp-json\/wp\/v2\/product"}],"about":[{"href":"https:\/\/nbg.eu\/sk\/wp-json\/wp\/v2\/types\/product"}],"wp:featuredmedia":[{"embeddable":true,"href":"https:\/\/nbg.eu\/sk\/wp-json\/wp\/v2\/media\/732850"}],"wp:attachment":[{"href":"https:\/\/nbg.eu\/sk\/wp-json\/wp\/v2\/media?parent=732849"}],"wp:term":[{"taxonomy":"product_brand","embeddable":true,"href":"https:\/\/nbg.eu\/sk\/wp-json\/wp\/v2\/product_brand?post=732849"},{"taxonomy":"product_cat","embeddable":true,"href":"https:\/\/nbg.eu\/sk\/wp-json\/wp\/v2\/product_cat?post=732849"},{"taxonomy":"product_tag","embeddable":true,"href":"https:\/\/nbg.eu\/sk\/wp-json\/wp\/v2\/product_tag?post=732849"}],"curies":[{"name":"wp","href":"https:\/\/api.w.org\/{rel}","templated":true}]}}