{"id":732861,"date":"2026-03-13T17:33:03","date_gmt":"2026-03-13T14:33:03","guid":{"rendered":"https:\/\/nbg.eu\/product\/microtech-amphibian-ram-lok-s-e-fluted-partial-serrated-tan\/"},"modified":"2026-03-16T13:03:55","modified_gmt":"2026-03-16T10:03:55","slug":"microtech-amphibian-ram-lok-s-e-fluted-partial-serrated-tan","status":"publish","type":"product","link":"https:\/\/nbg.eu\/sk\/produkt\/microtech-amphibian-ram-lok-s-e-fluted-partial-serrated-tan\/","title":{"rendered":"Microtech Amphibian RAM-LOK S\/E ryhovan\u00e1 \u010diasto\u010dne z\u00fabkovan\u00e1"},"content":{"rendered":"<h2>Preh\u013ead<\/h2>\n<p>Microtech Amphibian RAM-LOK prin\u00e1\u0161a sp\u00e4\u0165 klasick\u00fd profil \u010depele Amphibian \u2013 kedysi vychva\u013eovan\u00fd ako najlep\u0161\u00ed EDC n\u00f4\u017e, ak\u00fd kedy Microtech vyrobil \u2013 s modern\u00fdm mechanizmom barov\u00e9ho z\u00e1mku RAM-LOK. Tento variant Tan obsahuje \u010diernu, \u010diasto\u010dne z\u00fabkovan\u00fa \u010depe\u013e s jedn\u00fdm ostr\u00edm potiahnutou DLC z ocele Bohler M390MK, zasaden\u00fa do kr\u00e1sne ryhovanej hlin\u00edkovej rukov\u00e4te. Syst\u00e9m RAM-LOK poskytuje z\u00e1mok v \u0161t\u00fdle prie\u010dnej ty\u010de pomocou pevn\u00e9ho oce\u013eov\u00e9ho bloku poh\u00e1\u0148an\u00e9ho jednou vinutou pru\u017einou, ktor\u00fd poskytuje pevn\u00e9 uzamknutie s obojru\u010dn\u00fdm zatv\u00e1ran\u00edm bezpe\u010dn\u00fdm pre prsty.<\/p>\n<h3>RAM-LOK Bar Lock System<\/h3>\n<p>RAM-LOK pou\u017e\u00edva pevn\u00fa oce\u013eov\u00fa prie\u010dku poh\u00e1\u0148an\u00fa jednou vinutou pru\u017einou, ktor\u00e1 poskytuje jeden z najsilnej\u0161\u00edch a najspo\u013eahlivej\u0161\u00edch dostupn\u00fdch uzamykac\u00edch mechanizmov. Dizajn umo\u017e\u0148uje bezpe\u010dn\u00e9 zatv\u00e1ranie prstami z oboch str\u00e1n rukov\u00e4te pre obojru\u010dn\u00e9 ovl\u00e1danie.<\/p>\n<h3>Klasick\u00fd profil oboj\u017eiveln\u00edka<\/h3>\n<p>Osobitn\u00e1 geometria \u010depele Amphibian bola ikonou Microtech, navrhnut\u00e1 pre v\u0161estrann\u00fd rezn\u00fd v\u00fdkon, ktor\u00fd vynik\u00e1 v presn\u00fdch \u00faloh\u00e1ch aj v n\u00e1ro\u010dnej\u0161\u00edch aplik\u00e1ci\u00e1ch.<\/p>\n<h3>Zvlnen\u00e1 hlin\u00edkov\u00e1 kon\u0161trukcia<\/h3>\n<p>Presne dr\u00e1\u017ekovan\u00e1 hlin\u00edkov\u00e1 rukov\u00e4\u0165 6061-T6 zni\u017euje hmotnos\u0165 a z\u00e1rove\u0148 vytv\u00e1ra vizu\u00e1lne v\u00fdrazn\u00fd vzor a poskytuje dodato\u010dn\u00fa \u0161trukt\u00faru uchopenia. Anodiz\u00e1cia Tan dod\u00e1va hrejiv\u00fd, taktick\u00fd vzh\u013ead.<\/p>\n<h3>Pr\u00e9miov\u00e9 komponenty<\/h3>\n<ul>\n<li>Jednostrann\u00e1 \u010depe\u013e Bohler M390MK s povrchovou \u00fapravou DLC<\/li>\n<li>Vr\u00fabkovan\u00e1 hlin\u00edkov\u00e1 rukov\u00e4\u0165 6061-T6 (Tan)<\/li>\n<li>Zamykac\u00ed mechanizmus prie\u010dky RAM-LOK<\/li>\n<li>Obojstrann\u00e1 tit\u00e1nov\u00e1 vreckov\u00e1 spona<\/li>\n<li>Konfigur\u00e1cia nosenia nakl\u00e1pa\u010da<\/li>\n<\/ul>\n<h3>\u0160pecifik\u00e1cie<\/h3>\n<table class=\"shop_attributes\">\n<tbody>\n<tr>\n<td><strong>Typ<\/strong><\/td>\n<td>Manu\u00e1lny prie\u010dinok<\/td>\n<\/tr>\n<tr>\n<td><strong>D\u013a\u017eka \u010depele<\/strong><\/td>\n<td>3,90&#8243;<\/td>\n<\/tr>\n<tr>\n<td><strong>Celkov\u00e1 d\u013a\u017eka<\/strong><\/td>\n<td>9,25&#8243;<\/td>\n<\/tr>\n<tr>\n<td><strong>Zatvoren\u00e1 d\u013a\u017eka<\/strong><\/td>\n<td>5,38&#8243;<\/td>\n<\/tr>\n<tr>\n<td><strong>Blade Steel<\/strong><\/td>\n<td>Bohler M390MK<\/td>\n<\/tr>\n<tr>\n<td><strong>Materi\u00e1l rukov\u00e4te<\/strong><\/td>\n<td>Hlin\u00edk 6061-T6, dr\u00e1\u017ekovan\u00fd (Tan)<\/td>\n<\/tr>\n<tr>\n<td><strong>Hmotnos\u0165<\/strong><\/td>\n<td>5,90 oz<\/td>\n<\/tr>\n<tr>\n<td><strong>Uzamkn\u00fa\u0165<\/strong><\/td>\n<td>RAM-LOK Bar Lock<\/td>\n<\/tr>\n<tr>\n<td><strong>\u0160t\u00fdl \u010depele<\/strong><\/td>\n<td>Single Edge (S\/E)<\/td>\n<\/tr>\n<tr>\n<td><strong>Kone\u010dn\u00e1 \u00faprava \u010depele<\/strong><\/td>\n<td>\u010cierne DLC<\/td>\n<\/tr>\n<tr>\n<td><strong>Typ okraja<\/strong><\/td>\n<td>\u010ciasto\u010dne z\u00fabkovan\u00e9<\/td>\n<\/tr>\n<tr>\n<td><strong>Vreckov\u00e1 spona<\/strong><\/td>\n<td>Obojstrann\u00fd tit\u00e1n, sklopn\u00fd<\/td>\n<\/tr>\n<tr>\n<td><strong>Krajina p\u00f4vodu<\/strong><\/td>\n<td>USA<\/td>\n<\/tr>\n<\/tbody>\n<\/table>\n","protected":false},"excerpt":{"rendered":"<p>Oboj\u017eiveln\u00edk RAM-LOK manu\u00e1lny prie\u010dinok v hnedej farbe s \u010diernou DLC \u010diasto\u010dne z\u00fabkovanou \u010depe\u013eou M390MK s jedn\u00fdm ostr\u00edm. Dr\u00e1\u017ekovan\u00e1 hlin\u00edkov\u00e1 rukov\u00e4\u0165 s ty\u010dov\u00fdm z\u00e1mkom RAM-LOK. 3,90\u2033 \u010depe\u013e, celkov\u00e1 d\u013a\u017eka 9,25\u2033, 5,9 oz.<\/p>\n","protected":false},"featured_media":732862,"template":"","meta":{"_acf_changed":false},"product_brand":[15534],"product_cat":[15381,15358],"product_tag":[],"class_list":{"0":"post-732861","1":"product","2":"type-product","3":"status-publish","4":"has-post-thumbnail","6":"product_brand-microtech","7":"product_cat-folding-knives-cs","8":"product_cat-knives-sk","10":"first","11":"instock","12":"taxable","13":"shipping-taxable","14":"purchasable","15":"product-type-simple"},"acf":[],"_links":{"self":[{"href":"https:\/\/nbg.eu\/sk\/wp-json\/wp\/v2\/product\/732861","targetHints":{"allow":["GET"]}}],"collection":[{"href":"https:\/\/nbg.eu\/sk\/wp-json\/wp\/v2\/product"}],"about":[{"href":"https:\/\/nbg.eu\/sk\/wp-json\/wp\/v2\/types\/product"}],"wp:featuredmedia":[{"embeddable":true,"href":"https:\/\/nbg.eu\/sk\/wp-json\/wp\/v2\/media\/732862"}],"wp:attachment":[{"href":"https:\/\/nbg.eu\/sk\/wp-json\/wp\/v2\/media?parent=732861"}],"wp:term":[{"taxonomy":"product_brand","embeddable":true,"href":"https:\/\/nbg.eu\/sk\/wp-json\/wp\/v2\/product_brand?post=732861"},{"taxonomy":"product_cat","embeddable":true,"href":"https:\/\/nbg.eu\/sk\/wp-json\/wp\/v2\/product_cat?post=732861"},{"taxonomy":"product_tag","embeddable":true,"href":"https:\/\/nbg.eu\/sk\/wp-json\/wp\/v2\/product_tag?post=732861"}],"curies":[{"name":"wp","href":"https:\/\/api.w.org\/{rel}","templated":true}]}}