{"id":732865,"date":"2026-03-13T17:33:09","date_gmt":"2026-03-13T14:33:09","guid":{"rendered":"https:\/\/nbg.eu\/product\/microtech-msi-s-e-black-standard-frag-aluminum-od-green\/"},"modified":"2026-03-16T13:04:02","modified_gmt":"2026-03-16T10:04:02","slug":"microtech-msi-s-e-black-standard-frag-aluminum-od-green","status":"publish","type":"product","link":"https:\/\/nbg.eu\/sk\/produkt\/microtech-msi-s-e-black-standard-frag-aluminum-od-green\/","title":{"rendered":"Microtech MSI S\/E Black Standard Frag Aluminium OD Green"},"content":{"rendered":"<h2>Preh\u013ead<\/h2>\n<p>Microtech MSI (Microtech Standard Issue) predstavuje vrchol techniky ru\u010dn\u00e9ho sklada\u010da od Microtechu, ktor\u00fd kombinuje v\u00fdkonn\u00fa u\u017eito\u010dnos\u0165 s prepracovan\u00fdm dizajnom. Tento variant OD Green Frag je vybaven\u00fd dvojfarebnou \u010diernou \u010depe\u013eou M390MK s jedn\u00fdm ostr\u00edm vo v\u00fdraznej hlin\u00edkovej rukov\u00e4ti so vzorom fragmentov, ktor\u00e1 poskytuje vizu\u00e1lne rozl\u00ed\u0161enie a vylep\u0161en\u00fa \u0161trukt\u00faru uchopenia. Li\u0161tov\u00fd uzamykac\u00ed mechanizmus RAM-LOK poskytuje pevn\u00e9 uzamykanie s obojru\u010dn\u00fdm zatv\u00e1ran\u00edm bezpe\u010dn\u00fdm pre prsty, zatia\u013e \u010do ikonick\u00e9 tla\u010didlo X na oboch stran\u00e1ch prid\u00e1va charakteristick\u00fd dotyk Microtech.<\/p>\n<h3>RAM-LOK Bar Lock System<\/h3>\n<p>Zamykac\u00ed syst\u00e9m v \u0161t\u00fdle prie\u010dnej ty\u010de vyu\u017e\u00edvaj\u00faci pevn\u00fd oce\u013eov\u00fd blok poh\u00e1\u0148an\u00fd jednou vinutou pru\u017einou, ktor\u00fd poskytuje zv\u00fd\u0161en\u00fa odolnos\u0165 a bezpe\u010dn\u00fd sp\u00f4sob zatv\u00e1rania no\u017ea z oboch str\u00e1n. RAM-LOK je jedn\u00fdm z najsilnej\u0161\u00edch a najspo\u013eahlivej\u0161\u00edch mechanizmov manu\u00e1lneho uzamknutia prie\u010dinkov.<\/p>\n<h3>Hlin\u00edkov\u00e1 rukov\u00e4\u0165 so vzorom fragmentov<\/h3>\n<p>Agres\u00edvny vzor fr\u00e9zovania triesok obroben\u00fd do hlin\u00edkovej rukov\u00e4te 6061-T6 vytv\u00e1ra v\u00fdrazn\u00e9 taktick\u00e9 estetick\u00e9 a funk\u010dn\u00e9 vylep\u0161enie \u00fachopu. Tvrden\u00e9 oce\u013eov\u00e9 krycie platne dod\u00e1vaj\u00fa kon\u0161truk\u010dn\u00fa tuhos\u0165.<\/p>\n<h3>Ikonick\u00e9 tla\u010didlo X<\/h3>\n<p>Tla\u010didlo X, ktor\u00e9 je charakteristick\u00e9 pre MSI na oboch stran\u00e1ch rukov\u00e4te, poskytuje v\u00fdrazn\u00fd vizu\u00e1lny prvok a z\u00e1rove\u0148 sl\u00fa\u017ei ako hmatov\u00fd referen\u010dn\u00fd bod pre orient\u00e1ciu uchopenia.<\/p>\n<h3>Pr\u00e9miov\u00e9 komponenty<\/h3>\n<ul>\n<li>Jednob\u0159it\u00e1 \u010depe\u013e Bohler M390MK<\/li>\n<li>Hlin\u00edkov\u00e1 rukov\u00e4\u0165 so zelen\u00fdm vzorom fragmentov 6061-T6<\/li>\n<li>Vlo\u017ekov\u00e9 dosky z tvrdenej ocele<\/li>\n<li>Zamykac\u00ed mechanizmus prie\u010dky RAM-LOK<\/li>\n<li>Titanov\u00fd backspacer<\/li>\n<li>Obojstrann\u00e1 vreckov\u00e1 spona na nosenie v \u013eavej ruke<\/li>\n<li>Ikonick\u00e9 tla\u010didlo X (na oboch stran\u00e1ch)<\/li>\n<\/ul>\n<h3>\u0160pecifik\u00e1cie<\/h3>\n<table class=\"shop_attributes\">\n<tbody>\n<tr>\n<td><strong>Typ<\/strong><\/td>\n<td>Manu\u00e1lny prie\u010dinok<\/td>\n<\/tr>\n<tr>\n<td><strong>D\u013a\u017eka \u010depele<\/strong><\/td>\n<td>3,88&#8243;<\/td>\n<\/tr>\n<tr>\n<td><strong>Celkov\u00e1 d\u013a\u017eka<\/strong><\/td>\n<td>8,93&#8243;<\/td>\n<\/tr>\n<tr>\n<td><strong>Hr\u00fabka \u010depele<\/strong><\/td>\n<td>0,16&#8243;<\/td>\n<\/tr>\n<tr>\n<td><strong>Blade Steel<\/strong><\/td>\n<td>Bohler M390MK<\/td>\n<\/tr>\n<tr>\n<td><strong>Materi\u00e1l rukov\u00e4te<\/strong><\/td>\n<td>Hlin\u00edk 6061-T6, zlomkov\u00fd vzor (OD zelen\u00e1)<\/td>\n<\/tr>\n<tr>\n<td><strong>Hmotnos\u0165<\/strong><\/td>\n<td>5,00 oz<\/td>\n<\/tr>\n<tr>\n<td><strong>Uzamkn\u00fa\u0165<\/strong><\/td>\n<td>RAM-LOK Bar Lock<\/td>\n<\/tr>\n<tr>\n<td><strong>\u0160t\u00fdl \u010depele<\/strong><\/td>\n<td>Single Edge (S\/E)<\/td>\n<\/tr>\n<tr>\n<td><strong>Kone\u010dn\u00e1 \u00faprava \u010depele<\/strong><\/td>\n<td>\u010cierna (dvojfarebn\u00e1)<\/td>\n<\/tr>\n<tr>\n<td><strong>Typ okraja<\/strong><\/td>\n<td>Oby\u010dajn\u00e9<\/td>\n<\/tr>\n<tr>\n<td><strong>Krajina p\u00f4vodu<\/strong><\/td>\n<td>USA<\/td>\n<\/tr>\n<\/tbody>\n<\/table>\n","protected":false},"excerpt":{"rendered":"<p>Manu\u00e1lny sklada\u010dka MSI (Microtech Standard Issue) z hlin\u00edka OD Green Frag s dvojfarebnou \u010diernou \u010depe\u013eou M390MK s jedn\u00fdm ostr\u00edm. Li\u0161tov\u00fd z\u00e1mok RAM-LOK s ikonick\u00fdm tla\u010didlom X. 3,88\u2033 \u010depe\u013e, celkov\u00e1 d\u013a\u017eka 8,93\u2033, 5,0 oz.<\/p>\n","protected":false},"featured_media":732866,"template":"","meta":{"_acf_changed":false},"product_brand":[15534],"product_cat":[15381,15358],"product_tag":[],"class_list":{"0":"post-732865","1":"product","2":"type-product","3":"status-publish","4":"has-post-thumbnail","6":"product_brand-microtech","7":"product_cat-folding-knives-cs","8":"product_cat-knives-sk","10":"first","11":"instock","12":"taxable","13":"shipping-taxable","14":"purchasable","15":"product-type-simple"},"acf":[],"_links":{"self":[{"href":"https:\/\/nbg.eu\/sk\/wp-json\/wp\/v2\/product\/732865","targetHints":{"allow":["GET"]}}],"collection":[{"href":"https:\/\/nbg.eu\/sk\/wp-json\/wp\/v2\/product"}],"about":[{"href":"https:\/\/nbg.eu\/sk\/wp-json\/wp\/v2\/types\/product"}],"wp:featuredmedia":[{"embeddable":true,"href":"https:\/\/nbg.eu\/sk\/wp-json\/wp\/v2\/media\/732866"}],"wp:attachment":[{"href":"https:\/\/nbg.eu\/sk\/wp-json\/wp\/v2\/media?parent=732865"}],"wp:term":[{"taxonomy":"product_brand","embeddable":true,"href":"https:\/\/nbg.eu\/sk\/wp-json\/wp\/v2\/product_brand?post=732865"},{"taxonomy":"product_cat","embeddable":true,"href":"https:\/\/nbg.eu\/sk\/wp-json\/wp\/v2\/product_cat?post=732865"},{"taxonomy":"product_tag","embeddable":true,"href":"https:\/\/nbg.eu\/sk\/wp-json\/wp\/v2\/product_tag?post=732865"}],"curies":[{"name":"wp","href":"https:\/\/api.w.org\/{rel}","templated":true}]}}