{"id":732873,"date":"2026-03-13T17:33:20","date_gmt":"2026-03-13T14:33:20","guid":{"rendered":"https:\/\/nbg.eu\/product\/microtech-6-utility-knife-stonewash-titanium-bolster-black-g-10\/"},"modified":"2026-03-16T13:04:17","modified_gmt":"2026-03-16T10:04:17","slug":"microtech-6-utility-knife-stonewash-titanium-bolster-black-g-10","status":"publish","type":"product","link":"https:\/\/nbg.eu\/sk\/produkt\/microtech-6-utility-knife-stonewash-titanium-bolster-black-g-10\/","title":{"rendered":"Microtech 6&#8243; \u00fa\u017eitkov\u00fd n\u00f4\u017e Stonewash Titanium Bolster Black G-10"},"content":{"rendered":"<h2>Preh\u013ead<\/h2>\n<p>N\u00e1strojov\u00fd n\u00f4\u017e Microtech 6&#8243; prin\u00e1\u0161a do kulin\u00e1rskeho sveta rovnak\u00fa nekompromisn\u00fa kvalitu a prec\u00edznos\u0165 in\u017einierstva ako v taktick\u00fdch no\u017eoch Microtech. Tento n\u00f4\u017e premos\u0165uje medzeru medzi kr\u00e1jac\u00edm no\u017eom a kuch\u00e1rskym no\u017eom so svojou \u0161t\u00edhlou, no robustnou 6-palcovou \u010depe\u013eou M390MK, ktor\u00e1 je ide\u00e1lna na kr\u00e1janie ovocia, zeleniny a pr\u00edli\u0161 ve\u013ek\u00fdch pe\u010den\u00fdch v\u00fdrobkov. bezpe\u010dn\u00fd pre potraviny, povrch s n\u00edzkym leskom a vynikaj\u00facou odolnos\u0165ou proti kor\u00f3zii, zatia\u013e \u010do tit\u00e1nov\u00e9 podpery a \u010dierna rukov\u00e4\u0165 G-10 poskytuj\u00fa \u00fachop na profesion\u00e1lnej \u00farovni, ktor\u00fd zost\u00e1va bezpe\u010dn\u00fd, aj ke\u010f je mokr\u00fd.<\/p>\n<h3>Kulin\u00e1rsky n\u00f4\u017e M390MK<\/h3>\n<p>Rovnak\u00e1 oce\u013e Bohler M390MK, ktor\u00e1 sa pou\u017e\u00edva v taktick\u00fdch no\u017eoch Microtech, zabezpe\u010duje ostros\u0165 ostria, v\u00fdnimo\u010dn\u00fa odolnos\u0165 proti kor\u00f3zii a jednoduch\u00e9 prebr\u00fasenie pre roky profesion\u00e1lneho pou\u017e\u00edvania v kuchyni.<\/p>\n<h3>Kon\u0161trukcia tit\u00e1novej podpery<\/h3>\n<p>Otryskan\u00e9 tit\u00e1nov\u00e9 podlo\u017eky 6AL-4V poskytuj\u00fa pohodln\u00fd a vyv\u00e1\u017een\u00fd pocit s prirodzen\u00fdm prechodom medzi rukov\u00e4\u0165ou a \u010depe\u013eou. Tit\u00e1n neprid\u00e1va prakticky \u017eiadnu v\u00e1hu a z\u00e1rove\u0148 poskytuje v\u00fdnimo\u010dn\u00fa odolnos\u0165.<\/p>\n<h3>Rukov\u00e4\u0165 v\u00e1hy G-10<\/h3>\n<p>\u010cierne v\u00e1hy z kompozitn\u00e9ho materi\u00e1lu G-10 s\u00fa odoln\u00e9 vo\u010di vlhkosti, teplu a chemik\u00e1li\u00e1m, ktor\u00e9 sa nach\u00e1dzaj\u00fa v profesion\u00e1lnych kuchyniach, a zais\u0165uj\u00fa tak hygienick\u00fd a odoln\u00fd povrch uchopenia.<\/p>\n<h3>Pr\u00e9miov\u00e9 komponenty<\/h3>\n<ul>\n<li>\u010cepe\u013e Bohler M390MK s ploch\u00fdm br\u00fasen\u00edm a povrchovou \u00fapravou Stonewash<\/li>\n<li>Otryskan\u00e9 tit\u00e1nov\u00e9 podpery 6AL-4V<\/li>\n<li>\u010cierna v\u00e1ha s rukov\u00e4\u0165ou G-10<\/li>\n<li>Kon\u0161trukcia odoln\u00e1 vo\u010di kor\u00f3zii bezpe\u010dn\u00e1 pre potraviny<\/li>\n<li>Do\u017eivotn\u00e1 z\u00e1ruka<\/li>\n<\/ul>\n<h3>\u0160pecifik\u00e1cie<\/h3>\n<table class=\"shop_attributes\">\n<tbody>\n<tr>\n<td><strong>Typ<\/strong><\/td>\n<td>Pevn\u00e1 \u010depe\u013e (kulin\u00e1rska)<\/td>\n<\/tr>\n<tr>\n<td><strong>D\u013a\u017eka \u010depele<\/strong><\/td>\n<td>6,00&#8243;<\/td>\n<\/tr>\n<tr>\n<td><strong>Celkov\u00e1 d\u013a\u017eka<\/strong><\/td>\n<td>10,54&#8243;<\/td>\n<\/tr>\n<tr>\n<td><strong>Blade Steel<\/strong><\/td>\n<td>Bohler M390MK<\/td>\n<\/tr>\n<tr>\n<td><strong>Kone\u010dn\u00e1 \u00faprava \u010depele<\/strong><\/td>\n<td>Stoneash<\/td>\n<\/tr>\n<tr>\n<td><strong>Blade Grind<\/strong><\/td>\n<td>Ploch\u00e9<\/td>\n<\/tr>\n<tr>\n<td><strong>Materi\u00e1l rukov\u00e4te<\/strong><\/td>\n<td>\u010cierny G-10 s tit\u00e1nov\u00fdmi podperami<\/td>\n<\/tr>\n<tr>\n<td><strong>Materi\u00e1l podlo\u017eky<\/strong><\/td>\n<td>Tit\u00e1n 6AL-4V otryskan\u00fd gu\u013e\u00f4\u010dkami<\/td>\n<\/tr>\n<tr>\n<td><strong>Hmotnos\u0165<\/strong><\/td>\n<td>4,54 oz<\/td>\n<\/tr>\n<tr>\n<td><strong>Krajina p\u00f4vodu<\/strong><\/td>\n<td>USA<\/td>\n<\/tr>\n<\/tbody>\n<\/table>\n","protected":false},"excerpt":{"rendered":"<p>Microtech 6\u2033 kuchynsk\u00fd n\u00f4\u017e s \u010depe\u013eou Stonewash M390MK, tit\u00e1nov\u00fdmi podperami a \u010diernou rukov\u00e4\u0165ou z G-10. Premos\u0165uje medzeru medzi kr\u00e1jan\u00edm a kuch\u00e1rskym no\u017eom. 6,00\u2033 \u010depe\u013e, celkov\u00e1 d\u013a\u017eka 10,54\u2033, 4,54 oz.<\/p>\n","protected":false},"featured_media":732874,"template":"","meta":{"_acf_changed":false},"product_brand":[15534],"product_cat":[15870,15358],"product_tag":[],"class_list":{"0":"post-732873","1":"product","2":"type-product","3":"status-publish","4":"has-post-thumbnail","6":"product_brand-microtech","7":"product_cat-fixed-blade-knives-sk","8":"product_cat-knives-sk","10":"first","11":"outofstock","12":"taxable","13":"shipping-taxable","14":"purchasable","15":"product-type-simple"},"acf":[],"_links":{"self":[{"href":"https:\/\/nbg.eu\/sk\/wp-json\/wp\/v2\/product\/732873","targetHints":{"allow":["GET"]}}],"collection":[{"href":"https:\/\/nbg.eu\/sk\/wp-json\/wp\/v2\/product"}],"about":[{"href":"https:\/\/nbg.eu\/sk\/wp-json\/wp\/v2\/types\/product"}],"wp:featuredmedia":[{"embeddable":true,"href":"https:\/\/nbg.eu\/sk\/wp-json\/wp\/v2\/media\/732874"}],"wp:attachment":[{"href":"https:\/\/nbg.eu\/sk\/wp-json\/wp\/v2\/media?parent=732873"}],"wp:term":[{"taxonomy":"product_brand","embeddable":true,"href":"https:\/\/nbg.eu\/sk\/wp-json\/wp\/v2\/product_brand?post=732873"},{"taxonomy":"product_cat","embeddable":true,"href":"https:\/\/nbg.eu\/sk\/wp-json\/wp\/v2\/product_cat?post=732873"},{"taxonomy":"product_tag","embeddable":true,"href":"https:\/\/nbg.eu\/sk\/wp-json\/wp\/v2\/product_tag?post=732873"}],"curies":[{"name":"wp","href":"https:\/\/api.w.org\/{rel}","templated":true}]}}