{"id":734331,"date":"2026-03-24T13:40:18","date_gmt":"2026-03-24T10:40:18","guid":{"rendered":"https:\/\/nbg.eu\/product\/zasobnik-bergara-b14-aics-short-action-10-nabojov\/"},"modified":"2026-04-02T14:38:00","modified_gmt":"2026-04-02T11:38:00","slug":"zasobnik-bergara-b14-aics-short-action-10-nabojov","status":"publish","type":"product","link":"https:\/\/nbg.eu\/sk\/produkt\/zasobnik-bergara-b14-aics-short-action-10-nabojov\/","title":{"rendered":"Z\u00e1sobn\u00edk Bergara B14 AICS Short Action 10 n\u00e1bojov"},"content":{"rendered":"<h2>Bergara B14 AICS Magazine Short Action 10-Round<\/h2>\n<p>Origin\u00e1lny 10-n\u00e1bojov\u00fd AICS z\u00e1sobn\u00edk pre B14 HMR. Kompatibiln\u00fd s 6.5 Creedmoor a .308 Win.<\/p>\n<table class=\"product-specs\">\n<tbody>\n<tr>\n<th>R\u00e1\u017ea<\/th>\n<td>6.5 Creedmoor \/ .308 Win<\/td>\n<\/tr>\n<tr>\n<th>Kapacita z\u00e1sobn\u00edka<\/th>\n<td>10 rounds<\/td>\n<\/tr>\n<tr>\n<th>Platform<\/th>\n<td>Bergara B14 Short Action (AICS)<\/td>\n<\/tr>\n<tr>\n<th>Materi\u00e1l<\/th>\n<td>Polyamide<\/td>\n<\/tr>\n<tr>\n<th>Manufacturer<\/th>\n<td>Bergara, Spain<\/td>\n<\/tr>\n<\/tbody>\n<\/table>\n","protected":false},"excerpt":{"rendered":"<p>Origin\u00e1lny 10-n\u00e1bojov\u00fd slim-line z\u00e1sobn\u00edk Bergara pre B14 AICS Short Action pu\u0161ky. Kompatibiln\u00fd s 6.5 Creedmoor, .308 Win. \u013dahk\u00e1 polym\u00e9rov\u00e1 kon\u0161trukcia pre spo\u013eahliv\u00e9 pod\u00e1vanie na s\u00fa\u0165a\u017eiach a po\u013eova\u010dk\u00e1ch.<\/p>\n","protected":false},"featured_media":734332,"template":"","meta":{"_acf_changed":false},"product_brand":[16022],"product_cat":[13404],"product_tag":[],"class_list":{"0":"post-734331","1":"product","2":"type-product","3":"status-publish","4":"has-post-thumbnail","6":"product_brand-bergara","7":"product_cat-zasobniky-na-pusky","9":"first","10":"instock","11":"taxable","12":"shipping-taxable","13":"purchasable","14":"product-type-simple"},"acf":[],"_links":{"self":[{"href":"https:\/\/nbg.eu\/sk\/wp-json\/wp\/v2\/product\/734331","targetHints":{"allow":["GET"]}}],"collection":[{"href":"https:\/\/nbg.eu\/sk\/wp-json\/wp\/v2\/product"}],"about":[{"href":"https:\/\/nbg.eu\/sk\/wp-json\/wp\/v2\/types\/product"}],"wp:featuredmedia":[{"embeddable":true,"href":"https:\/\/nbg.eu\/sk\/wp-json\/wp\/v2\/media\/734332"}],"wp:attachment":[{"href":"https:\/\/nbg.eu\/sk\/wp-json\/wp\/v2\/media?parent=734331"}],"wp:term":[{"taxonomy":"product_brand","embeddable":true,"href":"https:\/\/nbg.eu\/sk\/wp-json\/wp\/v2\/product_brand?post=734331"},{"taxonomy":"product_cat","embeddable":true,"href":"https:\/\/nbg.eu\/sk\/wp-json\/wp\/v2\/product_cat?post=734331"},{"taxonomy":"product_tag","embeddable":true,"href":"https:\/\/nbg.eu\/sk\/wp-json\/wp\/v2\/product_tag?post=734331"}],"curies":[{"name":"wp","href":"https:\/\/api.w.org\/{rel}","templated":true}]}}