{"id":74016,"date":"2024-01-30T18:02:27","date_gmt":"2024-01-30T18:02:27","guid":{"rendered":"https:\/\/nbg.eu\/product\/holosun-hs403b\/"},"modified":"2026-01-21T11:45:38","modified_gmt":"2026-01-21T08:45:38","slug":"holosun-hs403b","status":"publish","type":"product","link":"https:\/\/nbg.eu\/sk\/produkt\/holosun-hs403b\/","title":{"rendered":"Holosun HS403B"},"content":{"rendered":"<div class=\"product-description\">\n<h2>Holosun HS403B Micro Red Dot zameriava\u010d<\/h2>\n<p>Holosun HS403B je kompaktn\u00fd 20mm mikro zameriava\u010d vhodn\u00fd pre pu\u0161ky a karab\u00edny. Vlastnosti:<\/p>\n<ul>\n<li>\u010cerven\u00e1 Super LED s v\u00fddr\u017eou bat\u00e9rie 50 000 hod\u00edn<\/li>\n<li>10 denn\u00fdch a 2 nastavenia z\u00e1mernej osnovy kompatibiln\u00e9 s no\u010dn\u00fdm viden\u00edm<\/li>\n<li>Kryt z hlin\u00edka 6061<\/li>\n<li>Mont\u00e1\u017e pre spolusledovanie spodnej 1\/3 (1,63&#8243;) a n\u00edzka mont\u00e1\u017e (0,75&#8243;) v balen\u00ed<\/li>\n<li>Technol\u00f3gia Shake Awake pre pred\u013a\u017eenie \u017eivotnosti bat\u00e9rie<\/li>\n<li>Digit\u00e1lne tla\u010didl\u00e1 pre jednoduch\u00e9 nastavenie<\/li>\n<li>Gumen\u00e9 kryty \u0161o\u0161oviek na ochranu<\/li>\n<li>Bo\u010dne umiestnen\u00fd z\u00e1sobn\u00edk na bat\u00e9riu 2032 pre pohodln\u00fa v\u00fdmenu<\/li>\n<\/ul>\n<p>HS403B je vhodn\u00fd pre strelcov v\u0161etk\u00fdch \u00farovn\u00ed. Vodotesn\u00fd pod\u013ea normy IP67 a odoln\u00fd vo\u010di vibr\u00e1ci\u00e1m do 1000G, tento zameriava\u010d je kon\u0161truovan\u00fd na fungovanie v r\u00f4znych podmienkach.<\/p>\n<\/div>\n","protected":false},"excerpt":{"rendered":"<p>Kompaktn\u00fd 20mm \u010derven\u00fd bodov\u00fd zameriava\u010d s 50-tis\u00edchodinovou v\u00fddr\u017eou bat\u00e9rie a v\u0161estrann\u00fdm upevnen\u00edm.<\/p>\n","protected":false},"featured_media":72274,"template":"","meta":{"_acf_changed":false},"product_brand":[11442],"product_cat":[13369,13357,13348],"product_tag":[],"class_list":{"0":"post-74016","1":"product","2":"type-product","3":"status-publish","4":"has-post-thumbnail","6":"product_brand-holosun","7":"product_cat-kolimatory","8":"product_cat-kolimatory-na-pusky","9":"product_cat-mierenie","11":"first","12":"instock","13":"taxable","14":"shipping-taxable","15":"purchasable","16":"product-type-simple"},"acf":[],"_links":{"self":[{"href":"https:\/\/nbg.eu\/sk\/wp-json\/wp\/v2\/product\/74016","targetHints":{"allow":["GET"]}}],"collection":[{"href":"https:\/\/nbg.eu\/sk\/wp-json\/wp\/v2\/product"}],"about":[{"href":"https:\/\/nbg.eu\/sk\/wp-json\/wp\/v2\/types\/product"}],"wp:featuredmedia":[{"embeddable":true,"href":"https:\/\/nbg.eu\/sk\/wp-json\/wp\/v2\/media\/72274"}],"wp:attachment":[{"href":"https:\/\/nbg.eu\/sk\/wp-json\/wp\/v2\/media?parent=74016"}],"wp:term":[{"taxonomy":"product_brand","embeddable":true,"href":"https:\/\/nbg.eu\/sk\/wp-json\/wp\/v2\/product_brand?post=74016"},{"taxonomy":"product_cat","embeddable":true,"href":"https:\/\/nbg.eu\/sk\/wp-json\/wp\/v2\/product_cat?post=74016"},{"taxonomy":"product_tag","embeddable":true,"href":"https:\/\/nbg.eu\/sk\/wp-json\/wp\/v2\/product_tag?post=74016"}],"curies":[{"name":"wp","href":"https:\/\/api.w.org\/{rel}","templated":true}]}}