{"id":74154,"date":"2024-10-18T22:52:52","date_gmt":"2024-10-18T19:52:52","guid":{"rendered":"https:\/\/nbg.eu\/product\/mag-release-button-kmr-black\/"},"modified":"2026-04-16T18:49:01","modified_gmt":"2026-04-16T15:49:01","slug":"tlacidlo-uvolnenia-zasobnika-kmr-cierne","status":"publish","type":"product","link":"https:\/\/nbg.eu\/sk\/produkt\/tlacidlo-uvolnenia-zasobnika-kmr-cierne\/","title":{"rendered":"KMR Tla\u010didlo Z\u00e1sobn\u00edka \u0160tandardn\u00fd \u010cierny"},"content":{"rendered":"<h2>Mag Release Button KMR &#8211; \u010cierna<\/h2>\n<p>Mag Release Button KMR je nevyhnutn\u00e9 pr\u00edslu\u0161enstvo pre va\u0161e zbra\u0148ov\u00e9 syst\u00e9my, navrhnut\u00e9 tak, aby poskytovalo bezpe\u010dn\u00fd a spo\u013eahliv\u00fd mechanizmus uvo\u013enenia z\u00e1sobn\u00edka.<\/p>\n<p>S elegantn\u00fdm \u010diernym povrchom Mag Release Button KMR nielen pln\u00ed svoju funkciu, ale aj dod\u00e1va zbraniach taktick\u00fd \u0161t\u00fdl. Vyroben\u00e9 z odoln\u00fdch materi\u00e1lov, toto tla\u010didlo zaru\u010duje hladk\u00e9 a spo\u013eahliv\u00e9 uvo\u013enenie z\u00e1sobn\u00edka pri ka\u017edom pou\u017eit\u00ed, \u010do umo\u017e\u0148uje r\u00fdchle dob\u00edjanie a plynul\u00fd prechod medzi v\u00fdstrelmi.<\/p>\n<p>\u010ci u\u017e ste profesion\u00e1lny strelec alebo len za\u010d\u00ednate, Mag Release Button KMR je nevyhnutn\u00fdm doplnkom, ktor\u00fd m\u00f4\u017ee zlep\u0161i\u0165 v\u00fdkon a spo\u013eahlivos\u0165 va\u0161ich zbra\u0148ov\u00fdch syst\u00e9mov. V\u010faka svojej univerz\u00e1lnej kompatibilite a robustn\u00e9mu dizajnu je toto tla\u010didlo nevyhnutnou s\u00fa\u010das\u0165ou pre ka\u017ed\u00e9ho v\u00e1\u017eneho nad\u0161enca do streln\u00fdch zbran\u00ed.<\/p>\n<p>Pre zbrane KMR:<\/p>\n<p>KMR L-02 EMIQ<\/p>\n<p>KMR L-02 EMIQ (OR)<\/p>\n<p>KMR L-02 ORCA DO 2023<\/p>\n<p>KMR L-02 SPECTRA OD 2024<\/p>\n<p>KMR L-02 SPECTRA DO 2023<\/p>\n<p>KMR L-02 UMBRA OD 2024<\/p>\n<p>KMR L-02 UMBRA DO 2023<\/p>\n<p>KMR S-01 LANCE (OR)<\/p>\n<p>KMR S-02 DO 2023<\/p>\n<p>KMR W-02 CUDA OD 2024<\/p>\n<p>KMR W-02 CUDA DO 2023<\/p>\n<p>KMR W-02 UMBRA<\/p>\n<p>KMR W-02 UMBRA (OR)<\/p>\n<p>Referencia 0180-00801-0101<\/p>\n","protected":false},"excerpt":{"rendered":"<p>Uvo\u013e\u0148ovacie tla\u010didlo z\u00e1sobn\u00edka pre zbrane KMR, dostupn\u00e9 v \u010diernej farbe.<\/p>\n","protected":false},"featured_media":72250,"template":"","meta":{"_acf_changed":false},"product_brand":[11505],"product_cat":[13347],"product_tag":[],"class_list":{"0":"post-74154","1":"product","2":"type-product","3":"status-publish","4":"has-post-thumbnail","6":"product_brand-kmr-precision","7":"product_cat-kmr-diely","9":"first","10":"instock","11":"taxable","12":"shipping-taxable","13":"purchasable","14":"product-type-simple"},"acf":[],"_links":{"self":[{"href":"https:\/\/nbg.eu\/sk\/wp-json\/wp\/v2\/product\/74154","targetHints":{"allow":["GET"]}}],"collection":[{"href":"https:\/\/nbg.eu\/sk\/wp-json\/wp\/v2\/product"}],"about":[{"href":"https:\/\/nbg.eu\/sk\/wp-json\/wp\/v2\/types\/product"}],"wp:featuredmedia":[{"embeddable":true,"href":"https:\/\/nbg.eu\/sk\/wp-json\/wp\/v2\/media\/72250"}],"wp:attachment":[{"href":"https:\/\/nbg.eu\/sk\/wp-json\/wp\/v2\/media?parent=74154"}],"wp:term":[{"taxonomy":"product_brand","embeddable":true,"href":"https:\/\/nbg.eu\/sk\/wp-json\/wp\/v2\/product_brand?post=74154"},{"taxonomy":"product_cat","embeddable":true,"href":"https:\/\/nbg.eu\/sk\/wp-json\/wp\/v2\/product_cat?post=74154"},{"taxonomy":"product_tag","embeddable":true,"href":"https:\/\/nbg.eu\/sk\/wp-json\/wp\/v2\/product_tag?post=74154"}],"curies":[{"name":"wp","href":"https:\/\/api.w.org\/{rel}","templated":true}]}}