{"id":745524,"date":"2026-04-03T17:00:37","date_gmt":"2026-04-03T14:00:37","guid":{"rendered":"https:\/\/nbg.eu\/product\/turan-9x19mm-luger-fmj-124-gr-naboj\/"},"modified":"2026-04-03T17:09:57","modified_gmt":"2026-04-03T14:09:57","slug":"turan-9x19mm-luger-fmj-124-gr-naboj","status":"publish","type":"product","link":"https:\/\/nbg.eu\/sk\/produkt\/turan-9x19mm-luger-fmj-124-gr-naboj\/","title":{"rendered":"Turan 9x19mm Luger FMJ 124 gr n\u00e1boj"},"content":{"rendered":"<h2>Turan 9x19mm Luger FMJ 124 gr n\u00e1boj<\/h2>\n<p>Turan 9x19mm Luger FMJ n\u00e1boj, 124 grainov. Mosadzn\u00e1 n\u00e1bojnica, z\u00e1palka Boxer, nemagnetick\u00e1 FMJ strela. Vyroben\u00e9 v Turecku pod\u013ea NATO \u0161pecifik\u00e1ci\u00ed. \u00das\u0165ov\u00e1 r\u00fdchlos\u0165 370 m\/s. Na tr\u00e9ning, ter\u010dov\u00fa stre\u013ebu <\/p>\n<h3>Konzistentn\u00fd v\u00fdkon<\/h3>\n<p>S \u00fas\u0165ovou r\u00fdchlos\u0165ou 1214 fps (370 m\/s) a energiou 339 ft-lbs (460 J) tieto n\u00e1boje poskytuj\u00fa konzistentn\u00fa balistiku pre presn\u00fd tr\u00e9ning a s\u00fa\u0165a\u017ee. Hmotnos\u0165 124 grainov je NATO \u0161tandard pre 9mm s rovnov\u00e1hou medzi kontrolovate\u013en\u00fdm sp\u00e4tn\u00fdm r\u00e1zom a spo\u013eahlivou funkciou.<\/p>\n<h3>Praktick\u00e9 tr\u00e9ningov\u00e9 strelivo<\/h3>\n<p>Turan 9x19mm je navrhnut\u00e9 ako tr\u00e9ningov\u00e9 strelivo ve\u013ek\u00e9ho objemu za dostupn\u00fa cenu. Kombin\u00e1cia kvalitnej v\u00fdroby, NATO konzistencie a konkuren\u010dn\u00fdch cien ho rob\u00ed vynikaj\u00facou vo\u013ebou pre v\u00fdcvikov\u00e9 programy, streleck\u00e9 kluby a individu\u00e1lnu prax.<\/p>\n<table>\n<tbody>\n<tr>\n<td>R\u00e1\u017e<\/td>\n<td>9x19mm Luger \/ Parabellum<\/td>\n<\/tr>\n<tr>\n<td>Hmotnos\u0165 strely<\/td>\n<td>124 gr (8.0 g)<\/td>\n<\/tr>\n<tr>\n<td>Typ strely<\/td>\n<td>Full Metal Jacket (FMJ)<\/td>\n<\/tr>\n<tr>\n<td>\u00das\u0165ov\u00e1 r\u00fdchlos\u0165<\/td>\n<td>1,214 fps (370 m\/s)<\/td>\n<\/tr>\n<tr>\n<td>\u00das\u0165ov\u00e1 energia<\/td>\n<td>339 ft-lbs (460 J)<\/td>\n<\/tr>\n<tr>\n<td>Materi\u00e1l n\u00e1bojnice<\/td>\n<td>Mosadz, nov\u00e1<\/td>\n<\/tr>\n<tr>\n<td>Z\u00e1palka<\/td>\n<td>Boxer<\/td>\n<\/tr>\n<tr>\n<td>Magnetick\u00fd<\/td>\n<td>Nie<\/td>\n<\/tr>\n<tr>\n<td>Preb\u00edjate\u013en\u00fd<\/td>\n<td>\u00c1no<\/td>\n<\/tr>\n<tr>\n<td>V\u00fdrobca<\/td>\n<td>Turan, Turkey<\/td>\n<\/tr>\n<\/tbody>\n<\/table>\n","protected":false},"excerpt":{"rendered":"<p>Turan 9x19mm Luger FMJ n\u00e1boj, 124 grainov. Mosadzn\u00e1 n\u00e1bojnica, z\u00e1palka Boxer, nemagnetick\u00e1 FMJ strela. Vyroben\u00e9 v Turecku pod\u013ea NATO \u0161pecifik\u00e1ci\u00ed. \u00das\u0165ov\u00e1 r\u00fdchlos\u0165 370 m\/s. Na tr\u00e9ning, ter\u010dov\u00fa stre\u013ebu a s\u00fa\u0165a\u017ee. Predaj na kus.<\/p>\n","protected":false},"featured_media":745525,"template":"","meta":{"_acf_changed":false},"product_brand":[],"product_cat":[13400,13390],"product_tag":[],"class_list":{"0":"post-745524","1":"product","2":"type-product","3":"status-publish","4":"has-post-thumbnail","6":"product_cat-municia","7":"product_cat-municia-na-pistole","9":"first","10":"instock","11":"taxable","12":"shipping-taxable","13":"product-type-simple"},"acf":[],"_links":{"self":[{"href":"https:\/\/nbg.eu\/sk\/wp-json\/wp\/v2\/product\/745524","targetHints":{"allow":["GET"]}}],"collection":[{"href":"https:\/\/nbg.eu\/sk\/wp-json\/wp\/v2\/product"}],"about":[{"href":"https:\/\/nbg.eu\/sk\/wp-json\/wp\/v2\/types\/product"}],"wp:featuredmedia":[{"embeddable":true,"href":"https:\/\/nbg.eu\/sk\/wp-json\/wp\/v2\/media\/745525"}],"wp:attachment":[{"href":"https:\/\/nbg.eu\/sk\/wp-json\/wp\/v2\/media?parent=745524"}],"wp:term":[{"taxonomy":"product_brand","embeddable":true,"href":"https:\/\/nbg.eu\/sk\/wp-json\/wp\/v2\/product_brand?post=745524"},{"taxonomy":"product_cat","embeddable":true,"href":"https:\/\/nbg.eu\/sk\/wp-json\/wp\/v2\/product_cat?post=745524"},{"taxonomy":"product_tag","embeddable":true,"href":"https:\/\/nbg.eu\/sk\/wp-json\/wp\/v2\/product_tag?post=745524"}],"curies":[{"name":"wp","href":"https:\/\/api.w.org\/{rel}","templated":true}]}}