{"id":747897,"date":"2026-04-16T10:53:42","date_gmt":"2026-04-16T07:53:42","guid":{"rendered":"https:\/\/nbg.eu\/product\/kmr-odpajac-velkost-1\/"},"modified":"2026-04-16T18:46:40","modified_gmt":"2026-04-16T15:46:40","slug":"kmr-odpajac-velkost-1","status":"publish","type":"product","link":"https:\/\/nbg.eu\/sk\/produkt\/kmr-odpajac-velkost-1\/","title":{"rendered":"KMR Odp\u00e1ja\u010d Ve\u013ekos\u0165 1"},"content":{"rendered":"<h2>ODP\u00c1JA\u010c KMR VE\u013dKOS\u0164 1 0,2 -0,3<\/h2>\n<p>Sport odp\u00e1ja\u010d for KMR pistols. Designed for &#8222;tuning&#8220; sport pistols. It shortens the trigger travel, lightens the trigger and shortens the gun reset. This makes it suitable for sport shooters who want to minimize gun jerks and optimize accurate and fast shooting.<\/p>\n<p>For Weapons KMR:<br \/>\nKMR L-02 SPECTRA UNTIL 2023<br \/>\nKMR L-02 UMBRA (OR) SR<br \/>\nKMR S-01 LANCE (OR)<br \/>\nKMR S-02 FROM 2024<br \/>\nKMR S-02 UNTIL 2023<br \/>\nKMR W-02 UMBRA (OR)<\/p>\n<p>Reference 0740-00109-0000<\/p>\n","protected":false},"excerpt":{"rendered":"<p>Odp\u00e1ja\u010d KMR &#8211; sport, reduces trigger travel and reset.<\/p>\n","protected":false},"featured_media":25023,"template":"","meta":{"_acf_changed":false},"product_brand":[11505],"product_cat":[13347],"product_tag":[],"class_list":{"0":"post-747897","1":"product","2":"type-product","3":"status-publish","4":"has-post-thumbnail","6":"product_brand-kmr-precision","7":"product_cat-kmr-diely","9":"first","10":"instock","11":"taxable","12":"shipping-taxable","13":"product-type-variable","14":"wvs-archive-product-wrapper"},"acf":[],"_links":{"self":[{"href":"https:\/\/nbg.eu\/sk\/wp-json\/wp\/v2\/product\/747897","targetHints":{"allow":["GET"]}}],"collection":[{"href":"https:\/\/nbg.eu\/sk\/wp-json\/wp\/v2\/product"}],"about":[{"href":"https:\/\/nbg.eu\/sk\/wp-json\/wp\/v2\/types\/product"}],"wp:featuredmedia":[{"embeddable":true,"href":"https:\/\/nbg.eu\/sk\/wp-json\/wp\/v2\/media\/25023"}],"wp:attachment":[{"href":"https:\/\/nbg.eu\/sk\/wp-json\/wp\/v2\/media?parent=747897"}],"wp:term":[{"taxonomy":"product_brand","embeddable":true,"href":"https:\/\/nbg.eu\/sk\/wp-json\/wp\/v2\/product_brand?post=747897"},{"taxonomy":"product_cat","embeddable":true,"href":"https:\/\/nbg.eu\/sk\/wp-json\/wp\/v2\/product_cat?post=747897"},{"taxonomy":"product_tag","embeddable":true,"href":"https:\/\/nbg.eu\/sk\/wp-json\/wp\/v2\/product_tag?post=747897"}],"curies":[{"name":"wp","href":"https:\/\/api.w.org\/{rel}","templated":true}]}}