{"id":749344,"date":"2026-04-24T11:17:23","date_gmt":"2026-04-24T08:17:23","guid":{"rendered":"https:\/\/nbg.eu\/product\/eberlestock-wrs-retention-strap\/"},"modified":"2026-04-24T11:59:03","modified_gmt":"2026-04-24T08:59:03","slug":"eberlestock-wrs-retention-strap","status":"publish","type":"product","link":"https:\/\/nbg.eu\/sk\/produkt\/eberlestock-wrs-retention-strap\/","title":{"rendered":"Eberlestock WRS-Retention Strap"},"content":{"rendered":"<h2>Eberlestock WRS-Retention Strap<\/h2>\n<p>Eberlestock WRS Retention Strap je jednoduch\u00fd, ale vysoko \u00fa\u010dinn\u00fd doplnok navrhnut\u00fd na zlep\u0161enie kontroly a prisp\u00f4sobivosti v\u00e1\u0161ho nosn\u00e9ho syst\u00e9mu. Dostupn\u00fd v nieko\u013ek\u00fdch farebn\u00fdch variantoch zodpovedaj\u00facich v\u00e1\u0161mu existuj\u00facemu vybaveniu Eberlestock, tento \u013eahk\u00fd popruh poskytuje pou\u017e\u00edvate\u013eom v\u00e4\u010d\u0161iu flexibilitu pri zaisten\u00ed zbran\u00ed, vybavenia a pr\u00edslu\u0161enstva na platform\u00e1ch kompatibiln\u00fdch s MOLLE.<\/p>\n<h3>K\u013e\u00fa\u010dov\u00e9 vlastnosti<\/h3>\n<ul>\n<li>Univerz\u00e1lne MOLLE-kompatibiln\u00e9 uchytenie na pou\u017eitie s batohmi a pr\u00edslu\u0161enstvom Eberlestock<\/li>\n<li>Navrhnut\u00fd na zaistenie zbrane a v\u0161eobecn\u00e9 zaistenie v\u00fdbavy<\/li>\n<li>Dizajn s n\u00edzkym profilom, ktor\u00fd sa bezprobl\u00e9movo integruje s existuj\u00facimi zostavami<\/li>\n<li>Funkcia r\u00fdchleho nastavenia pre r\u00fdchle nasadenie a ulo\u017eenie<\/li>\n<li>Dostupn\u00fd v nieko\u013ek\u00fdch farb\u00e1ch: Dry Earth, Military Green, Coyote Brown a Multicam<\/li>\n<li>Kryt\u00e9 celo\u017eivotnou z\u00e1rukou Eberlestock<\/li>\n<\/ul>\n<h3>\u0160pecifik\u00e1cie<\/h3>\n<table>\n<tr>\n<td><strong>SKU<\/strong><\/td>\n<td>WRSME (Dry Earth), WRSMJ (Military Green), WRSMC (Coyote Brown), WRSMM (Multicam)<\/td>\n<\/tr>\n<tr>\n<td><strong>Hmotnos\u0165<\/strong><\/td>\n<td>4 oz<\/td>\n<\/tr>\n<tr>\n<td><strong>Kompatibilita<\/strong><\/td>\n<td>MOLLE \/ PALS<\/td>\n<\/tr>\n<tr>\n<td><strong>V\u00fdrobca<\/strong><\/td>\n<td>Eberlestock (Veter\u00e1nska firma)<\/td>\n<\/tr>\n<\/table>\n","protected":false},"excerpt":{"rendered":"<p>Eberlestock WRS Retention Strap je jednoduch\u00fd, ale vysoko \u00fa\u010dinn\u00fd doplnok navrhnut\u00fd na zlep\u0161enie kontroly a prisp\u00f4sobivosti v\u00e1\u0161ho nosn\u00e9ho syst\u00e9mu. Dostupn\u00fd v nieko\u013ek\u00fdch farebn\u00fdch variantoch zodpovedaj\u00facich v\u00e1\u0161mu existuj\u00facemu vybaveniu Eberlestock, tento \u013eahk\u00fd popruh poskytuje pou\u017e\u00edvate\u013eom v\u00e4\u010d\u0161iu flexibilitu pri zaisten\u00ed zbran\u00ed, vybavenia a pr\u00edslu\u0161enstva na platform\u00e1ch kompatibiln\u00fdch s MOLLE.<\/p>\n","protected":false},"featured_media":749345,"template":"","meta":{"_acf_changed":false},"product_brand":[15143],"product_cat":[13405],"product_tag":[],"class_list":{"0":"post-749344","1":"product","2":"type-product","3":"status-publish","4":"has-post-thumbnail","6":"product_brand-eberlestock","7":"product_cat-vystroj","9":"first","10":"outofstock","11":"taxable","12":"shipping-taxable","13":"purchasable","14":"product-type-variable","15":"wvs-archive-product-wrapper"},"acf":[],"_links":{"self":[{"href":"https:\/\/nbg.eu\/sk\/wp-json\/wp\/v2\/product\/749344","targetHints":{"allow":["GET"]}}],"collection":[{"href":"https:\/\/nbg.eu\/sk\/wp-json\/wp\/v2\/product"}],"about":[{"href":"https:\/\/nbg.eu\/sk\/wp-json\/wp\/v2\/types\/product"}],"wp:featuredmedia":[{"embeddable":true,"href":"https:\/\/nbg.eu\/sk\/wp-json\/wp\/v2\/media\/749345"}],"wp:attachment":[{"href":"https:\/\/nbg.eu\/sk\/wp-json\/wp\/v2\/media?parent=749344"}],"wp:term":[{"taxonomy":"product_brand","embeddable":true,"href":"https:\/\/nbg.eu\/sk\/wp-json\/wp\/v2\/product_brand?post=749344"},{"taxonomy":"product_cat","embeddable":true,"href":"https:\/\/nbg.eu\/sk\/wp-json\/wp\/v2\/product_cat?post=749344"},{"taxonomy":"product_tag","embeddable":true,"href":"https:\/\/nbg.eu\/sk\/wp-json\/wp\/v2\/product_tag?post=749344"}],"curies":[{"name":"wp","href":"https:\/\/api.w.org\/{rel}","templated":true}]}}