{"id":749581,"date":"2026-04-24T11:17:29","date_gmt":"2026-04-24T08:17:29","guid":{"rendered":"https:\/\/nbg.eu\/product\/eberlestock-freefall-2000-batoh\/"},"modified":"2026-04-24T12:00:02","modified_gmt":"2026-04-24T09:00:02","slug":"eberlestock-freefall-2000-batoh","status":"publish","type":"product","link":"https:\/\/nbg.eu\/sk\/produkt\/eberlestock-freefall-2000-batoh\/","title":{"rendered":"Eberlestock FreeFall 2000 Batoh"},"content":{"rendered":"<h2>Eberlestock FreeFall 2000 Batoh<\/h2>\n<p>Eberlestock FreeFall 2000 je v\u0161estrann\u00e1 platforma s n\u00edzkym odporom, schopn\u00e1 poja\u0165 viacd\u0148ov\u00e9 v\u00fdpravy s minim\u00e1lnym vybaven\u00edm alebo jednod\u0148ov\u00e9 v\u00fdlety s robustnou v\u00fdbavou. S priestrann\u00fdm horn\u00fdm vekom, siedmimi vn\u00fatorn\u00fdmi vreckami, puzdrom na vodn\u00fd vak, kompresn\u00fdmi popruhmi a vreckami na bedrov\u00fd p\u00e1s je tento batoh vytvoren\u00fd pre v\u00e1\u017enych outdoorov\u00fdch nad\u0161encov a taktick\u00fdch oper\u00e1torov.<\/p>\n<h3>K\u013e\u00fa\u010dov\u00e9 vlastnosti<\/h3>\n<ul>\n<li>2000 c.i. \/ 32.8L capacity<\/li>\n<li>Spacious top lid<\/li>\n<li>Seven interior pockets<\/li>\n<li>Water bladder sleeve<\/li>\n<li>Compression straps<\/li>\n<li>Hip-belt pockets<\/li>\n<li>Aluminum frame<\/li>\n<li>Eberlestock Lifetime Warranty<\/li>\n<\/ul>\n<h3>\u0160pecifik\u00e1cie<\/h3>\n<table>\n<tr>\n<td><strong>Objem<\/strong><\/td>\n<td>2000 c.i. \/ 32.8L<\/td>\n<\/tr>\n<tr>\n<td><strong>Hmotnos\u0165<\/strong><\/td>\n<td>4 lbs 9 oz<\/td>\n<\/tr>\n<tr>\n<td><strong>R\u00e1m<\/strong><\/td>\n<td>Aluminum<\/td>\n<\/tr>\n<tr>\n<td><strong>SKU<\/strong><\/td>\n<td>V7MC, V7GY, V7MB, V7ME, V7MJ, V7MM<\/td>\n<\/tr>\n<tr>\n<td><strong>V\u00fdrobca<\/strong><\/td>\n<td>Eberlestock (Veter\u00e1nska firma)<\/td>\n<\/tr>\n<\/table>\n","protected":false},"excerpt":{"rendered":"<p>Eberlestock FreeFall 2000 je v\u0161estrann\u00e1 platforma s n\u00edzkym odporom, schopn\u00e1 poja\u0165 viacd\u0148ov\u00e9 v\u00fdpravy s minim\u00e1lnym vybaven\u00edm alebo jednod\u0148ov\u00e9 v\u00fdlety s robustnou v\u00fdbavou. S priestrann\u00fdm horn\u00fdm vekom, siedmimi vn\u00fatorn\u00fdmi vreckami, puzdrom na vodn\u00fd vak, kompresn\u00fdmi popruhmi a vreckami na bedrov\u00fd p\u00e1s je tento batoh vytvoren\u00fd pre v\u00e1\u017enych outdoorov\u00fdch nad\u0161encov a taktick\u00fdch oper\u00e1torov.<\/p>\n","protected":false},"featured_media":749582,"template":"","meta":{"_acf_changed":false},"product_brand":[15143],"product_cat":[13341],"product_tag":[],"class_list":{"0":"post-749581","1":"product","2":"type-product","3":"status-publish","4":"has-post-thumbnail","6":"product_brand-eberlestock","7":"product_cat-batohy","9":"first","10":"outofstock","11":"taxable","12":"shipping-taxable","13":"purchasable","14":"product-type-variable","15":"wvs-archive-product-wrapper"},"acf":[],"_links":{"self":[{"href":"https:\/\/nbg.eu\/sk\/wp-json\/wp\/v2\/product\/749581","targetHints":{"allow":["GET"]}}],"collection":[{"href":"https:\/\/nbg.eu\/sk\/wp-json\/wp\/v2\/product"}],"about":[{"href":"https:\/\/nbg.eu\/sk\/wp-json\/wp\/v2\/types\/product"}],"wp:featuredmedia":[{"embeddable":true,"href":"https:\/\/nbg.eu\/sk\/wp-json\/wp\/v2\/media\/749582"}],"wp:attachment":[{"href":"https:\/\/nbg.eu\/sk\/wp-json\/wp\/v2\/media?parent=749581"}],"wp:term":[{"taxonomy":"product_brand","embeddable":true,"href":"https:\/\/nbg.eu\/sk\/wp-json\/wp\/v2\/product_brand?post=749581"},{"taxonomy":"product_cat","embeddable":true,"href":"https:\/\/nbg.eu\/sk\/wp-json\/wp\/v2\/product_cat?post=749581"},{"taxonomy":"product_tag","embeddable":true,"href":"https:\/\/nbg.eu\/sk\/wp-json\/wp\/v2\/product_tag?post=749581"}],"curies":[{"name":"wp","href":"https:\/\/api.w.org\/{rel}","templated":true}]}}