{"id":749834,"date":"2026-04-24T11:17:35","date_gmt":"2026-04-24T08:17:35","guid":{"rendered":"https:\/\/nbg.eu\/product\/eberlestock-freefall-3000-batoh\/"},"modified":"2026-04-24T12:01:02","modified_gmt":"2026-04-24T09:01:02","slug":"eberlestock-freefall-3000-batoh","status":"publish","type":"product","link":"https:\/\/nbg.eu\/sk\/produkt\/eberlestock-freefall-3000-batoh\/","title":{"rendered":"Eberlestock FreeFall 3000 Batoh"},"content":{"rendered":"<h2>Eberlestock FreeFall 3000 Batoh<\/h2>\n<p>Eberlestock FreeFall 3000 je v\u00e4\u010d\u0161\u00ed s\u00farodenec s\u00e9rie FreeFall, pon\u00fakaj\u00faci 3000 kubick\u00fdch palcov kapacity pre pred\u013a\u017een\u00e9 misie v divo\u010dine a viacd\u0148ov\u00e9 oper\u00e1cie. S rovnak\u00fdm osved\u010den\u00fdm dizajnom s robustn\u00fdm hlin\u00edkov\u00fdm r\u00e1mom, siedmimi vn\u00fatorn\u00fdmi vreckami a komplexnou organiz\u00e1ciou zvl\u00e1da tento batoh \u0165a\u017e\u0161ie n\u00e1klady s \u013eahkos\u0165ou.<\/p>\n<h3>K\u013e\u00fa\u010dov\u00e9 vlastnosti<\/h3>\n<ul>\n<li>3000 c.i. \/ 49.2L capacity<\/li>\n<li>Spacious top lid<\/li>\n<li>Seven interior pockets<\/li>\n<li>Water bladder sleeve<\/li>\n<li>Compression straps<\/li>\n<li>Hip-belt pockets<\/li>\n<li>Aluminum frame<\/li>\n<li>Eberlestock Lifetime Warranty<\/li>\n<\/ul>\n<h3>\u0160pecifik\u00e1cie<\/h3>\n<table>\n<tr>\n<td><strong>Objem<\/strong><\/td>\n<td>3000 c.i. \/ 49.2L<\/td>\n<\/tr>\n<tr>\n<td><strong>Hmotnos\u0165<\/strong><\/td>\n<td>5 lbs 1 oz<\/td>\n<\/tr>\n<tr>\n<td><strong>R\u00e1m<\/strong><\/td>\n<td>Aluminum<\/td>\n<\/tr>\n<tr>\n<td><strong>SKU<\/strong><\/td>\n<td>V8MC, V8GY, V8MB, V8ME, V8MJ, V8MM<\/td>\n<\/tr>\n<tr>\n<td><strong>V\u00fdrobca<\/strong><\/td>\n<td>Eberlestock (Veter\u00e1nska firma)<\/td>\n<\/tr>\n<\/table>\n","protected":false},"excerpt":{"rendered":"<p>Eberlestock FreeFall 3000 je v\u00e4\u010d\u0161\u00ed s\u00farodenec s\u00e9rie FreeFall, pon\u00fakaj\u00faci 3000 kubick\u00fdch palcov kapacity pre pred\u013a\u017een\u00e9 misie v divo\u010dine a viacd\u0148ov\u00e9 oper\u00e1cie. S rovnak\u00fdm osved\u010den\u00fdm dizajnom s robustn\u00fdm hlin\u00edkov\u00fdm r\u00e1mom, siedmimi vn\u00fatorn\u00fdmi vreckami a komplexnou organiz\u00e1ciou zvl\u00e1da tento batoh \u0165a\u017e\u0161ie n\u00e1klady s \u013eahkos\u0165ou.<\/p>\n","protected":false},"featured_media":749835,"template":"","meta":{"_acf_changed":false},"product_brand":[15143],"product_cat":[13341],"product_tag":[],"class_list":{"0":"post-749834","1":"product","2":"type-product","3":"status-publish","4":"has-post-thumbnail","6":"product_brand-eberlestock","7":"product_cat-batohy","9":"first","10":"outofstock","11":"taxable","12":"shipping-taxable","13":"purchasable","14":"product-type-variable","15":"wvs-archive-product-wrapper"},"acf":[],"_links":{"self":[{"href":"https:\/\/nbg.eu\/sk\/wp-json\/wp\/v2\/product\/749834","targetHints":{"allow":["GET"]}}],"collection":[{"href":"https:\/\/nbg.eu\/sk\/wp-json\/wp\/v2\/product"}],"about":[{"href":"https:\/\/nbg.eu\/sk\/wp-json\/wp\/v2\/types\/product"}],"wp:featuredmedia":[{"embeddable":true,"href":"https:\/\/nbg.eu\/sk\/wp-json\/wp\/v2\/media\/749835"}],"wp:attachment":[{"href":"https:\/\/nbg.eu\/sk\/wp-json\/wp\/v2\/media?parent=749834"}],"wp:term":[{"taxonomy":"product_brand","embeddable":true,"href":"https:\/\/nbg.eu\/sk\/wp-json\/wp\/v2\/product_brand?post=749834"},{"taxonomy":"product_cat","embeddable":true,"href":"https:\/\/nbg.eu\/sk\/wp-json\/wp\/v2\/product_cat?post=749834"},{"taxonomy":"product_tag","embeddable":true,"href":"https:\/\/nbg.eu\/sk\/wp-json\/wp\/v2\/product_tag?post=749834"}],"curies":[{"name":"wp","href":"https:\/\/api.w.org\/{rel}","templated":true}]}}