{"id":750463,"date":"2026-04-24T11:17:46","date_gmt":"2026-04-24T08:17:46","guid":{"rendered":"https:\/\/nbg.eu\/product\/eberlestock-mission-medic-multicam\/"},"modified":"2026-04-24T12:03:47","modified_gmt":"2026-04-24T09:03:47","slug":"eberlestock-mission-medic-multicam","status":"publish","type":"product","link":"https:\/\/nbg.eu\/sk\/produkt\/eberlestock-mission-medic-multicam\/","title":{"rendered":"Eberlestock Mission Medic &#8211; Multicam"},"content":{"rendered":"<h2>Eberlestock Mission Medic<\/h2>\n<p>Eberlestock Mission Medic Pack uprednost\u0148uje efekt\u00edvnos\u0165 a vyu\u017e\u00edva ka\u017ed\u00fd dostupn\u00fd priestor pre organiz\u00e1ciu zachra\u0148uj\u00facu \u017eivoty. So siedmimi odt\u0155hac\u00edmi vreckami a dvoma odt\u0155hac\u00edmi panelmi na pr\u00edslu\u0161enstvo v hlavnom priestore umo\u017e\u0148uje tento zdravotn\u00edcky batoh oper\u00e1torom vopred zostavi\u0165 traumatologick\u00e9 s\u00fapravy pre r\u00fdchle nasadenie pri hromadn\u00fdch ne\u0161\u0165astiach.<\/p>\n<h3>K\u013e\u00fa\u010dov\u00e9 vlastnosti<\/h3>\n<ul>\n<li>1,717 c.i. medical capacity<\/li>\n<li>Seven tear-away pouches<\/li>\n<li>Two tear-away accessory panels<\/li>\n<li>Mission System integration<\/li>\n<li>MOLLE exterior<\/li>\n<li>Eberlestock Lifetime Warranty<\/li>\n<\/ul>\n<h3>\u0160pecifik\u00e1cie<\/h3>\n<table>\n<tr>\n<td><strong>Objem<\/strong><\/td>\n<td>1,717 c.i.<\/td>\n<\/tr>\n<tr>\n<td><strong>Hmotnos\u0165<\/strong><\/td>\n<td>3 lbs 10 oz<\/td>\n<\/tr>\n<tr>\n<td><strong>Rozmery<\/strong><\/td>\n<td>20&#8243;H x 12&#8243;W x 5.5&#8243;D<\/td>\n<\/tr>\n<tr>\n<td><strong>SKU<\/strong><\/td>\n<td>MM1MM, MM1MC, MM1MJ<\/td>\n<\/tr>\n<tr>\n<td><strong>V\u00fdrobca<\/strong><\/td>\n<td>Eberlestock (Veter\u00e1nska firma)<\/td>\n<\/tr>\n<\/table>\n","protected":false},"excerpt":{"rendered":"<p>Eberlestock Mission Medic Pack uprednost\u0148uje efekt\u00edvnos\u0165 a vyu\u017e\u00edva ka\u017ed\u00fd dostupn\u00fd priestor pre organiz\u00e1ciu zachra\u0148uj\u00facu \u017eivoty. So siedmimi odt\u0155hac\u00edmi vreckami a dvoma odt\u0155hac\u00edmi panelmi na pr\u00edslu\u0161enstvo v hlavnom priestore umo\u017e\u0148uje tento zdravotn\u00edcky batoh oper\u00e1torom vopred zostavi\u0165 traumatologick\u00e9 s\u00fapravy pre r\u00fdchle nasadenie pri hromadn\u00fdch ne\u0161\u0165astiach.<\/p>\n","protected":false},"featured_media":750464,"template":"","meta":{"_acf_changed":false},"product_brand":[15143],"product_cat":[13341],"product_tag":[],"class_list":{"0":"post-750463","1":"product","2":"type-product","3":"status-publish","4":"has-post-thumbnail","6":"product_brand-eberlestock","7":"product_cat-batohy","9":"first","10":"outofstock","11":"taxable","12":"shipping-taxable","13":"purchasable","14":"product-type-simple"},"acf":[],"_links":{"self":[{"href":"https:\/\/nbg.eu\/sk\/wp-json\/wp\/v2\/product\/750463","targetHints":{"allow":["GET"]}}],"collection":[{"href":"https:\/\/nbg.eu\/sk\/wp-json\/wp\/v2\/product"}],"about":[{"href":"https:\/\/nbg.eu\/sk\/wp-json\/wp\/v2\/types\/product"}],"wp:featuredmedia":[{"embeddable":true,"href":"https:\/\/nbg.eu\/sk\/wp-json\/wp\/v2\/media\/750464"}],"wp:attachment":[{"href":"https:\/\/nbg.eu\/sk\/wp-json\/wp\/v2\/media?parent=750463"}],"wp:term":[{"taxonomy":"product_brand","embeddable":true,"href":"https:\/\/nbg.eu\/sk\/wp-json\/wp\/v2\/product_brand?post=750463"},{"taxonomy":"product_cat","embeddable":true,"href":"https:\/\/nbg.eu\/sk\/wp-json\/wp\/v2\/product_cat?post=750463"},{"taxonomy":"product_tag","embeddable":true,"href":"https:\/\/nbg.eu\/sk\/wp-json\/wp\/v2\/product_tag?post=750463"}],"curies":[{"name":"wp","href":"https:\/\/api.w.org\/{rel}","templated":true}]}}