{"id":750877,"date":"2026-04-24T11:17:50","date_gmt":"2026-04-24T08:17:50","guid":{"rendered":"https:\/\/nbg.eu\/product\/eberlestock-brooks-7000-dry-earth\/"},"modified":"2026-04-24T12:05:35","modified_gmt":"2026-04-24T09:05:35","slug":"eberlestock-brooks-7000-dry-earth","status":"publish","type":"product","link":"https:\/\/nbg.eu\/sk\/produkt\/eberlestock-brooks-7000-dry-earth\/","title":{"rendered":"Eberlestock Brooks 7000 &#8211; Dry Earth"},"content":{"rendered":"<h2>Eberlestock Brooks 7000<\/h2>\n<p>Ke\u010f v\u00e1s po\u013eova\u010dka zavedie hlboko do divo\u010diny na dni \u010di t\u00fd\u017edne, Eberlestock Brooks 7000 je batoh, ktor\u00fd chcete ma\u0165 na svojom r\u00e1me. Tento batoh expedi\u010dnej triedy poskytuje obrovsk\u00fa kapacitu 7000 k.p. (114L), v\u00fdnimo\u010dn\u00fa odolnos\u0165 a organiza\u010dn\u00e9 funkcie potrebn\u00e9 pre vzdialen\u00e9, sebesta\u010dn\u00e9 po\u013eova\u010dky.<\/p>\n<h3>K\u013e\u00fa\u010dov\u00e9 vlastnosti<\/h3>\n<ul>\n<li>7000 c.i. \/ 114L capacity<\/li>\n<li>Modframe compatible<\/li>\n<li>Extended backcountry hunts<\/li>\n<li>Ultralight at 2 lbs 14 oz<\/li>\n<li>Eberlestock Lifetime Warranty<\/li>\n<\/ul>\n<h3>\u0160pecifik\u00e1cie<\/h3>\n<table>\n<tr>\n<td><strong>Objem<\/strong><\/td>\n<td>7000 c.i. \/ 114L<\/td>\n<\/tr>\n<tr>\n<td><strong>Hmotnos\u0165<\/strong><\/td>\n<td>2 lbs 14 oz<\/td>\n<\/tr>\n<tr>\n<td><strong>Rozmery<\/strong><\/td>\n<td>44&#8243;H x 12&#8243;W x 12&#8243;D<\/td>\n<\/tr>\n<tr>\n<td><strong>SKU<\/strong><\/td>\n<td>BS70ME, BS70MJ, BS70AM, BS70AR, BS70AS<\/td>\n<\/tr>\n<tr>\n<td><strong>V\u00fdrobca<\/strong><\/td>\n<td>Eberlestock (Veter\u00e1nska firma)<\/td>\n<\/tr>\n<\/table>\n","protected":false},"excerpt":{"rendered":"<p>Ke\u010f v\u00e1s po\u013eova\u010dka zavedie hlboko do divo\u010diny na dni \u010di t\u00fd\u017edne, Eberlestock Brooks 7000 je batoh, ktor\u00fd chcete ma\u0165 na svojom r\u00e1me. Tento batoh expedi\u010dnej triedy poskytuje obrovsk\u00fa kapacitu 7000 k.p. (114L), v\u00fdnimo\u010dn\u00fa odolnos\u0165 a organiza\u010dn\u00e9 funkcie potrebn\u00e9 pre vzdialen\u00e9, sebesta\u010dn\u00e9 po\u013eova\u010dky.<\/p>\n","protected":false},"featured_media":750878,"template":"","meta":{"_acf_changed":false},"product_brand":[15143],"product_cat":[13341],"product_tag":[],"class_list":{"0":"post-750877","1":"product","2":"type-product","3":"status-publish","4":"has-post-thumbnail","6":"product_brand-eberlestock","7":"product_cat-batohy","9":"first","10":"outofstock","11":"taxable","12":"shipping-taxable","13":"purchasable","14":"product-type-simple"},"acf":[],"_links":{"self":[{"href":"https:\/\/nbg.eu\/sk\/wp-json\/wp\/v2\/product\/750877","targetHints":{"allow":["GET"]}}],"collection":[{"href":"https:\/\/nbg.eu\/sk\/wp-json\/wp\/v2\/product"}],"about":[{"href":"https:\/\/nbg.eu\/sk\/wp-json\/wp\/v2\/types\/product"}],"wp:featuredmedia":[{"embeddable":true,"href":"https:\/\/nbg.eu\/sk\/wp-json\/wp\/v2\/media\/750878"}],"wp:attachment":[{"href":"https:\/\/nbg.eu\/sk\/wp-json\/wp\/v2\/media?parent=750877"}],"wp:term":[{"taxonomy":"product_brand","embeddable":true,"href":"https:\/\/nbg.eu\/sk\/wp-json\/wp\/v2\/product_brand?post=750877"},{"taxonomy":"product_cat","embeddable":true,"href":"https:\/\/nbg.eu\/sk\/wp-json\/wp\/v2\/product_cat?post=750877"},{"taxonomy":"product_tag","embeddable":true,"href":"https:\/\/nbg.eu\/sk\/wp-json\/wp\/v2\/product_tag?post=750877"}],"curies":[{"name":"wp","href":"https:\/\/api.w.org\/{rel}","templated":true}]}}