{"id":751084,"date":"2026-04-24T11:17:52","date_gmt":"2026-04-24T08:17:52","guid":{"rendered":"https:\/\/nbg.eu\/product\/eberlestock-mission-lid-multicam\/"},"modified":"2026-04-24T12:06:29","modified_gmt":"2026-04-24T09:06:29","slug":"eberlestock-mission-lid-multicam","status":"publish","type":"product","link":"https:\/\/nbg.eu\/sk\/produkt\/eberlestock-mission-lid-multicam\/","title":{"rendered":"Eberlestock Mission Lid &#8211; Multicam"},"content":{"rendered":"<h2>Eberlestock Mission Lid<\/h2>\n<p>Eberlestock Mission Lid je jednoduch\u00e9 a \u00fa\u010dinn\u00e9 doplnenie \u00falo\u017en\u00e9ho priestoru, ktor\u00e9 dr\u017e\u00ed d\u00f4le\u017eit\u00e9 predmety na dosah ruky bez pridania objemu alebo zv\u00e4\u010d\u0161enia profilu. Navrhnut\u00fd pre samostatn\u00e9 pou\u017eitie alebo v spojen\u00ed s Mission Load Panel, Mission Lid v\u00fdrazne zvy\u0161uje n\u00e1kladov\u00fa kapacitu Mission System.<\/p>\n<h3>K\u013e\u00fa\u010dov\u00e9 vlastnosti<\/h3>\n<ul>\n<li>400 c.i. storage<\/li>\n<li>6 oz lightweight<\/li>\n<li>Mission System compatible<\/li>\n<li>Works with Mission Load Panel<\/li>\n<li>Quick-access design<\/li>\n<li>Eberlestock Lifetime Warranty<\/li>\n<\/ul>\n<h3>\u0160pecifik\u00e1cie<\/h3>\n<table>\n<tr>\n<td><strong>Objem<\/strong><\/td>\n<td>400 c.i.<\/td>\n<\/tr>\n<tr>\n<td><strong>Hmotnos\u0165<\/strong><\/td>\n<td>6 oz<\/td>\n<\/tr>\n<tr>\n<td><strong>Rozmery<\/strong><\/td>\n<td>10&#8243;L x 12&#8243;W x 4&#8243;D<\/td>\n<\/tr>\n<tr>\n<td><strong>SKU<\/strong><\/td>\n<td>ML1MM, ML1MC, ML1MJ<\/td>\n<\/tr>\n<tr>\n<td><strong>V\u00fdrobca<\/strong><\/td>\n<td>Eberlestock (Veter\u00e1nska firma)<\/td>\n<\/tr>\n<\/table>\n","protected":false},"excerpt":{"rendered":"<p>Eberlestock Mission Lid je jednoduch\u00e9 a \u00fa\u010dinn\u00e9 doplnenie \u00falo\u017en\u00e9ho priestoru, ktor\u00e9 dr\u017e\u00ed d\u00f4le\u017eit\u00e9 predmety na dosah ruky bez pridania objemu alebo zv\u00e4\u010d\u0161enia profilu. Navrhnut\u00fd pre samostatn\u00e9 pou\u017eitie alebo v spojen\u00ed s Mission Load Panel, Mission Lid v\u00fdrazne zvy\u0161uje n\u00e1kladov\u00fa kapacitu Mission System.<\/p>\n","protected":false},"featured_media":751085,"template":"","meta":{"_acf_changed":false},"product_brand":[15143],"product_cat":[13341],"product_tag":[],"class_list":{"0":"post-751084","1":"product","2":"type-product","3":"status-publish","4":"has-post-thumbnail","6":"product_brand-eberlestock","7":"product_cat-batohy","9":"first","10":"outofstock","11":"taxable","12":"shipping-taxable","13":"purchasable","14":"product-type-simple"},"acf":[],"_links":{"self":[{"href":"https:\/\/nbg.eu\/sk\/wp-json\/wp\/v2\/product\/751084","targetHints":{"allow":["GET"]}}],"collection":[{"href":"https:\/\/nbg.eu\/sk\/wp-json\/wp\/v2\/product"}],"about":[{"href":"https:\/\/nbg.eu\/sk\/wp-json\/wp\/v2\/types\/product"}],"wp:featuredmedia":[{"embeddable":true,"href":"https:\/\/nbg.eu\/sk\/wp-json\/wp\/v2\/media\/751085"}],"wp:attachment":[{"href":"https:\/\/nbg.eu\/sk\/wp-json\/wp\/v2\/media?parent=751084"}],"wp:term":[{"taxonomy":"product_brand","embeddable":true,"href":"https:\/\/nbg.eu\/sk\/wp-json\/wp\/v2\/product_brand?post=751084"},{"taxonomy":"product_cat","embeddable":true,"href":"https:\/\/nbg.eu\/sk\/wp-json\/wp\/v2\/product_cat?post=751084"},{"taxonomy":"product_tag","embeddable":true,"href":"https:\/\/nbg.eu\/sk\/wp-json\/wp\/v2\/product_tag?post=751084"}],"curies":[{"name":"wp","href":"https:\/\/api.w.org\/{rel}","templated":true}]}}