{"id":751437,"date":"2026-04-24T11:17:56","date_gmt":"2026-04-24T08:17:56","guid":{"rendered":"https:\/\/nbg.eu\/product\/eberlestock-mission-wings-multicam\/"},"modified":"2026-04-24T12:08:17","modified_gmt":"2026-04-24T09:08:17","slug":"eberlestock-mission-wings-multicam","status":"publish","type":"product","link":"https:\/\/nbg.eu\/sk\/produkt\/eberlestock-mission-wings-multicam\/","title":{"rendered":"Eberlestock Mission Wings &#8211; Multicam"},"content":{"rendered":"<h2>Eberlestock Mission Wings<\/h2>\n<p>Eberlestock Mission Wings s\u00fa modul\u00e1rne, \u013eahk\u00e9 bo\u010dn\u00e9 panely, ktor\u00e9 r\u00fdchlo prid\u00e1vaj\u00fa dodato\u010dn\u00fd objem alebo umo\u017e\u0148uj\u00fa strategick\u00fa konfigur\u00e1ciu \u0161pecializovan\u00fdch s\u00faprav na vonkaj\u0161ej strane v\u00e1\u0161ho Mission System. \u013dahko pridate\u013en\u00e9 alebo odn\u00edmate\u013en\u00e9 pomocou ov\u00e1lnych tri-glide upev\u0148ovac\u00edch bodov, poskytuj\u00fa r\u00fdchly pr\u00edstup k \u00falo\u017en\u00e9mu priestoru tam, kde ho najviac potrebujete.<\/p>\n<h3>K\u013e\u00fa\u010dov\u00e9 vlastnosti<\/h3>\n<ul>\n<li>765 c.i. \/ 13.68L combined capacity<\/li>\n<li>Modular side panels<\/li>\n<li>Oval tri-glide attachment<\/li>\n<li>Quick-access design<\/li>\n<li>Mission System integration<\/li>\n<li>Eberlestock Lifetime Warranty<\/li>\n<\/ul>\n<h3>\u0160pecifik\u00e1cie<\/h3>\n<table>\n<tr>\n<td><strong>Objem<\/strong><\/td>\n<td>765 c.i. \/ 13.68L<\/td>\n<\/tr>\n<tr>\n<td><strong>Hmotnos\u0165<\/strong><\/td>\n<td>1 lb 2 oz<\/td>\n<\/tr>\n<tr>\n<td><strong>Rozmery<\/strong><\/td>\n<td>18&#8243;H x 6.5&#8243;W x 2&#8243;D<\/td>\n<\/tr>\n<tr>\n<td><strong>SKU<\/strong><\/td>\n<td>MW1MM, MW1MC<\/td>\n<\/tr>\n<tr>\n<td><strong>V\u00fdrobca<\/strong><\/td>\n<td>Eberlestock (Veter\u00e1nska firma)<\/td>\n<\/tr>\n<\/table>\n","protected":false},"excerpt":{"rendered":"<p>Eberlestock Mission Wings s\u00fa modul\u00e1rne, \u013eahk\u00e9 bo\u010dn\u00e9 panely, ktor\u00e9 r\u00fdchlo prid\u00e1vaj\u00fa dodato\u010dn\u00fd objem alebo umo\u017e\u0148uj\u00fa strategick\u00fa konfigur\u00e1ciu \u0161pecializovan\u00fdch s\u00faprav na vonkaj\u0161ej strane v\u00e1\u0161ho Mission System. \u013dahko pridate\u013en\u00e9 alebo odn\u00edmate\u013en\u00e9 pomocou ov\u00e1lnych tri-glide upev\u0148ovac\u00edch bodov, poskytuj\u00fa r\u00fdchly pr\u00edstup k \u00falo\u017en\u00e9mu priestoru tam, kde ho najviac potrebujete.<\/p>\n","protected":false},"featured_media":751438,"template":"","meta":{"_acf_changed":false},"product_brand":[15143],"product_cat":[13341],"product_tag":[],"class_list":{"0":"post-751437","1":"product","2":"type-product","3":"status-publish","4":"has-post-thumbnail","6":"product_brand-eberlestock","7":"product_cat-batohy","9":"first","10":"outofstock","11":"taxable","12":"shipping-taxable","13":"purchasable","14":"product-type-simple"},"acf":[],"_links":{"self":[{"href":"https:\/\/nbg.eu\/sk\/wp-json\/wp\/v2\/product\/751437","targetHints":{"allow":["GET"]}}],"collection":[{"href":"https:\/\/nbg.eu\/sk\/wp-json\/wp\/v2\/product"}],"about":[{"href":"https:\/\/nbg.eu\/sk\/wp-json\/wp\/v2\/types\/product"}],"wp:featuredmedia":[{"embeddable":true,"href":"https:\/\/nbg.eu\/sk\/wp-json\/wp\/v2\/media\/751438"}],"wp:attachment":[{"href":"https:\/\/nbg.eu\/sk\/wp-json\/wp\/v2\/media?parent=751437"}],"wp:term":[{"taxonomy":"product_brand","embeddable":true,"href":"https:\/\/nbg.eu\/sk\/wp-json\/wp\/v2\/product_brand?post=751437"},{"taxonomy":"product_cat","embeddable":true,"href":"https:\/\/nbg.eu\/sk\/wp-json\/wp\/v2\/product_cat?post=751437"},{"taxonomy":"product_tag","embeddable":true,"href":"https:\/\/nbg.eu\/sk\/wp-json\/wp\/v2\/product_tag?post=751437"}],"curies":[{"name":"wp","href":"https:\/\/api.w.org\/{rel}","templated":true}]}}