{"id":751484,"date":"2026-04-24T11:17:58","date_gmt":"2026-04-24T08:17:58","guid":{"rendered":"https:\/\/nbg.eu\/product\/eberlestock-p12-knee-pad-sada-2-ks\/"},"modified":"2026-04-24T12:09:10","modified_gmt":"2026-04-24T09:09:10","slug":"eberlestock-p12-knee-pad-sada-2-ks","status":"publish","type":"product","link":"https:\/\/nbg.eu\/sk\/produkt\/eberlestock-p12-knee-pad-sada-2-ks\/","title":{"rendered":"Eberlestock P12 Knee Pad Sada 2 ks"},"content":{"rendered":"<h2>Eberlestock P12 Knee Pad Sada 2 ks<\/h2>\n<p>S\u00faprava kolenn\u00fdch chr\u00e1ni\u010dov Eberlestock P12 poskytuje nevyhnutn\u00fa ochranu kolien pre dlhodob\u00e9 po\u013en\u00e9 oper\u00e1cie, stre\u013ebu z poz\u00edci\u00ed a taktick\u00e9 aplik\u00e1cie. Pred\u00e1van\u00e1 ako sada 2 kusov, tieto kolenn\u00e9 chr\u00e1ni\u010de s\u00fa navrhnut\u00e9 na integr\u00e1ciu s kompatibiln\u00fdmi nohavicami a vybaven\u00edm Eberlestock a pon\u00fakaj\u00fa \u013eahk\u00fd komfort a ochranu pred n\u00e1razom, ke\u010f je to najviac potrebn\u00e9.<\/p>\n<h3>K\u013e\u00fa\u010dov\u00e9 vlastnosti<\/h3>\n<ul>\n<li>Set of 2 knee pads<\/li>\n<li>Eberlestock pants compatible<\/li>\n<li>Lightweight construction<\/li>\n<li>Impact-absorbing foam<\/li>\n<li>Ergonomic design<\/li>\n<li>Eberlestock Lifetime Warranty<\/li>\n<\/ul>\n<h3>\u0160pecifik\u00e1cie<\/h3>\n<table>\n<tr>\n<td><strong>Mno\u017estvo<\/strong><\/td>\n<td>2<\/td>\n<\/tr>\n<tr>\n<td><strong>Kompatibilita<\/strong><\/td>\n<td>Eberlestock tactical pants<\/td>\n<\/tr>\n<tr>\n<td><strong>V\u00fdrobca<\/strong><\/td>\n<td>Eberlestock (Veter\u00e1nska firma)<\/td>\n<\/tr>\n<\/table>\n","protected":false},"excerpt":{"rendered":"<p>S\u00faprava kolenn\u00fdch chr\u00e1ni\u010dov Eberlestock P12 poskytuje nevyhnutn\u00fa ochranu kolien pre dlhodob\u00e9 po\u013en\u00e9 oper\u00e1cie, stre\u013ebu z poz\u00edci\u00ed a taktick\u00e9 aplik\u00e1cie. Pred\u00e1van\u00e1 ako sada 2 kusov, tieto kolenn\u00e9 chr\u00e1ni\u010de s\u00fa navrhnut\u00e9 na integr\u00e1ciu s kompatibiln\u00fdmi nohavicami a vybaven\u00edm Eberlestock a pon\u00fakaj\u00fa \u013eahk\u00fd komfort a ochranu pred n\u00e1razom, ke\u010f je to najviac potrebn\u00e9.<\/p>\n","protected":false},"featured_media":751561,"template":"","meta":{"_acf_changed":false},"product_brand":[15143],"product_cat":[13405],"product_tag":[],"class_list":{"0":"post-751484","1":"product","2":"type-product","3":"status-publish","4":"has-post-thumbnail","6":"product_brand-eberlestock","7":"product_cat-vystroj","9":"first","10":"instock","11":"taxable","12":"shipping-taxable","13":"purchasable","14":"product-type-simple"},"acf":[],"_links":{"self":[{"href":"https:\/\/nbg.eu\/sk\/wp-json\/wp\/v2\/product\/751484","targetHints":{"allow":["GET"]}}],"collection":[{"href":"https:\/\/nbg.eu\/sk\/wp-json\/wp\/v2\/product"}],"about":[{"href":"https:\/\/nbg.eu\/sk\/wp-json\/wp\/v2\/types\/product"}],"wp:featuredmedia":[{"embeddable":true,"href":"https:\/\/nbg.eu\/sk\/wp-json\/wp\/v2\/media\/751561"}],"wp:attachment":[{"href":"https:\/\/nbg.eu\/sk\/wp-json\/wp\/v2\/media?parent=751484"}],"wp:term":[{"taxonomy":"product_brand","embeddable":true,"href":"https:\/\/nbg.eu\/sk\/wp-json\/wp\/v2\/product_brand?post=751484"},{"taxonomy":"product_cat","embeddable":true,"href":"https:\/\/nbg.eu\/sk\/wp-json\/wp\/v2\/product_cat?post=751484"},{"taxonomy":"product_tag","embeddable":true,"href":"https:\/\/nbg.eu\/sk\/wp-json\/wp\/v2\/product_tag?post=751484"}],"curies":[{"name":"wp","href":"https:\/\/api.w.org\/{rel}","templated":true}]}}