{"id":753011,"date":"2026-04-22T14:06:32","date_gmt":"2026-04-22T11:06:32","guid":{"rendered":"https:\/\/nbg.eu\/product\/opakovacia-puska-howa-bravo-chassis-dlzka-hlavne-26-kal-6-5-creedmoor\/"},"modified":"2026-05-07T17:42:25","modified_gmt":"2026-05-07T14:42:25","slug":"opakovacia-puska-howa-bravo-chassis-dlzka-hlavne-26-kal-6-5-creedmoor","status":"publish","type":"product","link":"https:\/\/nbg.eu\/sk\/produkt\/opakovacia-puska-howa-bravo-chassis-dlzka-hlavne-26-kal-6-5-creedmoor\/","title":{"rendered":"HOWA Bravo Chassis opakovacia pu\u0161ka, d\u013a\u017eka hlavne 26&#8243;, kal. 6.5 Creedmoor"},"content":{"rendered":"<h2>Opakovacia pu\u0161ka HOWA Bravo Chassis 26&#8243; 6.5 Creedmoor<\/h2>\n<p>HOWA M1500 Bravo je tov\u00e1rensk\u00e1 presn\u00e1 pu\u0161ka bez kompromisov. Kombinuje renomovan\u00fa kovan\u00fa akciu HOWA 1500 \u2014 ob\u013e\u00faben\u00fa u po\u013eovn\u00edkov a strelcov vy\u0161e \u0161tyroch desa\u0165ro\u010d\u00ed \u2014 so \u0161asi Bravo od Kinetic Research Group (KRG): plnod\u013a\u017ekovou hlin\u00edkovou chrbticou obalenou \u0161krupinou zo sklom vystu\u017een\u00e9ho polym\u00e9ru. V\u00fdsledok vyzer\u00e1 ako tradi\u010dn\u00e1 pa\u017eba, ale spr\u00e1va sa ako \u0161pecializovan\u00e9 presn\u00e9 \u0161asi. V konfigur\u00e1cii 26&#8243; v 6.5 Creedmoor sa st\u00e1va platformou pripravenou na dlh\u00e9 vzdialenosti \u2014 pre oce\u013eov\u00e9 ter\u010de, s\u00fa\u0165a\u017ee alebo po\u013eova\u010dku na ve\u013ek\u00e9 vzdialenosti.<\/p>\n<h3>Kovan\u00e1 akcia HOWA 1500<\/h3>\n<p>Ka\u017ed\u00e1 Bravo za\u010d\u00edna jednodielnym kovan\u00fdm puzdrom z\u00e1veru a z\u00e1verom HOWA. Dva proti\u013eahl\u00e9 uzamykacie v\u00fdstupky, ve\u013ek\u00fd vonkaj\u0161\u00ed vyhadzova\u010d typu Sako a piestov\u00fd vyhadzova\u010d zais\u0165uj\u00fa spo\u013eahliv\u00e9 pod\u00e1vanie a vyhadzovanie v celej rodine n\u00e1bojn\u00edc dna .308. Akcia je spojen\u00e1 so \u0161asi pomocou CNC obr\u00e1ban\u00e9ho syst\u00e9mu Radius Bedding KRG \u2014 plnod\u013a\u017ekov\u00e9ho hlin\u00edkov\u00e9ho V-bloku poskytuj\u00faceho pevn\u00e9, opakovate\u013en\u00e9 l\u00f4\u017eko bez nepravidelnost\u00ed tradi\u010dn\u00e9ho l\u00f4\u017eka.<\/p>\n<h3>\u0160asi KRG Bravo<\/h3>\n<p>\u0160asi KRG Bravo je to, \u010do rob\u00ed t\u00fato pu\u0161ku zvl\u00e1\u0161tnou. Prij\u00edma polym\u00e9rov\u00e9 AICS z\u00e1sobn\u00edky, m\u00e1 M-LOK sloty po celej d\u013a\u017eke predpa\u017ebia, pou\u017e\u00edva rozpern\u00e9 podlo\u017eky pre nastavite\u013en\u00fa d\u013a\u017eku pa\u017eby a obsahuje integrovan\u00fd h\u00e1k\/dorazn\u00edk v p\u00e4te pa\u017eby pre stre\u013ebu v polohe. Z\u00edskate \u00fachop tradi\u010dnej po\u013eovn\u00edckej pa\u017eby s kompletnou sadou funkci\u00ed modern\u00e9ho presn\u00e9ho \u0161asi.<\/p>\n<h3>Match sp\u00fa\u0161\u0165 a trojpolohov\u00e1 poistka<\/h3>\n<p>Dvojstup\u0148ov\u00e1 HACT (HOWA Actuator Controlled Trigger) je z v\u00fdroby nastaven\u00e1 v rozsahu 2,5 \u2013 3 lb. \u013dahk\u00fd prv\u00fd stupe\u0148 prech\u00e1dza do \u010distej steny druh\u00e9ho stup\u0148a, poskytuj\u00fac pocit match sp\u00fa\u0161te priamo z krabice. Trojpolohov\u00e1 poistka umo\u017e\u0148uje vybitie so zaistenou poistkou \u2014 funkcia, ktor\u00fa seri\u00f3znym strelcom o\u010dak\u00e1vaj\u00fa.<\/p>\n<h3>\u0164a\u017ek\u00e1 hlave\u0148 so z\u00e1vitom 26&#8243;<\/h3>\n<p>\u0164a\u017ek\u00e1, vo\u013ene pl\u00e1vaj\u00faca hlave\u0148 26&#8243; so st\u00fapan\u00edm 1:8&#8243; plne vyu\u017e\u00edva balistiku 6.5 Creedmoor. Dlh\u0161ia hlave\u0148 z\u00edskava ka\u017ed\u00fd k\u00fasok r\u00fdchlosti z \u0165a\u017e\u0161\u00edch striel s vysok\u00fdm BC v rozsahu 130 \u2013 147 gr \u2014 presne tam, kde 6.5 CM \u017eiari. \u00dastie m\u00e1 z\u00e1vit 5\/8&#8243;-24 UNEF pre brzdu alebo tlmi\u010d.<\/p>\n<h3>Premium komponenty v balen\u00ed<\/h3>\n<ul>\n<li>Kovan\u00e1 akcia HOWA 1500 s le\u0161t\u011bn\u00fdm z\u00e1verom<\/li>\n<li>Dvojstup\u0148ov\u00e1 match sp\u00fa\u0161\u0165 HACT, nastaven\u00e1 z v\u00fdroby<\/li>\n<li>Trojpolohov\u00e1 poistka<\/li>\n<li>Z\u00e1vit \u00fastia 5\/8&#8243;-24 pre brzdu alebo tlmi\u010d<\/li>\n<li>Tov\u00e1rensk\u00e1 z\u00e1ruka HOWA pre presnos\u0165 sub-MOA<\/li>\n<\/ul>\n<h3>Technick\u00e9 \u00fadaje<\/h3>\n<table>\n<tr>\n<th>Mechanizmus<\/th>\n<td>Opakovac\u00ed HOWA 1500, jednodielny kovan\u00fd z\u00e1ver<\/td>\n<\/tr>\n<tr>\n<th>Kaliber<\/th>\n<td>6.5 Creedmoor<\/td>\n<\/tr>\n<tr>\n<th>D\u013a\u017eka hlavne<\/th>\n<td>26&#8243;<\/td>\n<\/tr>\n<tr>\n<th>Profil hlavne<\/th>\n<td>\u0164a\u017ek\u00fd, vo\u013ene pl\u00e1vaj\u00faca<\/td>\n<\/tr>\n<tr>\n<th>St\u00fapanie<\/th>\n<td>1:8&#8243;<\/td>\n<\/tr>\n<tr>\n<th>Z\u00e1vit \u00fastia<\/th>\n<td>5\/8&#8243;-24 UNEF<\/td>\n<\/tr>\n<tr>\n<th>Celkov\u00e1 d\u013a\u017eka<\/th>\n<td>~45&#8243;<\/td>\n<\/tr>\n<tr>\n<th>Hmotnos\u0165<\/th>\n<td>~9,9 lbs<\/td>\n<\/tr>\n<tr>\n<th>Pa\u017eba \/ \u0161asi<\/th>\n<td>KRG Bravo \u2014 hlin\u00edkov\u00e1 chrbtica, polym\u00e9rov\u00e1 \u0161krupina<\/td>\n<\/tr>\n<tr>\n<th>L\u00f4\u017ekovanie<\/th>\n<td>KRG Radius Bedding (plnod\u013a\u017ekov\u00fd hlin\u00edkov\u00fd V-blok)<\/td>\n<\/tr>\n<tr>\n<th>Sp\u00fa\u0161\u0165<\/th>\n<td>HACT match dvojstup\u0148ov\u00e1, z v\u00fdroby ~2,5\u20133 lb<\/td>\n<\/tr>\n<tr>\n<th>Poistka<\/th>\n<td>Trojpolohov\u00e1<\/td>\n<\/tr>\n<tr>\n<th>Povrch<\/th>\n<td>Matne \u010dierne<\/td>\n<\/tr>\n<tr>\n<th>Z\u00e1ruka presnosti<\/th>\n<td>Sub-1 MOA (3 v\u00fdstrely @ 100 yds, pr\u00e9miov\u00e9 strelivo)<\/td>\n<\/tr>\n<\/table>\n","protected":false},"excerpt":{"rendered":"<p>Presn\u00e1 opakovacia pu\u0161ka na stre\u013ebu na dlh\u00e9 vzdialenosti, kombinuj\u00faca kovan\u00fa akciu HOWA 1500 so \u0161asi Kinetic Research Group Bravo. \u0164a\u017ek\u00e1 hlave\u0148 so z\u00e1vitom 26&#8243; v 6.5 Creedmoor.<\/p>\n","protected":false},"featured_media":754820,"template":"","meta":{"_acf_changed":false},"product_brand":[16230],"product_cat":[13350,16057,13397],"product_tag":[],"class_list":{"0":"post-753011","1":"product","2":"type-product","3":"status-publish","4":"has-post-thumbnail","6":"product_brand-howa","7":"product_cat-licencovane","8":"product_cat-bolt-action-rifles-sk","9":"product_cat-puska","11":"first","12":"instock","13":"taxable","14":"shipping-taxable","15":"product-type-simple"},"acf":[],"_links":{"self":[{"href":"https:\/\/nbg.eu\/sk\/wp-json\/wp\/v2\/product\/753011","targetHints":{"allow":["GET"]}}],"collection":[{"href":"https:\/\/nbg.eu\/sk\/wp-json\/wp\/v2\/product"}],"about":[{"href":"https:\/\/nbg.eu\/sk\/wp-json\/wp\/v2\/types\/product"}],"wp:featuredmedia":[{"embeddable":true,"href":"https:\/\/nbg.eu\/sk\/wp-json\/wp\/v2\/media\/754820"}],"wp:attachment":[{"href":"https:\/\/nbg.eu\/sk\/wp-json\/wp\/v2\/media?parent=753011"}],"wp:term":[{"taxonomy":"product_brand","embeddable":true,"href":"https:\/\/nbg.eu\/sk\/wp-json\/wp\/v2\/product_brand?post=753011"},{"taxonomy":"product_cat","embeddable":true,"href":"https:\/\/nbg.eu\/sk\/wp-json\/wp\/v2\/product_cat?post=753011"},{"taxonomy":"product_tag","embeddable":true,"href":"https:\/\/nbg.eu\/sk\/wp-json\/wp\/v2\/product_tag?post=753011"}],"curies":[{"name":"wp","href":"https:\/\/api.w.org\/{rel}","templated":true}]}}