{"id":753061,"date":"2026-04-22T14:06:45","date_gmt":"2026-04-22T11:06:45","guid":{"rendered":"https:\/\/nbg.eu\/product\/samonabijacia-puska-ruger-ar-556-mpr-18-kal-223-rem\/"},"modified":"2026-05-07T17:47:56","modified_gmt":"2026-05-07T14:47:56","slug":"samonabijacia-puska-ruger-ar-556-mpr-18-kal-223-rem","status":"publish","type":"product","link":"https:\/\/nbg.eu\/sk\/produkt\/samonabijacia-puska-ruger-ar-556-mpr-18-kal-223-rem\/","title":{"rendered":"Ruger AR-556 MPR 18 samonab\u00edjacia pu\u0161ka, kal. .223 Rem"},"content":{"rendered":"<h2>Samonab\u00edjacia pu\u0161ka Ruger AR-556 MPR 18 .223 Rem<\/h2>\n<p>MPR 18 palcov je navrhnut\u00fd pre presnos\u0165 na stredn\u00fa vzdialenos\u0165, sp\u00e1ja 18&#8243; za studena kovan\u00fa hlave\u0148 s plynov\u00fdm syst\u00e9mom d\u013a\u017eky rifle pre najplynulej\u0161\u00ed cyklus v MPR rade. Zachov\u00e1va pr\u00e9miov\u00e9 vlastnosti MPR: 15&#8243; vo\u013ene pl\u00e1vaj\u00face M-LOK predpa\u017ebie, dvojstup\u0148ov\u00fd AR-Trigger Ruger Elite 452 s \u010dist\u00fdm stiskom 4,5 lb a kovan\u00e9 puzdr\u00e1 7075-T6 eloxovan\u00e9 Type III. Dlh\u0161ia hlave\u0148 a port plynu d\u013a\u017eky rifle d\u00e1vaj\u00fa lep\u0161iu r\u00fdchlos\u0165, ni\u017e\u0161\u00ed tlak v porte a vylep\u0161en\u00fa presnos\u0165 s \u0165a\u017e\u0161\u00edmi strelami (a\u017e 77 gr) \u2014 siln\u00e1 vo\u013eba pre strelca, ktor\u00fd chce jednu AR pre obrann\u00fa aj presn\u00fa pr\u00e1cu.<\/p>\n<h3>Plynov\u00fd syst\u00e9m d\u013a\u017eky rifle<\/h3>\n<p>Plynov\u00fd syst\u00e9m d\u013a\u017eky rifle je najdlh\u0161\u00ed \u0161tandardn\u00fd AR-15 plynov\u00fd syst\u00e9m. Dlh\u0161ia doba zdr\u017eania znamen\u00e1 ni\u017e\u0161\u00ed tlak v porte, \u010do sa prejavuje v menej n\u00e1silnom cyklovan\u00ed z\u00e1veru, men\u0161om opotreben\u00ed a plynulej\u0161ie strielaj\u00facej pu\u0161ke. Je to najvyzretej\u0161ia konfigur\u00e1cia pre hlave\u0148 triedy 18&#8243;.<\/p>\n<h3>18&#8243; za studena kovan\u00e1 vo\u013ene pl\u00e1vaj\u00faca hlave\u0148<\/h3>\n<p>Hlave\u0148 18&#8243; z\u00edskava viac r\u00fdchlosti z .223 \/ 5.56 ne\u017e typick\u00e1 16&#8243;, obzvl\u00e1\u0161\u0165 s 69\u201377-gr match strelami. Vo\u013ene pl\u00e1vaj\u00faca hlave\u0148 br\u00e1ni predpa\u017ebiu ovplyv\u0148ova\u0165 harmoniku, a 5-dr\u00e1\u017ekov\u00fd za studena kovan\u00fd v\u00fdvrt poskytuje vynikaj\u00facu presnos\u0165 priamo z v\u00fdroby.<\/p>\n<h3>Dvojstup\u0148ov\u00e1 sp\u00fa\u0161\u0165 Ruger Elite 452<\/h3>\n<p>Rovnak\u00e1 dvojstup\u0148ov\u00e1 sp\u00fa\u0161\u0165 ako u MPR 16&#8243; \u2014 ~4,5 lb, \u010dist\u00e1, predv\u00eddate\u013en\u00e1 \u2014 je ide\u00e1lny partner pre presn\u00fa pr\u00e1cu na dlh\u0161\u00edch vzdialenostiach.<\/p>\n<h3>Vo\u013ene pl\u00e1vaj\u00face M-LOK predpa\u017ebie 15&#8243;<\/h3>\n<p>\u010eal\u0161\u00edch 1,5 palca predpa\u017ebia oproti MPR 16&#8243; d\u00e1va viac miesta pre umiestnenie ruky, upevnenie dvojno\u017eky a mont\u00e1\u017e pr\u00edslu\u0161enstva, zatia\u013e \u010do hlave\u0148 st\u00e1le pl\u00e1va \u010disto.<\/p>\n<h3>Premium komponenty v balen\u00ed<\/h3>\n<ul>\n<li>Dvojstup\u0148ov\u00fd AR-Trigger Ruger Elite 452, ~4,5 lb<\/li>\n<li>Vo\u013ene pl\u00e1vaj\u00face M-LOK predpa\u017ebie 15&#8243;<\/li>\n<li>Plynov\u00fd syst\u00e9m d\u013a\u017eky rifle<\/li>\n<li>Kovan\u00e9 puzdr\u00e1 7075-T6, pod\u00e1vacie rampy M4, eloxovan\u00e9 Type III<\/li>\n<\/ul>\n<h3>Technick\u00e9 \u00fadaje<\/h3>\n<table>\n<tr>\n<th>Mechanizmus<\/th>\n<td>Samonab\u00edjac\u00ed, priamy odber plynov<\/td>\n<\/tr>\n<tr>\n<th>Kaliber<\/th>\n<td>5.56 NATO \/ .223 Rem<\/td>\n<\/tr>\n<tr>\n<th>D\u013a\u017eka hlavne<\/th>\n<td>18&#8243;<\/td>\n<\/tr>\n<tr>\n<th>Materi\u00e1l hlavne<\/th>\n<td>Chr\u00f3m-molybd\u00e9nov\u00e1 4140 kovan\u00e1 za studena, 5 dr\u00e1\u017eok, vo\u013ene pl\u00e1vaj\u00faca<\/td>\n<\/tr>\n<tr>\n<th>St\u00fapanie<\/th>\n<td>1:8&#8243; prav\u00e9<\/td>\n<\/tr>\n<tr>\n<th>Z\u00e1vit \u00fastia<\/th>\n<td>1\/2&#8243;-28<\/td>\n<\/tr>\n<tr>\n<th>Plynov\u00fd syst\u00e9m<\/th>\n<td>D\u013a\u017eka rifle<\/td>\n<\/tr>\n<tr>\n<th>Puzdr\u00e1<\/th>\n<td>Kovan\u00fd hlin\u00edk 7075-T6, eloxovan\u00e9 Type III, pod\u00e1vacie rampy M4<\/td>\n<\/tr>\n<tr>\n<th>Sp\u00fa\u0161\u0165<\/th>\n<td>Ruger Elite 452 AR-Trigger dvojstup\u0148ov\u00e1, ~4,5 lb<\/td>\n<\/tr>\n<tr>\n<th>Predpa\u017ebie<\/th>\n<td>15&#8243; vo\u013ene pl\u00e1vaj\u00face M-LOK<\/td>\n<\/tr>\n<tr>\n<th>Pa\u017eba<\/th>\n<td>Magpul MOE SL, teleskopick\u00e1<\/td>\n<\/tr>\n<tr>\n<th>Rukov\u00e4\u0165<\/th>\n<td>Magpul MOE<\/td>\n<\/tr>\n<tr>\n<th>Hmotnos\u0165<\/th>\n<td>6,8 lb<\/td>\n<\/tr>\n<tr>\n<th>Celkov\u00e1 d\u013a\u017eka<\/th>\n<td>35,00&#8243; \u2013 38,25&#8243;<\/td>\n<\/tr>\n<\/table>\n","protected":false},"excerpt":{"rendered":"<p>Presn\u00fd AR-15 stredn\u00e9ho dosahu s 18&#8243; za studena kovanou vo\u013ene pl\u00e1vaj\u00facou hlav\u0148ou, plynov\u00fdm syst\u00e9mom d\u013a\u017eky rifle, dvojstup\u0148ovou sp\u00fa\u0161\u0165ou Ruger Elite 452, M-LOK predpa\u017eb\u00edm 15&#8243; a vybaven\u00edm Magpul MOE SL.<\/p>\n","protected":false},"featured_media":753062,"template":"","meta":{"_acf_changed":false},"product_brand":[16232],"product_cat":[16204,13329,13350,13397,15840],"product_tag":[],"class_list":{"0":"post-753061","1":"product","2":"type-product","3":"status-publish","4":"has-post-thumbnail","6":"product_brand-ruger","7":"product_cat-ar-15-rifles-sk","8":"product_cat-karabiny","9":"product_cat-licencovane","10":"product_cat-puska","11":"product_cat-semi-automatic-rifles-sk","13":"first","14":"instock","15":"taxable","16":"shipping-taxable","17":"product-type-simple"},"acf":[],"_links":{"self":[{"href":"https:\/\/nbg.eu\/sk\/wp-json\/wp\/v2\/product\/753061","targetHints":{"allow":["GET"]}}],"collection":[{"href":"https:\/\/nbg.eu\/sk\/wp-json\/wp\/v2\/product"}],"about":[{"href":"https:\/\/nbg.eu\/sk\/wp-json\/wp\/v2\/types\/product"}],"wp:featuredmedia":[{"embeddable":true,"href":"https:\/\/nbg.eu\/sk\/wp-json\/wp\/v2\/media\/753062"}],"wp:attachment":[{"href":"https:\/\/nbg.eu\/sk\/wp-json\/wp\/v2\/media?parent=753061"}],"wp:term":[{"taxonomy":"product_brand","embeddable":true,"href":"https:\/\/nbg.eu\/sk\/wp-json\/wp\/v2\/product_brand?post=753061"},{"taxonomy":"product_cat","embeddable":true,"href":"https:\/\/nbg.eu\/sk\/wp-json\/wp\/v2\/product_cat?post=753061"},{"taxonomy":"product_tag","embeddable":true,"href":"https:\/\/nbg.eu\/sk\/wp-json\/wp\/v2\/product_tag?post=753061"}],"curies":[{"name":"wp","href":"https:\/\/api.w.org\/{rel}","templated":true}]}}