{"id":753068,"date":"2026-04-22T14:06:47","date_gmt":"2026-04-22T11:06:47","guid":{"rendered":"https:\/\/nbg.eu\/product\/samonabijacia-karabina-ruger-pc-carbine-kal-9x19\/"},"modified":"2026-04-30T17:24:33","modified_gmt":"2026-04-30T14:24:33","slug":"samonabijacia-karabina-ruger-pc-carbine-kal-9x19","status":"publish","type":"product","link":"https:\/\/nbg.eu\/sk\/produkt\/samonabijacia-karabina-ruger-pc-carbine-kal-9x19\/","title":{"rendered":"Samonab\u00edjacia karab\u00edna Ruger PC Carbine, kal. 9&#215;19"},"content":{"rendered":"<h2>Samonab\u00edjacia karab\u00edna Ruger PC Carbine 9&#215;19<\/h2>\n<p>Ruger PC Carbine je 9 mm karab\u00edna pi\u0161to\u013eovej r\u00e1zy so syst\u00e9mom takedown, ktor\u00e1 kombinuje ovl\u00e1danie legend\u00e1rnej 10\/22 s modularitou po\u017eadovanou modern\u00fdmi strelcami. Jej charakteristickou funkciou je syst\u00e9m vymenite\u013en\u00fdch \u0161achiet z\u00e1sobn\u00edka \u2014 dod\u00e1va sa s nain\u0161talovanou \u0161achtou Ruger SR-Series \/ Security-9 a druhou \u0161achtou Glock v krabici, umo\u017e\u0148uj\u00facou karab\u00edne zdie\u013ea\u0165 strelivo a z\u00e1sobn\u00edky s mnoh\u00fdmi popul\u00e1rnymi pi\u0161to\u013eami 9 mm.<\/p>\n<h3>Dead-blow akcia s wolfr\u00e1mom<\/h3>\n<p>Z\u00e1kazkov\u00e9 wolfr\u00e1mov\u00e9 dead-blow z\u00e1va\u017eie skracuje pohyb z\u00e1veru a drasticky zni\u017euje poci\u0165ovan\u00fd sp\u00e4tn\u00fd r\u00e1z a zdv\u00edhanie \u00fastia. V\u00fdsledok: r\u00fdchlej\u0161ie nasleduj\u00face v\u00fdstrely a zrete\u013ene plynulej\u0161\u00ed impulz ne\u017e u typick\u00fdch blowback 9 mm karab\u00edn.<\/p>\n<h3>Kon\u0161trukcia takedown<\/h3>\n<p>Syst\u00e9m r\u00fdchleho takedown odde\u013euje hlave\u0148\/predpa\u017ebie od akcie v sekund\u00e1ch pre kompaktn\u00e9 skladovanie alebo prepravu. Zostavenie je tak jednoduch\u00e9 ako stla\u010denie p\u00e1\u010dky takedown a oto\u010denie predpa\u017ebia sp\u00e4\u0165 na miesto.<\/p>\n<h3>Vymenite\u013en\u00e9 \u0161achty z\u00e1sobn\u00edka<\/h3>\n<p>PC Carbine sa dod\u00e1va s nain\u0161talovanou \u0161achtou Ruger SR-series \/ Security-9 a \u0161achtou \u0161t\u00fdlu Glock v krabici. Zmena je bezn\u00e1strojov\u00e1. M\u00f4\u017eete zdie\u013ea\u0165 z\u00e1sobn\u00edky a strelivo s va\u0161ou pi\u0161to\u013eou Ruger alebo Glock, zjednodu\u0161uj\u00fac logistiku tr\u00e9ningu a dom\u00e1cej obrany.<\/p>\n<h3>Obojstrann\u00e9 ovl\u00e1dacie prvky<\/h3>\n<p>Tla\u010didlo z\u00e1sobn\u00edka aj p\u00e1\u010dka nap\u00edna\u010da s\u00fa obojstrann\u00e9 pre \u013eavoruk\u00e9 alebo pravoruk\u00e9 pou\u017eitie \u2014 vz\u00e1cna funkcia v tejto triede karab\u00edny.<\/p>\n<h3>Z\u00e1vitov\u00e1 za studena kovan\u00e1 hlave\u0148<\/h3>\n<p>Za studena kovan\u00e1, dr\u00e1\u017ekovan\u00e1, chr\u00f3m-molybd\u00e9nov\u00e1 hlave\u0148 16,12&#8243; m\u00e1 z\u00e1vit 1\/2&#8243;-28 pre tlmi\u010de alebo \u00fastne zariadenia a dod\u00e1va sa s ochrann\u00fdm krytom.<\/p>\n<h3>Premium komponenty v balen\u00ed<\/h3>\n<ul>\n<li>Dead-blow akcia s wolfr\u00e1mom pre zn\u00ed\u017een\u00fd sp\u00e4tn\u00fd r\u00e1z<\/li>\n<li>Kon\u0161trukcia takedown s r\u00fdchlym oddelen\u00edm hlavne\/predpa\u017ebia<\/li>\n<li>Z\u00e1vitov\u00e1, dr\u00e1\u017ekovan\u00e1, za studena kovan\u00e1 hlave\u0148 (ochrann\u00fd kryt v balen\u00ed)<\/li>\n<li>Pa\u017eba s nastavite\u013en\u00fdm LOP s tromi rozperkami 0,5&#8243;<\/li>\n<li>Nastavite\u013en\u00e9 zadn\u00e9 mieridl\u00e1 ghost-ring, chr\u00e1nen\u00e1 predn\u00e1 mu\u0161ka<\/li>\n<\/ul>\n<h3>Technick\u00e9 \u00fadaje<\/h3>\n<table>\n<tr>\n<th>Akcia<\/th>\n<td>Samonab\u00edjacia blowback s wolfr\u00e1mov\u00fdm dead-blow z\u00e1va\u017e\u00edm<\/td>\n<\/tr>\n<tr>\n<th>Kaliber<\/th>\n<td>9 mm Luger (9&#215;19)<\/td>\n<\/tr>\n<tr>\n<th>D\u013a\u017eka hlavne<\/th>\n<td>16,12&#8243;<\/td>\n<\/tr>\n<tr>\n<th>Materi\u00e1l hlavne<\/th>\n<td>Chr\u00f3m-molybd\u00e9nov\u00e1 za studena kovan\u00e1, dr\u00e1\u017ekovan\u00e1, z\u00e1vit 1\/2&#8243;-28<\/td>\n<\/tr>\n<tr>\n<th>St\u00fapanie<\/th>\n<td>1:10&#8243; prav\u00e9, 6 dr\u00e1\u017eok<\/td>\n<\/tr>\n<tr>\n<th>Celkov\u00e1 d\u013a\u017eka<\/th>\n<td>34,37&#8243;<\/td>\n<\/tr>\n<tr>\n<th>D\u013a\u017eka pa\u017eby<\/th>\n<td>12,62&#8243; \u2013 14,12&#8243; (s tromi rozperkami 0,5&#8243;)<\/td>\n<\/tr>\n<tr>\n<th>Hmotnos\u0165<\/th>\n<td>6,8 lb<\/td>\n<\/tr>\n<tr>\n<th>Puzdro<\/th>\n<td>Hlin\u00edk billet 7075-T6 obroben\u00fd CNC, eloxovan\u00e9 Type III<\/td>\n<\/tr>\n<tr>\n<th>Sp\u00fa\u0161\u0165<\/th>\n<td>\u0160t\u00fdlu 10\/22 jednostup\u0148ov\u00e1<\/td>\n<\/tr>\n<tr>\n<th>Mieridl\u00e1<\/th>\n<td>Chr\u00e1nen\u00e1 predn\u00e1 mu\u0161ka, nastavite\u013en\u00e9 zadn\u00e9 ghost-ring; horn\u00e1 li\u0161ta Picatinny<\/td>\n<\/tr>\n<\/table>\n","protected":false},"excerpt":{"rendered":"<p>9 mm karab\u00edna pi\u0161to\u013eovej r\u00e1zy s funkciou takedown. Dead-blow akcia s wolfr\u00e1mom zni\u017euje sp\u00e4tn\u00fd r\u00e1z, obojstrann\u00e9 ovl\u00e1dacie prvky, dr\u00e1\u017ekovan\u00e1 z\u00e1vitov\u00e1 hlave\u0148 16,12&#8243;.<\/p>\n","protected":false},"featured_media":755003,"template":"","meta":{"_acf_changed":false},"product_brand":[16232],"product_cat":[13329,13350,13362,13397,15840],"product_tag":[],"class_list":{"0":"post-753068","1":"product","2":"type-product","3":"status-publish","4":"has-post-thumbnail","6":"product_brand-ruger","7":"product_cat-karabiny","8":"product_cat-licencovane","9":"product_cat-pcc","10":"product_cat-puska","11":"product_cat-semi-automatic-rifles-sk","13":"first","14":"instock","15":"taxable","16":"shipping-taxable","17":"product-type-simple"},"acf":[],"_links":{"self":[{"href":"https:\/\/nbg.eu\/sk\/wp-json\/wp\/v2\/product\/753068","targetHints":{"allow":["GET"]}}],"collection":[{"href":"https:\/\/nbg.eu\/sk\/wp-json\/wp\/v2\/product"}],"about":[{"href":"https:\/\/nbg.eu\/sk\/wp-json\/wp\/v2\/types\/product"}],"wp:featuredmedia":[{"embeddable":true,"href":"https:\/\/nbg.eu\/sk\/wp-json\/wp\/v2\/media\/755003"}],"wp:attachment":[{"href":"https:\/\/nbg.eu\/sk\/wp-json\/wp\/v2\/media?parent=753068"}],"wp:term":[{"taxonomy":"product_brand","embeddable":true,"href":"https:\/\/nbg.eu\/sk\/wp-json\/wp\/v2\/product_brand?post=753068"},{"taxonomy":"product_cat","embeddable":true,"href":"https:\/\/nbg.eu\/sk\/wp-json\/wp\/v2\/product_cat?post=753068"},{"taxonomy":"product_tag","embeddable":true,"href":"https:\/\/nbg.eu\/sk\/wp-json\/wp\/v2\/product_tag?post=753068"}],"curies":[{"name":"wp","href":"https:\/\/api.w.org\/{rel}","templated":true}]}}