{"id":753081,"date":"2026-04-22T14:06:51","date_gmt":"2026-04-22T11:06:51","guid":{"rendered":"https:\/\/nbg.eu\/product\/samonabijacia-puska-lwrc-di-kal-223-rem\/"},"modified":"2026-05-07T17:49:32","modified_gmt":"2026-05-07T14:49:32","slug":"samonabijacia-puska-lwrc-di-kal-223-rem","status":"publish","type":"product","link":"https:\/\/nbg.eu\/sk\/produkt\/samonabijacia-puska-lwrc-di-kal-223-rem\/","title":{"rendered":"LWRC DI samonab\u00edjacia pu\u0161ka, kal. .223 Rem"},"content":{"rendered":"<h2>Samonab\u00edjacia pu\u0161ka LWRC DI .223 Rem<\/h2>\n<p>LWRC IC-DI je direct impingement varianta rodiny Individual Carbine, postaven\u00e1 na jednodielnom monokovanom hornom puzdre LWRC a kombinuj\u00faca za studena kovan\u00fa, NiCorr o\u0161etren\u00fa hlave\u0148 16,1&#8243; LWRC s mid-length DGI syst\u00e9mom. Pou\u017e\u00edva plnod\u013a\u017ekov\u00e9 vo\u013ene pl\u00e1vaj\u00face M-LOK predpa\u017ebie, obojstrann\u00fa p\u00e1\u010dku nap\u00edna\u010da LWRC a ich pokro\u010dil\u00fd l\u00fa\u010dik navrhnut\u00fd pre manipul\u00e1ciu s rukavicami. Cieli na u\u017e\u00edvate\u013eov, ktor\u00ed chc\u00fa kvalitu v\u00fdroby a ergon\u00f3miu LWRC bez n\u00e1kladov alebo hmotnosti short-stroke piestov\u00e9ho IC-A5.<\/p>\n<h3>LWRC monokovan\u00e9 horn\u00e9 puzdro<\/h3>\n<p>Charakteristick\u00e9 jednodielne monokovan\u00e9 horn\u00e9 puzdro LWRC integruje rozhranie mont\u00e1\u017ee predpa\u017ebia ako s\u00fa\u010das\u0165 v\u00fdkovku. To vytv\u00e1ra tuh\u0161ie, silnej\u0161ie horn\u00e9 puzdro ne\u017e li\u0161tov\u00e9 syst\u00e9my upevnen\u00e9 skrutkami a udr\u017euje nulu akejko\u013evek optiky namontovanej na plnod\u013a\u017ekovej hornej li\u0161te.<\/p>\n<h3>Za studena kovan\u00e1 NiCorr hlave\u0148<\/h3>\n<p>Hlave\u0148 16,1&#8243; je za studena kovan\u00e1 a o\u0161etren\u00e1 NiCorr \u2014 nitrida\u010dn\u00fd proces, ktor\u00fd vytv\u00e1ra mimoriadne tvrd\u00e9, kor\u00f3zii odoln\u00e9 pod\u0161\u00edvkovanie v\u00fdvrtu s v\u00fdnimo\u010dnou \u017eivotnos\u0165ou. \u0160pir\u00e1lov\u00e9 dr\u00e1\u017eky zni\u017euj\u00fa hmotnos\u0165 pri pom\u00e1han\u00ed rozptylu tepla.<\/p>\n<h3>Obojstrann\u00e1 p\u00e1\u010dka nap\u00edna\u010da<\/h3>\n<p>Obojstrann\u00e1 p\u00e1\u010dka nap\u00edna\u010da LWRC m\u00e1 nadrozmern\u00e9 z\u00e1padky na oboch stran\u00e1ch, umo\u017e\u0148uj\u00fac r\u00fdchlu, pozit\u00edvnu manipul\u00e1ciu jednou rukou alebo v polohe ramena.<\/p>\n<h3>Pokro\u010dil\u00fd l\u00fa\u010dik LWRCI<\/h3>\n<p>Zv\u00e4\u010d\u0161en\u00fd &#8222;winter-glove friendly&#8220; l\u00fa\u010dik je odliean\u00fd ako s\u00fa\u010das\u0165 doln\u00e9ho puzdra a pojme objemn\u00e9 rukavice bez nutnosti aftermarketovej in\u0161tal\u00e1cie.<\/p>\n<h3>Premium komponenty v balen\u00ed<\/h3>\n<ul>\n<li>Jednodielne monokovan\u00e9 horn\u00e9 puzdro LWRCI, 7075-T6<\/li>\n<li>16,1&#8243; za studena kovan\u00e1 NiCorr o\u0161etren\u00e1 \u0161pir\u00e1lovo dr\u00e1\u017ekovan\u00e1 hlave\u0148<\/li>\n<li>Mid-length DGI plynov\u00fd syst\u00e9m<\/li>\n<li>Plnod\u013a\u017ekov\u00e9 vo\u013ene pl\u00e1vaj\u00face M-LOK predpa\u017ebie s vylep\u0161enou hornou li\u0161tou<\/li>\n<li>Obojstrann\u00e1 p\u00e1\u010dka nap\u00edna\u010da<\/li>\n<li>Pokro\u010dil\u00fd l\u00fa\u010dik LWRCI<\/li>\n<li>Kompaktn\u00e1 nastavite\u013en\u00e1 \u0161es\u0165polohov\u00e1 pa\u017eba LWRCI<\/li>\n<li>Buffer H2 pre plynulej\u0161\u00ed impulz<\/li>\n<\/ul>\n<h3>Technick\u00e9 \u00fadaje<\/h3>\n<table>\n<tr>\n<th>Mechanizmus<\/th>\n<td>Samonab\u00edjac\u00ed, priamy odber plynov, mid-length<\/td>\n<\/tr>\n<tr>\n<th>Kaliber<\/th>\n<td>5.56 NATO \/ .223 Rem<\/td>\n<\/tr>\n<tr>\n<th>D\u013a\u017eka hlavne<\/th>\n<td>16,1&#8243;<\/td>\n<\/tr>\n<tr>\n<th>Hlave\u0148<\/th>\n<td>Za studena kovan\u00e1, NiCorr o\u0161etren\u00e1, \u0161pir\u00e1lovo dr\u00e1\u017ekovan\u00e1<\/td>\n<\/tr>\n<tr>\n<th>St\u00fapanie<\/th>\n<td>1:7&#8243;<\/td>\n<\/tr>\n<tr>\n<th>Horn\u00e9 puzdro<\/th>\n<td>Hlin\u00edk 7075-T6 monokovan\u00fd LWRCI<\/td>\n<\/tr>\n<tr>\n<th>Doln\u00e9 puzdro<\/th>\n<td>Kovan\u00fd hlin\u00edk 7075-T6<\/td>\n<\/tr>\n<tr>\n<th>Predpa\u017ebie<\/th>\n<td>LWRCI M-LOK vo\u013ene pl\u00e1vaj\u00face, plnod\u013a\u017ekov\u00e9<\/td>\n<\/tr>\n<tr>\n<th>Pa\u017eba<\/th>\n<td>LWRCI kompaktn\u00e1 nastavite\u013en\u00e1 \u0161es\u0165polohov\u00e1<\/td>\n<\/tr>\n<tr>\n<th>Rukov\u00e4\u0165<\/th>\n<td>Magpul MOE+<\/td>\n<\/tr>\n<tr>\n<th>P\u00e1\u010dka nap\u00edna\u010da<\/th>\n<td>Obojstrann\u00e1<\/td>\n<\/tr>\n<tr>\n<th>\u00dastne zariadenie<\/th>\n<td>A2 \u00fastna ozdoba<\/td>\n<\/tr>\n<tr>\n<th>Buffer<\/th>\n<td>H2 s mil-spec pru\u017einou<\/td>\n<\/tr>\n<tr>\n<th>Povrch<\/th>\n<td>\u010cierny \/ Tungsten Gray \/ FDE \/ Burnt Bronze (Cerakote elox\u00e1cia)<\/td>\n<\/tr>\n<tr>\n<th>Hmotnos\u0165<\/th>\n<td>~6,6 lb<\/td>\n<\/tr>\n<tr>\n<th>Celkov\u00e1 d\u013a\u017eka<\/th>\n<td>32&#8243; \u2013 35,25&#8243;<\/td>\n<\/tr>\n<\/table>\n","protected":false},"excerpt":{"rendered":"<p>Direct impingement varianta LWRC Individual Carbine. Jednodielne monokovan\u00e9 horn\u00e9 puzdro, 16,1&#8243; za studena kovan\u00e1 NiCorr o\u0161etren\u00e1 \u0161pir\u00e1lovo dr\u00e1\u017ekovan\u00e1 hlave\u0148, mid-length plyn, plnod\u013a\u017ekov\u00e1 vo\u013ene pl\u00e1vaj\u00faca M-LOK li\u0161ta, obojstrann\u00e1 p\u00e1\u010dka nap\u00edna\u010da.<\/p>\n","protected":false},"featured_media":755052,"template":"","meta":{"_acf_changed":false},"product_brand":[16235],"product_cat":[16204,13329,13350,13397,15840],"product_tag":[],"class_list":{"0":"post-753081","1":"product","2":"type-product","3":"status-publish","4":"has-post-thumbnail","6":"product_brand-lwrc","7":"product_cat-ar-15-rifles-sk","8":"product_cat-karabiny","9":"product_cat-licencovane","10":"product_cat-puska","11":"product_cat-semi-automatic-rifles-sk","13":"first","14":"instock","15":"taxable","16":"shipping-taxable","17":"product-type-simple"},"acf":[],"_links":{"self":[{"href":"https:\/\/nbg.eu\/sk\/wp-json\/wp\/v2\/product\/753081","targetHints":{"allow":["GET"]}}],"collection":[{"href":"https:\/\/nbg.eu\/sk\/wp-json\/wp\/v2\/product"}],"about":[{"href":"https:\/\/nbg.eu\/sk\/wp-json\/wp\/v2\/types\/product"}],"wp:featuredmedia":[{"embeddable":true,"href":"https:\/\/nbg.eu\/sk\/wp-json\/wp\/v2\/media\/755052"}],"wp:attachment":[{"href":"https:\/\/nbg.eu\/sk\/wp-json\/wp\/v2\/media?parent=753081"}],"wp:term":[{"taxonomy":"product_brand","embeddable":true,"href":"https:\/\/nbg.eu\/sk\/wp-json\/wp\/v2\/product_brand?post=753081"},{"taxonomy":"product_cat","embeddable":true,"href":"https:\/\/nbg.eu\/sk\/wp-json\/wp\/v2\/product_cat?post=753081"},{"taxonomy":"product_tag","embeddable":true,"href":"https:\/\/nbg.eu\/sk\/wp-json\/wp\/v2\/product_tag?post=753081"}],"curies":[{"name":"wp","href":"https:\/\/api.w.org\/{rel}","templated":true}]}}