{"id":753087,"date":"2026-04-22T14:06:53","date_gmt":"2026-04-22T11:06:53","guid":{"rendered":"https:\/\/nbg.eu\/product\/samonabijacia-puska-springfield-armory-saint-victor-fde-kal-223-rem\/"},"modified":"2026-05-07T17:49:59","modified_gmt":"2026-05-07T14:49:59","slug":"samonabijacia-puska-springfield-armory-saint-victor-fde-kal-223-rem","status":"publish","type":"product","link":"https:\/\/nbg.eu\/sk\/produkt\/samonabijacia-puska-springfield-armory-saint-victor-fde-kal-223-rem\/","title":{"rendered":"Springfield Armory Saint Victor FDE samonab\u00edjacia pu\u0161ka, kal. .223 Rem"},"content":{"rendered":"<h2>Samonab\u00edjacia pu\u0161ka Springfield Armory Saint Victor FDE .223 Rem<\/h2>\n<p>SAINT Victor 5.56 je vylep\u0161en\u00e1 \u00farove\u0148 rodiny SAINT: 16&#8243; CMV hlave\u0148 o\u0161etren\u00e1 Melonite s mid-length DGI, Accu-Tite napnut\u00e9 7075-T6 doln\u00e9 puzdro, 15&#8243; hlin\u00edkov\u00e9 M-LOK vo\u013ene pl\u00e1vaj\u00face predpa\u017ebie, ploch\u00e1 sp\u00fa\u0161\u0165 s povlakem nikel-b\u00f3r, sklopn\u00e9 pru\u017einov\u00e9 mechanick\u00e9 mieridl\u00e1 a Magpul MOE SL vybavenie v Flat Dark Earth. Victor pos\u00fava platformu SAINT vy\u0161\u0161ie s premyslen\u00fdmi vylep\u0161eniami zameran\u00fdmi na servisn\u00e9, obrann\u00e9 a v\u0161eobecn\u00e9 pou\u017eitie.<\/p>\n<h3>Nap\u00ednac\u00ed syst\u00e9m Accu-Tite<\/h3>\n<p>Springfield Accu-Tite nap\u00edna\u010d eliminuje v\u00f4\u013eu medzi horn\u00fdm\/doln\u00fdm puzdrom za\u0165a\u017een\u00edm horn\u00e9ho proti doln\u00e9mu pomocou stavacej skrutky. V\u00fdsledkom je tesnej\u0161ie, konzistentnej\u0161ie uzamknutie \u2014 bli\u017e\u0161ie k z\u00e1kazkovo upravenej sade puzdier ne\u017e typick\u00fd mil-spec.<\/p>\n<h3>Ploch\u00e1 sp\u00fa\u0161\u0165 s povlakem nikel-b\u00f3r<\/h3>\n<p>Ploch\u00e1 GI jednostup\u0148ov\u00e1 sp\u00fa\u0161\u0165 je povrstven\u00e1 nikel-b\u00f3r pre plynulos\u0165 a odolnos\u0165 proti kor\u00f3zii. Ploch\u00e1 tv\u00e1r d\u00e1va konzistentn\u00fa polohu prsta, a povlak zni\u017euje plazenie a opotrebenie.<\/p>\n<h3>15&#8243; hlin\u00edkov\u00e9 M-LOK vo\u013ene pl\u00e1vaj\u00face predpa\u017ebie<\/h3>\n<p>Predpa\u017ebie 15&#8243; je vyroben\u00e9 z hlin\u00edka a obsahuje zamykacie jaz\u00fd\u010dky SA Springfield pre pridan\u00fa tuhos\u0165. Plnod\u013a\u017ekov\u00e1 horn\u00e1 li\u0161ta Picatinny a M-LOK sloty po obvode prij\u00edmaj\u00fa ak\u00e9ko\u013evek be\u017en\u00e9 pr\u00edslu\u0161enstvo. Magpul AFG uhlov\u00fd predn\u00fd \u00fachop je zahrnut\u00fd.<\/p>\n<h3>Sklopn\u00e9 pru\u017einov\u00e9 BUIS<\/h3>\n<p>N\u00edzkoprofilov\u00e9, sklopn\u00e9 pru\u017einov\u00e9 mechanick\u00e9 mieridl\u00e1 vysko\u010dia na stla\u010denie tla\u010didla a zlo\u017eia sa naplocho, ke\u010f nie s\u00fa potrebn\u00e9. Pon\u00fakaj\u00fa spo\u013eahliv\u00e9 z\u00e1lo\u017en\u00e9 alebo prim\u00e1rne zameriavacie rie\u0161enie vpredu a vzadu na hornom puzdre.<\/p>\n<h3>Vylep\u0161en\u00e9 M16 BCG<\/h3>\n<p>Vylep\u0161en\u00fd nosi\u010d z\u00e1veru profilu M16 so z\u00e1verom 9310, testovan\u00fd na vysok\u00fd tlak a kontrolovan\u00fd magnetick\u00fdmi \u010dasticami, dokon\u010den\u00fd v Melonite pre \u017eivotnos\u0165 a \u013eahk\u00e9 \u010distenie.<\/p>\n<h3>Premium komponenty v balen\u00ed<\/h3>\n<ul>\n<li>Nap\u00ednac\u00ed syst\u00e9m Accu-Tite<\/li>\n<li>Ploch\u00e1 sp\u00fa\u0161\u0165 s povlakem nikel-b\u00f3r<\/li>\n<li>15&#8243; hlin\u00edkov\u00e9 M-LOK vo\u013ene pl\u00e1vaj\u00face predpa\u017ebie<\/li>\n<li>Hlave\u0148 CMV o\u0161etren\u00e1 Melonite, n\u00edzkoprofilov\u00fd pinned plynov\u00fd blok<\/li>\n<li>Sklopn\u00e9 pru\u017einov\u00e9 mechanick\u00e9 mieridl\u00e1 (predn\u00e9 + zadn\u00e9)<\/li>\n<li>Vylep\u0161en\u00e9 M16 BCG, z\u00e1ver 9310, HPT\/MPI, Melonite<\/li>\n<li>Polstrovan\u00e9 puzdro<\/li>\n<\/ul>\n<h3>Technick\u00e9 \u00fadaje<\/h3>\n<table>\n<tr>\n<th>Mechanizmus<\/th>\n<td>Samonab\u00edjac\u00ed, priamy odber plynov, mid-length<\/td>\n<\/tr>\n<tr>\n<th>Kaliber<\/th>\n<td>5.56 NATO \/ .223 Rem<\/td>\n<\/tr>\n<tr>\n<th>D\u013a\u017eka hlavne<\/th>\n<td>16&#8243;<\/td>\n<\/tr>\n<tr>\n<th>Hlave\u0148<\/th>\n<td>CMV Melonite, n\u00edzkoprofilov\u00fd pinned plynov\u00fd blok<\/td>\n<\/tr>\n<tr>\n<th>St\u00fapanie<\/th>\n<td>1:8&#8243; prav\u00e9<\/td>\n<\/tr>\n<tr>\n<th>Predpa\u017ebie<\/th>\n<td>15&#8243; hlin\u00edkov\u00e9 M-LOK vo\u013ene pl\u00e1vaj\u00face<\/td>\n<\/tr>\n<tr>\n<th>Pa\u017eba<\/th>\n<td>Magpul MOE SL FDE<\/td>\n<\/tr>\n<tr>\n<th>Rukov\u00e4\u0165<\/th>\n<td>Magpul MOE FDE<\/td>\n<\/tr>\n<tr>\n<th>Sp\u00fa\u0161\u0165<\/th>\n<td>Ploch\u00e1 GI jednostup\u0148ov\u00e1 s povlakem nikel-b\u00f3r<\/td>\n<\/tr>\n<tr>\n<th>Mieridl\u00e1<\/th>\n<td>Sklopn\u00e9 pru\u017einov\u00e9 BUIS, predn\u00e9 a zadn\u00e9<\/td>\n<\/tr>\n<tr>\n<th>Povrch<\/th>\n<td>Puzdr\u00e1 eloxovan\u00e9 Type III; vybavenie FDE<\/td>\n<\/tr>\n<tr>\n<th>Puzdr\u00e1<\/th>\n<td>Kovan\u00fd hlin\u00edk 7075-T6, pod\u00e1vacie rampy M4<\/td>\n<\/tr>\n<tr>\n<th>BCG<\/th>\n<td>Vylep\u0161en\u00e9 M16, z\u00e1ver 9310, HPT\/MPI, Melonite<\/td>\n<\/tr>\n<tr>\n<th>Hmotnos\u0165<\/th>\n<td>6 lb 9 oz<\/td>\n<\/tr>\n<tr>\n<th>Celkov\u00e1 d\u013a\u017eka<\/th>\n<td>32,25&#8243; \u2013 35,5&#8243;<\/td>\n<\/tr>\n<\/table>\n","protected":false},"excerpt":{"rendered":"<p>Springfield Armory SAINT Victor 5.56 s vybaven\u00edm FDE Magpul MOE SL. Hlave\u0148 Melonite CMV 16&#8243;, vo\u013ene pl\u00e1vaj\u00face M-LOK predpa\u017ebie 15&#8243;, nap\u00ednac\u00ed syst\u00e9m Accu-Tite, ploch\u00e1 sp\u00fa\u0161\u0165 s povlakem nikel-b\u00f3r, sklopn\u00e9 pru\u017einov\u00e9 mieridl\u00e1.<\/p>\n","protected":false},"featured_media":755108,"template":"","meta":{"_acf_changed":false},"product_brand":[16236],"product_cat":[16204,13329,13350,13397,15840],"product_tag":[],"class_list":{"0":"post-753087","1":"product","2":"type-product","3":"status-publish","4":"has-post-thumbnail","6":"product_brand-springfield-armory","7":"product_cat-ar-15-rifles-sk","8":"product_cat-karabiny","9":"product_cat-licencovane","10":"product_cat-puska","11":"product_cat-semi-automatic-rifles-sk","13":"first","14":"instock","15":"taxable","16":"shipping-taxable","17":"product-type-simple"},"acf":[],"_links":{"self":[{"href":"https:\/\/nbg.eu\/sk\/wp-json\/wp\/v2\/product\/753087","targetHints":{"allow":["GET"]}}],"collection":[{"href":"https:\/\/nbg.eu\/sk\/wp-json\/wp\/v2\/product"}],"about":[{"href":"https:\/\/nbg.eu\/sk\/wp-json\/wp\/v2\/types\/product"}],"wp:featuredmedia":[{"embeddable":true,"href":"https:\/\/nbg.eu\/sk\/wp-json\/wp\/v2\/media\/755108"}],"wp:attachment":[{"href":"https:\/\/nbg.eu\/sk\/wp-json\/wp\/v2\/media?parent=753087"}],"wp:term":[{"taxonomy":"product_brand","embeddable":true,"href":"https:\/\/nbg.eu\/sk\/wp-json\/wp\/v2\/product_brand?post=753087"},{"taxonomy":"product_cat","embeddable":true,"href":"https:\/\/nbg.eu\/sk\/wp-json\/wp\/v2\/product_cat?post=753087"},{"taxonomy":"product_tag","embeddable":true,"href":"https:\/\/nbg.eu\/sk\/wp-json\/wp\/v2\/product_tag?post=753087"}],"curies":[{"name":"wp","href":"https:\/\/api.w.org\/{rel}","templated":true}]}}