{"id":753093,"date":"2026-04-22T14:06:54","date_gmt":"2026-04-22T11:06:54","guid":{"rendered":"https:\/\/nbg.eu\/product\/samonabijacia-puska-american-defence-uic-mod-1-kal-223-rem\/"},"modified":"2026-05-07T17:50:19","modified_gmt":"2026-05-07T14:50:19","slug":"samonabijacia-puska-american-defence-uic-mod-1-kal-223-rem","status":"publish","type":"product","link":"https:\/\/nbg.eu\/sk\/produkt\/samonabijacia-puska-american-defence-uic-mod-1-kal-223-rem\/","title":{"rendered":"American Defence UIC Mod 1 samonab\u00edjacia pu\u0161ka, kal. .223 Rem"},"content":{"rendered":"<h2>Samonab\u00edjacia pu\u0161ka American Defence UIC Mod 1 .223 Rem<\/h2>\n<p>UIC MOD-1 American Defense Manufacturing je hodnotov\u00e1 \u00farove\u0148 vlajkovej l\u00ednie UIC (Universal Improved Carbine) ADM, postaven\u00e1 na plne obojstrannej hlin\u00edkovej billet 7075-T6 sade horn\u00e9ho-a-doln\u00e9ho puzdra obrobenej vo vlastn\u00fdch zariadeniach vo Wisconsine. Obsahuje integrovan\u00fd roz\u0161\u00edren\u00fd magwell s\u00fa\u0165a\u017en\u00e9ho \u0161t\u00fdlu 20 stup\u0148ov, zv\u00e4\u010d\u0161en\u00fd l\u00fa\u010dik a nadrozmern\u00fa zar\u00e1\u017eku z\u00e1veru a zosilnen\u00fa oblas\u0165 v\u00fdstupkov pre pr\u00eddavn\u00fa trvanlivos\u0165. Obojstrann\u00e9 ovl\u00e1dacie prvky \u2014 zar\u00e1\u017eka\/uvo\u013enenie z\u00e1veru, tla\u010didlo z\u00e1sobn\u00edka a poistka Talon \u2014 ju robia rovnako pou\u017eite\u013enou pre pravoruk\u00fdch alebo \u013eavoruk\u00fdch strelcov. MOD-1 sp\u00e1ja tieto pr\u00e9miov\u00e9 puzdr\u00e1 s produk\u010dnou triedou 4150 CMV nitridovanou hlav\u0148ou, \u0161tandardn\u00fdm buffer syst\u00e9mom a A2 \u00fastnou ozdobou pre dosiahnutie pracovnej cenovej \u00farovne, zachov\u00e1vaj\u00fac kompletn\u00fd UIC ergonomick\u00fd bal\u00edk.<\/p>\n<h3>Plne obojstrann\u00e1 sada puzdier<\/h3>\n<p>Horn\u00e9 aj doln\u00e9 puzdro s\u00fa obroben\u00e9 z hlin\u00edka billet 7075-T6. Doln\u00e9 je obojstrann\u00e9 v ka\u017edom ovl\u00e1dan\u00ed \u2014 zar\u00e1\u017eka z\u00e1veru, tla\u010didlo z\u00e1sobn\u00edka a poistka Talon funguj\u00fa z oboch str\u00e1n \u2014 v\u010faka \u010domu je MOD-1 vz\u00e1cny plne-obojstrann\u00fd AR priamo z krabice.<\/p>\n<h3>Integrovan\u00fd s\u00fa\u0165a\u017en\u00fd magwell 20\u00b0<\/h3>\n<p>Doln\u00e9 puzdro m\u00e1 20-stup\u0148ov\u00fd skosen\u00fd roz\u0161\u00edren\u00fd magwell vykovan\u00fd ako s\u00fa\u010das\u0165 billetu, ur\u00fdch\u013euj\u00faci preb\u00edjanie a vediaci z\u00e1sobn\u00edky aj pod stresom. Nie je potrebn\u00fd aftermarket roz\u0161\u00edren\u00fd magwell.<\/p>\n<h3>P\u00e1\u010dka nap\u00edna\u010da Radian Raptor-LT a buffer ADM<\/h3>\n<p>Obojstrann\u00e1 p\u00e1\u010dka nap\u00edna\u010da Radian Raptor-LT je priemyseln\u00fd etal\u00f3n pre obojstrann\u00e9 p\u00e1\u010dky nap\u00edna\u010da. Spojen\u00e1 s HD bufferom ADM na 10-pozi\u010dnej ADM buffer trubici, pu\u0161ka cykluje spo\u013eahlivo a c\u00edti sa vyladen\u00e1.<\/p>\n<h3>Sp\u00fa\u0161\u0165 ALG ACT<\/h3>\n<p>ALG Defense ACT (Advanced Combat Trigger) je nikel-b\u00f3r povrstven\u00e9 jednostup\u0148ov\u00e9 vylep\u0161enie nad mil-spec \u2014 plynulej\u0161\u00ed stisk, \u010distej\u0161\u00ed zlom, konzistentnej\u0161\u00ed reset. Je to okam\u017eit\u00e9 vylep\u0161enie nad \u0161tandardn\u00fdmi AR sp\u00fa\u0161\u0165ami.<\/p>\n<h3>Premium komponenty v balen\u00ed<\/h3>\n<ul>\n<li>Puzdr\u00e1 billet 7075-T6 obojstrann\u00e9 horn\u00e9 a doln\u00e9<\/li>\n<li>Integrovan\u00fd s\u00fa\u0165a\u017en\u00fd magwell 20\u00b0<\/li>\n<li>Sp\u00fa\u0161\u0165 ALG Defense ACT jednostup\u0148ov\u00e1<\/li>\n<li>Obojstrann\u00e1 p\u00e1\u010dka nap\u00edna\u010da Radian Raptor-LT<\/li>\n<li>BCG ADM Milspec Enhanced nitridovan\u00fd QPQ<\/li>\n<li>Predpa\u017ebie ADM M-LOK vo\u013ene pl\u00e1vaj\u00face<\/li>\n<li>Obojstrann\u00e1 poistka Talon<\/li>\n<li>\u00dastna ozdoba A2 \/ A2X<\/li>\n<li>Do\u017eivotn\u00e1 z\u00e1ruka, ru\u010dne zostaven\u00e1 v USA<\/li>\n<\/ul>\n<h3>Technick\u00e9 \u00fadaje<\/h3>\n<table>\n<tr>\n<th>Mechanizmus<\/th>\n<td>Samonab\u00edjac\u00ed, priamy odber plynov, mid-length<\/td>\n<\/tr>\n<tr>\n<th>Kaliber<\/th>\n<td>5.56 NATO \/ .223 Wylde<\/td>\n<\/tr>\n<tr>\n<th>D\u013a\u017eka hlavne<\/th>\n<td>14,5&#8243; pinned alebo 16&#8243;<\/td>\n<\/tr>\n<tr>\n<th>Hlave\u0148<\/th>\n<td>4150 CMV, nitridovan\u00e1 v so\u013enom k\u00fapeli<\/td>\n<\/tr>\n<tr>\n<th>St\u00fapanie<\/th>\n<td>1:7&#8243;<\/td>\n<\/tr>\n<tr>\n<th>Puzdr\u00e1<\/th>\n<td>Hlin\u00edk billet 7075-T6, eloxovan\u00e9 Type III<\/td>\n<\/tr>\n<tr>\n<th>Predpa\u017ebie<\/th>\n<td>ADM M-LOK vo\u013ene pl\u00e1vaj\u00face<\/td>\n<\/tr>\n<tr>\n<th>Pa\u017eba<\/th>\n<td>Magpul MOE-SL na ADM 10-pozi\u010dnej trubici<\/td>\n<\/tr>\n<tr>\n<th>Rukov\u00e4\u0165<\/th>\n<td>Magpul MOE<\/td>\n<\/tr>\n<tr>\n<th>Sp\u00fa\u0161\u0165<\/th>\n<td>ALG Defense ACT jednostup\u0148ov\u00e1<\/td>\n<\/tr>\n<tr>\n<th>P\u00e1\u010dka nap\u00edna\u010da<\/th>\n<td>Radian Raptor-LT obojstrann\u00e1<\/td>\n<\/tr>\n<tr>\n<th>BCG<\/th>\n<td>ADM Milspec Enhanced, nitridovan\u00fd QPQ<\/td>\n<\/tr>\n<tr>\n<th>\u00dastne zariadenie<\/th>\n<td>A2 \/ A2X<\/td>\n<\/tr>\n<tr>\n<th>Hmotnos\u0165<\/th>\n<td>~6,5 \u2013 6,8 lb (~2,95 \u2013 3,1 kg)<\/td>\n<\/tr>\n<tr>\n<th>Celkov\u00e1 d\u013a\u017eka<\/th>\n<td>~32,5&#8243; zasunut\u00e1 pa\u017eba<\/td>\n<\/tr>\n<\/table>\n","protected":false},"excerpt":{"rendered":"<p>Plne obojstrann\u00e1 sada puzdier billet 7075-T6 od American Defense Manufacturing. Integrovan\u00fd roz\u0161\u00edren\u00fd magwell s\u00fa\u0165a\u017en\u00fd 20\u00b0, p\u00e1\u010dka nap\u00edna\u010da Radian Raptor-LT, sp\u00fa\u0161\u0165 ALG ACT, ADM M-LOK vo\u013ene pl\u00e1vaj\u00faca li\u0161ta.<\/p>\n","protected":false},"featured_media":755131,"template":"","meta":{"_acf_changed":false},"product_brand":[16237],"product_cat":[16204,13329,13350,13397,15840],"product_tag":[],"class_list":{"0":"post-753093","1":"product","2":"type-product","3":"status-publish","4":"has-post-thumbnail","6":"product_brand-american-defence","7":"product_cat-ar-15-rifles-sk","8":"product_cat-karabiny","9":"product_cat-licencovane","10":"product_cat-puska","11":"product_cat-semi-automatic-rifles-sk","13":"first","14":"instock","15":"taxable","16":"shipping-taxable","17":"product-type-simple"},"acf":[],"_links":{"self":[{"href":"https:\/\/nbg.eu\/sk\/wp-json\/wp\/v2\/product\/753093","targetHints":{"allow":["GET"]}}],"collection":[{"href":"https:\/\/nbg.eu\/sk\/wp-json\/wp\/v2\/product"}],"about":[{"href":"https:\/\/nbg.eu\/sk\/wp-json\/wp\/v2\/types\/product"}],"wp:featuredmedia":[{"embeddable":true,"href":"https:\/\/nbg.eu\/sk\/wp-json\/wp\/v2\/media\/755131"}],"wp:attachment":[{"href":"https:\/\/nbg.eu\/sk\/wp-json\/wp\/v2\/media?parent=753093"}],"wp:term":[{"taxonomy":"product_brand","embeddable":true,"href":"https:\/\/nbg.eu\/sk\/wp-json\/wp\/v2\/product_brand?post=753093"},{"taxonomy":"product_cat","embeddable":true,"href":"https:\/\/nbg.eu\/sk\/wp-json\/wp\/v2\/product_cat?post=753093"},{"taxonomy":"product_tag","embeddable":true,"href":"https:\/\/nbg.eu\/sk\/wp-json\/wp\/v2\/product_tag?post=753093"}],"curies":[{"name":"wp","href":"https:\/\/api.w.org\/{rel}","templated":true}]}}