{"id":106845,"date":"2024-11-16T10:23:45","date_gmt":"2024-11-16T10:23:45","guid":{"rendered":"https:\/\/nbg.eu\/product\/sai-optics-model-sai-6-1x-6x\/"},"modified":"2026-01-21T12:23:49","modified_gmt":"2026-01-21T09:23:49","slug":"sai-optics-model-sai-6-1x-6x","status":"publish","type":"product","link":"https:\/\/nbg.eu\/sl\/izdelek\/sai-optics-model-sai-6-1x-6x\/","title":{"rendered":"SAI Optics Model SAI 6 &#8211; 1x-6x"},"content":{"rendered":"<h2>SAI Optics\u2122 Model SAI 6\u2122 &#8211; 1x-6x<\/h2>\n<p>Opti\u010dni merek serije SAI\u2122 6 ponuja re\u0161itev za spremenljivo pove\u010davo. Ima LED osvetljeno mersko mre\u017eico v prvi gori\u0161\u010dni ravnini, kar zagotavlja natan\u010dno merjenje razdalje in balisti\u010dno kompenzacijo pri vsaki pove\u010davi. Merska mre\u017eica in \u0161iroko vidno polje izbolj\u0161ujeta u\u010dinkovitost na kratke razdalje.<\/p>\n<h2>Klju\u010dne lastnosti:<\/h2>\n<ul>\n<li>Pove\u010dava: 1x-6x<\/li>\n<li>Oja\u010dana cevasta zasnova za modularno monta\u017eo<\/li>\n<li>LED osvetljena merska mre\u017eica z 10 nastavitvami<\/li>\n<li>Razpolo\u017eljive merske mre\u017eice: 5.56 BDC, 6.8 BDC, 7.62 BDC<\/li>\n<li>Vodoodpornost: 2 uri @ 3 metre<\/li>\n<li>Odpornost na udarce: 1000g @ 10.000 ciklov<\/li>\n<\/ul>\n<h2>Merske mre\u017eice:<\/h2>\n<ul>\n<li>5.56 BDC &#8211; Merska mre\u017eica<\/li>\n<li>6.8   BDC &#8211; Merska mre\u017eica<\/li>\n<li>7.62 BDC &#8211; Merska mre\u017eica<\/li>\n<\/ul>\n<h2>Specifikacije:<\/h2>\n<ul>\n<li>Dol\u017eina: 256mm (10,07 palcev)<\/li>\n<li>Te\u017ea: 510g (18,0 un\u010d)<\/li>\n<li>Premer cevi: 30mm<\/li>\n<li>Vidno polje @ 1x: 22 stopinj (38,8m @ 100m)<\/li>\n<li>Razdalja o\u010desa: 90mm (3,54 palcev) nominalno<\/li>\n<li>Tip baterije: CR2032 3v litijeva<\/li>\n<\/ul>\n<h2>Standardna dodatna oprema:<\/h2>\n<ul>\n<li>Tenebraex\u00ae pokrovi le\u010d<\/li>\n<li>Tenebraex\u00ae naprava proti odsevom<\/li>\n<li>Vrvica za zadr\u017eevanje pokrov\u010dka za nastavitev<\/li>\n<li>Disk za odstranjevanje baterije<\/li>\n<\/ul>\n<p>Serija SAI\u2122 6 je zasnovana za opti\u010dno delovanje v zahtevnih okoljih in je zdru\u017eljiva z dodatki, kot so preklopni pokrovi, laserski filtri in polarizatorji.<\/p>\n","protected":false},"excerpt":{"rendered":"<p>SAI 6\u2122: Robustna 1x-6x LED optika s FFP merilnim kri\u017eem in \u0161irokim vidnim poljem.<\/p>\n","protected":false},"featured_media":79699,"template":"","meta":{"_acf_changed":false},"product_brand":[11719],"product_cat":[13434,13447],"product_tag":[],"class_list":{"0":"post-106845","1":"product","2":"type-product","3":"status-publish","4":"has-post-thumbnail","6":"product_brand-sai-optics","7":"product_cat-nisanjenje","8":"product_cat-optika-s-povecavo","10":"first","11":"instock","12":"taxable","13":"shipping-taxable","14":"purchasable","15":"product-type-variable","16":"wvs-archive-product-wrapper"},"acf":[],"_links":{"self":[{"href":"https:\/\/nbg.eu\/sl\/wp-json\/wp\/v2\/product\/106845","targetHints":{"allow":["GET"]}}],"collection":[{"href":"https:\/\/nbg.eu\/sl\/wp-json\/wp\/v2\/product"}],"about":[{"href":"https:\/\/nbg.eu\/sl\/wp-json\/wp\/v2\/types\/product"}],"wp:featuredmedia":[{"embeddable":true,"href":"https:\/\/nbg.eu\/sl\/wp-json\/wp\/v2\/media\/79699"}],"wp:attachment":[{"href":"https:\/\/nbg.eu\/sl\/wp-json\/wp\/v2\/media?parent=106845"}],"wp:term":[{"taxonomy":"product_brand","embeddable":true,"href":"https:\/\/nbg.eu\/sl\/wp-json\/wp\/v2\/product_brand?post=106845"},{"taxonomy":"product_cat","embeddable":true,"href":"https:\/\/nbg.eu\/sl\/wp-json\/wp\/v2\/product_cat?post=106845"},{"taxonomy":"product_tag","embeddable":true,"href":"https:\/\/nbg.eu\/sl\/wp-json\/wp\/v2\/product_tag?post=106845"}],"curies":[{"name":"wp","href":"https:\/\/api.w.org\/{rel}","templated":true}]}}