{"id":131348,"date":"2024-11-02T06:45:52","date_gmt":"2024-11-02T06:45:52","guid":{"rendered":"https:\/\/nbg.eu\/product\/sprinco-usa-spring-kit-xp-buffer-spring-enhanced-4coil-bolt-extractor-spring\/"},"modified":"2026-01-21T12:05:17","modified_gmt":"2026-01-21T09:05:17","slug":"sprinco-usa-spring-kit-xp-buffer-spring-enhanced-4coil-bolt-extractor-spring","status":"publish","type":"product","link":"https:\/\/nbg.eu\/sl\/izdelek\/sprinco-usa-spring-kit-xp-buffer-spring-enhanced-4coil-bolt-extractor-spring\/","title":{"rendered":"SPRINCO USA Spring Kit-XP Buffer Spring &amp; Enhanced 4Coil Bolt Extractor Spring"},"content":{"rendered":"<div class=\"product-description\">\n<h2>SPRINCO USA Komplet vzmeti &#8211; XP bla\u017eilna vzmet in izbolj\u0161ana 4-vija\u010dna vzmet za izvle\u010dnik zaklepa<\/h2>\n<p>SPRINCO USA komplet vzmeti za AR pu\u0161ke vsebuje:<\/p>\n<ul>\n<li>Mo\u010dnej\u0161a bla\u017eilna vzmet (Rde\u010da)<\/li>\n<li>Izbolj\u0161ana 4-vija\u010dna vzmet za izvle\u010dnik zaklepa<\/li>\n<\/ul>\n<p>Komplet, prvotno zasnovan leta 2006 za ekipo za modernizacijo sil, re\u0161uje te\u017eave z zanesljivostjo karabinke M4 v zahtevnih okoljih. Rde\u010da vzmet nudi pribli\u017eno 25% ve\u010dje obremenitve v primerjavi z belo vzmetjo in je primerna za:<\/p>\n<ul>\n<li>9mm, 6.8 SPC, 6.5 Grendel<\/li>\n<li>.450 BM, .450 SOCOM, .500 Beowulf<\/li>\n<li>Colt LE6920 vzor\u010dne karabinke<\/li>\n<\/ul>\n<p>Opomba: U\u010dinkovitost se lahko razlikuje glede na vrednosti odprtine in obremenitve streliva. Pred uporabo preberite dokumente o postopku nastavljanja.<\/p>\n<\/div>\n","protected":false},"excerpt":{"rendered":"<p>Visoko zmogljiva AR puferska vzmet za izbolj\u0161ano zanesljivost in mo\u010d.<\/p>\n","protected":false},"featured_media":76520,"template":"","meta":{"_acf_changed":false},"product_brand":[14599],"product_cat":[13433,13451],"product_tag":[],"class_list":{"0":"post-131348","1":"product","2":"type-product","3":"status-publish","4":"has-post-thumbnail","6":"product_brand-sprinco-usa","7":"product_cat-kmr-deli","8":"product_cat-vzmeti","10":"first","11":"outofstock","12":"taxable","13":"shipping-taxable","14":"purchasable","15":"product-type-simple"},"acf":[],"_links":{"self":[{"href":"https:\/\/nbg.eu\/sl\/wp-json\/wp\/v2\/product\/131348","targetHints":{"allow":["GET"]}}],"collection":[{"href":"https:\/\/nbg.eu\/sl\/wp-json\/wp\/v2\/product"}],"about":[{"href":"https:\/\/nbg.eu\/sl\/wp-json\/wp\/v2\/types\/product"}],"wp:featuredmedia":[{"embeddable":true,"href":"https:\/\/nbg.eu\/sl\/wp-json\/wp\/v2\/media\/76520"}],"wp:attachment":[{"href":"https:\/\/nbg.eu\/sl\/wp-json\/wp\/v2\/media?parent=131348"}],"wp:term":[{"taxonomy":"product_brand","embeddable":true,"href":"https:\/\/nbg.eu\/sl\/wp-json\/wp\/v2\/product_brand?post=131348"},{"taxonomy":"product_cat","embeddable":true,"href":"https:\/\/nbg.eu\/sl\/wp-json\/wp\/v2\/product_cat?post=131348"},{"taxonomy":"product_tag","embeddable":true,"href":"https:\/\/nbg.eu\/sl\/wp-json\/wp\/v2\/product_tag?post=131348"}],"curies":[{"name":"wp","href":"https:\/\/api.w.org\/{rel}","templated":true}]}}