{"id":133737,"date":"2024-11-02T08:42:18","date_gmt":"2025-01-08T16:50:55","guid":{"rendered":"https:\/\/nbg.eu\/product\/sprinco-usa-spring-kit-xp-buffer-spring-dual-extractor-spring\/"},"modified":"2026-05-13T16:48:13","modified_gmt":"2026-05-13T13:48:13","slug":"sprinco-usa-komplet-vzmetenja-xp-vzmet-blazilca-dvojna-vzmet-izvlecnika","status":"publish","type":"product","link":"https:\/\/nbg.eu\/sl\/izdelek\/sprinco-usa-komplet-vzmetenja-xp-vzmet-blazilca-dvojna-vzmet-izvlecnika\/","title":{"rendered":"SPRINCO USA Komplet Vzmetenja-XP Vzmet Bla\u017eilca \/ Dvojna Vzmet Izvle\u010dnika"},"content":{"rendered":"<div class=\"product-description\">\n<h2>SPRINCO USA Komplet vzmeti &#8211; XP puferska vzmet \/ Dvojna ekstraktorska vzmet<\/h2>\n<p>Izbolj\u0161ajte zanesljivost va\u0161ega AR z SPRINCO USA Extra Power pufersko vzmetjo. Zasnovana leta 2006 za ekipo za modernizacijo sil, ta vzmet re\u0161uje te\u017eave s funkcionalnostjo karabinke M4 v zahtevnih okoljih.<\/p>\n<ul>\n<li>25% ve\u010dje na\u010drtovane obremenitve v primerjavi z belo vzmetjo<\/li>\n<li>Primerna za 9mm, 6.8 SPC, 6.5 Grendel, .450 BM, .450 SOCOM, .500 Beowulf in Colt LE6920<\/li>\n<li>Prilo\u017eena dokumentacija s postopkom nastavljanja za optimalno delovanje<\/li>\n<\/ul>\n<p>Opomba: Delovanje se lahko razlikuje glede na vrednosti odprtine in naboje. Pred uporabo preberite prilo\u017eeno dokumentacijo.<\/p>\n<\/div>\n","protected":false},"excerpt":{"rendered":"<p>Izbolj\u0161ana AR puferska vzmet za ve\u010djo zanesljivost v zahtevnih okoljih.<\/p>\n","protected":false},"featured_media":76567,"template":"","meta":{"_acf_changed":false},"product_brand":[14599],"product_cat":[13433,13451],"product_tag":[],"class_list":{"0":"post-133737","1":"product","2":"type-product","3":"status-publish","4":"has-post-thumbnail","6":"product_brand-sprinco-usa","7":"product_cat-kmr-deli","8":"product_cat-vzmeti","10":"first","11":"instock","12":"taxable","13":"shipping-taxable","14":"purchasable","15":"product-type-simple"},"acf":[],"_links":{"self":[{"href":"https:\/\/nbg.eu\/sl\/wp-json\/wp\/v2\/product\/133737","targetHints":{"allow":["GET"]}}],"collection":[{"href":"https:\/\/nbg.eu\/sl\/wp-json\/wp\/v2\/product"}],"about":[{"href":"https:\/\/nbg.eu\/sl\/wp-json\/wp\/v2\/types\/product"}],"wp:featuredmedia":[{"embeddable":true,"href":"https:\/\/nbg.eu\/sl\/wp-json\/wp\/v2\/media\/76567"}],"wp:attachment":[{"href":"https:\/\/nbg.eu\/sl\/wp-json\/wp\/v2\/media?parent=133737"}],"wp:term":[{"taxonomy":"product_brand","embeddable":true,"href":"https:\/\/nbg.eu\/sl\/wp-json\/wp\/v2\/product_brand?post=133737"},{"taxonomy":"product_cat","embeddable":true,"href":"https:\/\/nbg.eu\/sl\/wp-json\/wp\/v2\/product_cat?post=133737"},{"taxonomy":"product_tag","embeddable":true,"href":"https:\/\/nbg.eu\/sl\/wp-json\/wp\/v2\/product_tag?post=133737"}],"curies":[{"name":"wp","href":"https:\/\/api.w.org\/{rel}","templated":true}]}}