{"id":134544,"date":"2024-11-26T13:10:26","date_gmt":"2024-11-26T10:10:26","guid":{"rendered":"https:\/\/nbg.eu\/product\/geissele-ak-braided-spring\/"},"modified":"2026-04-22T11:25:55","modified_gmt":"2026-04-22T08:25:55","slug":"geissele-ak-pletena-vzmet","status":"publish","type":"product","link":"https:\/\/nbg.eu\/sl\/izdelek\/geissele-ak-pletena-vzmet\/","title":{"rendered":"Geissele Pletena Udarna Vzmet AK"},"content":{"rendered":"<h2>AK Pletena vzmet<\/h2>\n<p>ALG AK Pletena glavna vzmet je nadomestna vzmet za pu\u0161ke na platformi AK47\/74. Ta nadomestna mo\u017enost je izdelana v Zdru\u017eenih dr\u017eavah Amerike iz treh prepletenih \u017eic. Prepletena zasnova zagotavlja ve\u010djo vzdr\u017eljivost in zanesljivost v primerjavi s tradicionalnimi glavnimi vzmetmi AK, kar zagotavlja gladko in usklajeno delovanje va\u0161e pu\u0161ke.<\/p>\n<p>Izdelana iz visokokakovostnih materialov, je AK Pletena vzmet zasnovana tako, da zdr\u017ei napore intenzivne uporabe in te\u017ekih pogojev. Njena robustna konstrukcija pomaga zmanj\u0161ati tveganje odpovedi vzmeti, kar lahko vodi do zatikov ali drugih okvar. Z nadgradnjo glavne vzmeti va\u0161e pu\u0161ke AK s to zanesljivo komponento lahko u\u017eivate v izbolj\u0161ani u\u010dinkovitosti in miru, saj veste, da va\u0161a pu\u0161ka deluje najbolj\u0161e.<\/p>\n<p>Ne glede na to, ali ste tekmovalni strelec ali takti\u010dni operater, je AK Pletena vzmet bistvena nadgradnja, ki jo je treba upo\u0161tevati za va\u0161o platformo AK47\/74. Njena superiorna zasnova in standardi proizvodnje jo delajo kot zaupanja vredno izbiro med razbremenilnimi lastniki strelnega oro\u017eja, ki zahtevajo najvi\u0161jo raven zanesljivosti in u\u010dinkovitosti njihove opreme.<\/p>\n","protected":false},"excerpt":{"rendered":"<p>Pletena vzmet AK je tripleksno pletena nadomestna vzmet za pu\u0161ke AK47\/74, izdelana v ZDA.<\/p>\n","protected":false},"featured_media":81110,"template":"","meta":{"_acf_changed":false},"product_brand":[11389],"product_cat":[13451],"product_tag":[],"class_list":{"0":"post-134544","1":"product","2":"type-product","3":"status-publish","4":"has-post-thumbnail","6":"product_brand-geissele","7":"product_cat-vzmeti","9":"first","10":"instock","11":"taxable","12":"shipping-taxable","13":"product-type-simple"},"acf":[],"_links":{"self":[{"href":"https:\/\/nbg.eu\/sl\/wp-json\/wp\/v2\/product\/134544","targetHints":{"allow":["GET"]}}],"collection":[{"href":"https:\/\/nbg.eu\/sl\/wp-json\/wp\/v2\/product"}],"about":[{"href":"https:\/\/nbg.eu\/sl\/wp-json\/wp\/v2\/types\/product"}],"wp:featuredmedia":[{"embeddable":true,"href":"https:\/\/nbg.eu\/sl\/wp-json\/wp\/v2\/media\/81110"}],"wp:attachment":[{"href":"https:\/\/nbg.eu\/sl\/wp-json\/wp\/v2\/media?parent=134544"}],"wp:term":[{"taxonomy":"product_brand","embeddable":true,"href":"https:\/\/nbg.eu\/sl\/wp-json\/wp\/v2\/product_brand?post=134544"},{"taxonomy":"product_cat","embeddable":true,"href":"https:\/\/nbg.eu\/sl\/wp-json\/wp\/v2\/product_cat?post=134544"},{"taxonomy":"product_tag","embeddable":true,"href":"https:\/\/nbg.eu\/sl\/wp-json\/wp\/v2\/product_tag?post=134544"}],"curies":[{"name":"wp","href":"https:\/\/api.w.org\/{rel}","templated":true}]}}