{"id":134798,"date":"2024-11-26T10:13:16","date_gmt":"2024-11-26T10:13:16","guid":{"rendered":"https:\/\/nbg.eu\/product\/geissele-ak-high-energy-main-spring\/"},"modified":"2026-04-22T11:28:19","modified_gmt":"2026-04-22T08:28:19","slug":"geissele-ak-glavna-vzmet-visoke-energije","status":"publish","type":"product","link":"https:\/\/nbg.eu\/sl\/izdelek\/geissele-ak-glavna-vzmet-visoke-energije\/","title":{"rendered":"Geissele Udarna Vzmet AK High Energy"},"content":{"rendered":"<div class=\"product-description\">\n<h2>Geissele AK glavna vzmet z visoko energijo<\/h2>\n<p>Izbolj\u0161ajte delovanje va\u0161e pu\u0161ke AK47\/74 z Geissele AK glavno vzmetjo z visoko energijo. Ta nadomestna vzmet ponuja:<\/p>\n<ul>\n<li>Konstrukcija iz krom-silicijeve eno\u017ei\u010dne vzmeti<\/li>\n<li>Izdelana po specifikacijah ASTM A401<\/li>\n<li>25% ve\u010d navora kot standardne tovarni\u0161ke glavne vzmeti<\/li>\n<li>Zmanj\u0161an \u010das zaklepanja za izbolj\u0161ano hitrost streljanja<\/li>\n<li>Pove\u010dana konsistentnost pri v\u017eigu v\u017eigalnika<\/li>\n<\/ul>\n<p>Nadgradite zanesljivost in odzivnost va\u0161ega AK s to vzmetjo. Geissele AK glavna vzmet z visoko energijo zagotavlja bolj\u0161e delovanje in konsistentnost pri vsakem strelu.<\/p>\n<\/div>\n","protected":false},"excerpt":{"rendered":"<p>Izbolj\u0161ajte zmogljivost AK47\/74 s to visokoenergijsko nadomestno vzmetjo.<\/p>\n","protected":false},"featured_media":81157,"template":"","meta":{"_acf_changed":false},"product_brand":[11389],"product_cat":[13433,13451],"product_tag":[],"class_list":{"0":"post-134798","1":"product","2":"type-product","3":"status-publish","4":"has-post-thumbnail","6":"product_brand-geissele","7":"product_cat-kmr-deli","8":"product_cat-vzmeti","10":"first","11":"instock","12":"taxable","13":"shipping-taxable","14":"product-type-simple"},"acf":[],"_links":{"self":[{"href":"https:\/\/nbg.eu\/sl\/wp-json\/wp\/v2\/product\/134798","targetHints":{"allow":["GET"]}}],"collection":[{"href":"https:\/\/nbg.eu\/sl\/wp-json\/wp\/v2\/product"}],"about":[{"href":"https:\/\/nbg.eu\/sl\/wp-json\/wp\/v2\/types\/product"}],"wp:featuredmedia":[{"embeddable":true,"href":"https:\/\/nbg.eu\/sl\/wp-json\/wp\/v2\/media\/81157"}],"wp:attachment":[{"href":"https:\/\/nbg.eu\/sl\/wp-json\/wp\/v2\/media?parent=134798"}],"wp:term":[{"taxonomy":"product_brand","embeddable":true,"href":"https:\/\/nbg.eu\/sl\/wp-json\/wp\/v2\/product_brand?post=134798"},{"taxonomy":"product_cat","embeddable":true,"href":"https:\/\/nbg.eu\/sl\/wp-json\/wp\/v2\/product_cat?post=134798"},{"taxonomy":"product_tag","embeddable":true,"href":"https:\/\/nbg.eu\/sl\/wp-json\/wp\/v2\/product_tag?post=134798"}],"curies":[{"name":"wp","href":"https:\/\/api.w.org\/{rel}","templated":true}]}}