{"id":141405,"date":"2025-01-04T07:20:19","date_gmt":"2025-01-04T07:20:19","guid":{"rendered":"https:\/\/nbg.eu\/product\/area-419-arcalock-clamp\/"},"modified":"2026-05-13T16:02:17","modified_gmt":"2026-05-13T13:02:17","slug":"area-419-arcalock-sponka","status":"publish","type":"product","link":"https:\/\/nbg.eu\/sl\/izdelek\/area-419-arcalock-sponka\/","title":{"rendered":"Area 419 &#8211; ARCALOCK sponka"},"content":{"rendered":"<div class=\"product-description\">\n<h2>Area 419 &#8211; ARCALOCK sponka<\/h2>\n<p>ARCALOCK sponka podjetja Area 419 deluje na vseh standardnih ARCA\/1,5&#8243; vodilih in ponuja mehansko zaklenjeno re\u0161itev za izbolj\u0161ano stabilnost.<\/p>\n<ul>\n<li>Dvostopenjski vija\u010dni sistem za hitro premikanje in dodatni navor<\/li>\n<li>Zdru\u017eljiva z Atlas dvono\u017eci in prilagodljiva za Harris dvono\u017ece<\/li>\n<li>Funkcionalnost zaustavitve na barikadah<\/li>\n<li>Vzvratno zdru\u017eljiva s standardnimi ARCA vodili<\/li>\n<li>Izdelana iz 6061-T6 aluminija s III. tipom trde anodne prevleke<\/li>\n<li>Te\u017ea 72,5 gramov<\/li>\n<\/ul>\n<p>Area 419 ARCALOCK sponka je dodatek za va\u0161o natan\u010dno pu\u0161ko.<\/p>\n<\/div>\n","protected":false},"excerpt":{"rendered":"<p>Varnostna ARCA spojka z zaklepnim mehanizmom za precizne pu\u0161ke.<\/p>\n","protected":false},"featured_media":115259,"template":"","meta":{"_acf_changed":false},"product_brand":[11052],"product_cat":[15585,13497],"product_tag":[],"class_list":{"0":"post-141405","1":"product","2":"type-product","3":"status-publish","4":"has-post-thumbnail","6":"product_brand-area-419","7":"product_cat-arcalock-systems-sl","8":"product_cat-tirnice","10":"first","11":"instock","12":"sale","13":"taxable","14":"shipping-taxable","15":"purchasable","16":"product-type-simple"},"acf":[],"_links":{"self":[{"href":"https:\/\/nbg.eu\/sl\/wp-json\/wp\/v2\/product\/141405","targetHints":{"allow":["GET"]}}],"collection":[{"href":"https:\/\/nbg.eu\/sl\/wp-json\/wp\/v2\/product"}],"about":[{"href":"https:\/\/nbg.eu\/sl\/wp-json\/wp\/v2\/types\/product"}],"wp:featuredmedia":[{"embeddable":true,"href":"https:\/\/nbg.eu\/sl\/wp-json\/wp\/v2\/media\/115259"}],"wp:attachment":[{"href":"https:\/\/nbg.eu\/sl\/wp-json\/wp\/v2\/media?parent=141405"}],"wp:term":[{"taxonomy":"product_brand","embeddable":true,"href":"https:\/\/nbg.eu\/sl\/wp-json\/wp\/v2\/product_brand?post=141405"},{"taxonomy":"product_cat","embeddable":true,"href":"https:\/\/nbg.eu\/sl\/wp-json\/wp\/v2\/product_cat?post=141405"},{"taxonomy":"product_tag","embeddable":true,"href":"https:\/\/nbg.eu\/sl\/wp-json\/wp\/v2\/product_tag?post=141405"}],"curies":[{"name":"wp","href":"https:\/\/api.w.org\/{rel}","templated":true}]}}