{"id":22580,"date":"2024-08-19T20:28:32","date_gmt":"2024-08-19T17:28:32","guid":{"rendered":"https:\/\/nbg.eu\/product\/izdelek-2\/"},"modified":"2026-04-16T18:59:21","modified_gmt":"2026-04-16T15:59:21","slug":"zaskocni-zaticek-vzmeti-kmr","status":"publish","type":"product","link":"https:\/\/nbg.eu\/sl\/izdelek\/zaskocni-zaticek-vzmeti-kmr\/","title":{"rendered":"KMR Zati\u010d Vzmeti Zapira\u010da Drsnike"},"content":{"rendered":"<h2>Zatiralnik vzmeti za drsenje KMR<\/h2>\n<p>Izbolj\u0161ajte funkcionalnost in zanesljivost svojega strelnega oro\u017eja z zatiralnikom vzmeti za drsenje KMR. Ta natan\u010dno izdelana komponenta je zasnovana za varno dr\u017eanje drsnika na mestu, kar zagotavlja gladko in dosledno delovanje va\u0161ega oro\u017eja. Izdelana iz visokokakovostnih materialov, je zatiralnik vzmeti za drsenje KMR zgrajen za zdr\u017eanje obremenitev redne uporabe in te\u017ekih okolij.<\/p>\n<p>Z vzdr\u017eljivo vzmetno zasnovo zatiralnik vzmeti za drsenje KMR zagotavlja zanesljive zmogljivosti in tesen prilegajo\u010d se prijem, kar prepre\u010duje ne\u017eeleno premikanje ali odklepanje drsnika. Njegova kompaktna velikost in brezbrez\u0161ivna integracija ga delajo bistveno dodatno opremo za vzdr\u017eevanje in nadgradnjo va\u0161ega strelnega oro\u017eja.<\/p>\n<p>Ne glede na to, ali ste izku\u0161en strelec ali navdu\u0161enec nad strelnim oro\u017ejem, je zatiralnik vzmeti za drsenje KMR nujni dodatek za vzdr\u017eevanje optimalne zmogljivosti va\u0161ega oro\u017eja. Nadgradite svoje strelno oro\u017eje s to zanesljivo in uporabniku prijazno komponento ter do\u017eivite razliko v svojem strelskem do\u017eivetju.<\/p>\n","protected":false},"excerpt":{"rendered":"<p>Zanesljiv in na vzmet podprt zavorni zati\u010d za varno pritrditev KMR.<\/p>\n","protected":false},"featured_media":60780,"template":"","meta":{"_acf_changed":false},"product_brand":[11509],"product_cat":[13433,13451],"product_tag":[],"class_list":{"0":"post-22580","1":"product","2":"type-product","3":"status-publish","4":"has-post-thumbnail","6":"product_brand-kmr-precision","7":"product_cat-kmr-deli","8":"product_cat-vzmeti","10":"first","11":"instock","12":"taxable","13":"shipping-taxable","14":"product-type-simple"},"acf":[],"_links":{"self":[{"href":"https:\/\/nbg.eu\/sl\/wp-json\/wp\/v2\/product\/22580","targetHints":{"allow":["GET"]}}],"collection":[{"href":"https:\/\/nbg.eu\/sl\/wp-json\/wp\/v2\/product"}],"about":[{"href":"https:\/\/nbg.eu\/sl\/wp-json\/wp\/v2\/types\/product"}],"wp:featuredmedia":[{"embeddable":true,"href":"https:\/\/nbg.eu\/sl\/wp-json\/wp\/v2\/media\/60780"}],"wp:attachment":[{"href":"https:\/\/nbg.eu\/sl\/wp-json\/wp\/v2\/media?parent=22580"}],"wp:term":[{"taxonomy":"product_brand","embeddable":true,"href":"https:\/\/nbg.eu\/sl\/wp-json\/wp\/v2\/product_brand?post=22580"},{"taxonomy":"product_cat","embeddable":true,"href":"https:\/\/nbg.eu\/sl\/wp-json\/wp\/v2\/product_cat?post=22580"},{"taxonomy":"product_tag","embeddable":true,"href":"https:\/\/nbg.eu\/sl\/wp-json\/wp\/v2\/product_tag?post=22580"}],"curies":[{"name":"wp","href":"https:\/\/api.w.org\/{rel}","templated":true}]}}