{"id":275164,"date":"2025-03-03T12:58:09","date_gmt":"2025-03-03T12:58:09","guid":{"rendered":"https:\/\/nbg.eu\/product\/bore-tech-extreme-grease-hd-10ml\/"},"modified":"2026-01-21T11:38:40","modified_gmt":"2026-01-21T08:38:40","slug":"bore-tech-ekstrema-mast-hd-10ml","status":"publish","type":"product","link":"https:\/\/nbg.eu\/sl\/izdelek\/bore-tech-ekstrema-mast-hd-10ml\/","title":{"rendered":"Bore tech EKSTREMA MAST HD 10ml"},"content":{"rendered":"<h2>Bore Tech EXTREME GREASE HD 10ml<\/h2>\n<p>Bore Tech EXTREME GREASE HD je sinteti\u010dna me\u0161anica, namenjena delovanju strelnega oro\u017eja.<\/p>\n<ul>\n<li>Temperaturno obmo\u010dje delovanja: -65\u00b0C do +371\u00b0C<\/li>\n<li>Raz\u0161irjeno temperaturno obmo\u010dje: do 1093\u00b0C<\/li>\n<li>Formula, ki se ne lepi in ne izteka<\/li>\n<li>Mazanje in prepre\u010devanje obrabe<\/li>\n<li>Ni\u017eji koeficient trenja<\/li>\n<li>Zaviralci rje<\/li>\n<li>Nano-kerami\u010dna temperaturna maziva<\/li>\n<\/ul>\n<p>Primerno za uporabo na zaklepnih u\u0161esih, okvirjih, te\u010dajih in mehanizmih. Zagotavlja delovanje, \u017eivljenjsko dobo delov in u\u010dinkovitost v ekstremnih pogojih.<\/p>\n<p>10cc plasti\u010dna tuba s konico za doziranje in navojnim pokrov\u010dkom za enostavno nana\u0161anje.<\/p>\n","protected":false},"excerpt":{"rendered":"<p>Ultra lepljiva sinteti\u010dna mast za strelno oro\u017eje za ekstremne pogoje (-65\u00b0C do 371\u00b0C)<\/p>\n","protected":false},"featured_media":235484,"template":"","meta":{"_acf_changed":false},"product_brand":[11159],"product_cat":[13425,13438],"product_tag":[],"class_list":{"0":"post-275164","1":"product","2":"type-product","3":"status-publish","4":"has-post-thumbnail","6":"product_brand-boretech","7":"product_cat-ciscenje-orozja","8":"product_cat-maziva","10":"first","11":"outofstock","12":"taxable","13":"shipping-taxable","14":"purchasable","15":"product-type-simple"},"acf":[],"_links":{"self":[{"href":"https:\/\/nbg.eu\/sl\/wp-json\/wp\/v2\/product\/275164","targetHints":{"allow":["GET"]}}],"collection":[{"href":"https:\/\/nbg.eu\/sl\/wp-json\/wp\/v2\/product"}],"about":[{"href":"https:\/\/nbg.eu\/sl\/wp-json\/wp\/v2\/types\/product"}],"wp:featuredmedia":[{"embeddable":true,"href":"https:\/\/nbg.eu\/sl\/wp-json\/wp\/v2\/media\/235484"}],"wp:attachment":[{"href":"https:\/\/nbg.eu\/sl\/wp-json\/wp\/v2\/media?parent=275164"}],"wp:term":[{"taxonomy":"product_brand","embeddable":true,"href":"https:\/\/nbg.eu\/sl\/wp-json\/wp\/v2\/product_brand?post=275164"},{"taxonomy":"product_cat","embeddable":true,"href":"https:\/\/nbg.eu\/sl\/wp-json\/wp\/v2\/product_cat?post=275164"},{"taxonomy":"product_tag","embeddable":true,"href":"https:\/\/nbg.eu\/sl\/wp-json\/wp\/v2\/product_tag?post=275164"}],"curies":[{"name":"wp","href":"https:\/\/api.w.org\/{rel}","templated":true}]}}