{"id":276003,"date":"2025-03-03T22:22:36","date_gmt":"2025-03-03T19:22:36","guid":{"rendered":"https:\/\/nbg.eu\/product\/qwik-dri-dry-lubricant-1-oz\/"},"modified":"2026-01-21T11:41:29","modified_gmt":"2026-01-21T08:41:29","slug":"qwik-dri-suho-mazivo-1-oz","status":"publish","type":"product","link":"https:\/\/nbg.eu\/sl\/izdelek\/qwik-dri-suho-mazivo-1-oz\/","title":{"rendered":"QWIK-DRI SUHO MAZIVO, 1 Oz"},"content":{"rendered":"<h2>QWIK-DRI SUHO MAZIVO, 28 g<\/h2>\n<p>Bore Tech Qwik-Dri\u2122 je suho filmsko mazivo za vzdr\u017eevanje strelnega oro\u017eja. Ta 28 g stekleni\u010dka vsebuje formulo delcev PTFE v hitro izhlapevajo\u010dem nosilcu.<\/p>\n<ul>\n<li>Prodre globoko v pore kovine<\/li>\n<li>Tvori trden, dolgotrajen suh film<\/li>\n<li>Deluje pri ekstremnih temperaturah (-73\u00b0C do 316\u00b0C)<\/li>\n<li>Zmanj\u0161a trenje in obrabo za 95%<\/li>\n<li>Odbija prah, umazanijo in ostanke<\/li>\n<li>Nemasten nanos brez nereda<\/li>\n<\/ul>\n<p>Primerno za drsne mehanizme pi\u0161tol, spro\u017eilce, zaklep pu\u0161ke, nabojnike in drugo. Qwik-Dri\u2122 zagotavlja gladko delovanje. Primerno za oro\u017eje v toku, ne ma\u017ee obla\u010dil in ne privla\u010di vlaken. Izdelano v ZDA.<\/p>\n<p><strong>Izberite Bore Tech Qwik-Dri\u2122.<\/strong><\/p>\n","protected":false},"excerpt":{"rendered":"<p>QWIK-DRI: Hitro su\u0161e\u010de PTFE mazivo za ekstremne temperature. Odbija umazanijo.<\/p>\n","protected":false},"featured_media":235687,"template":"","meta":{"_acf_changed":false},"product_brand":[11159],"product_cat":[13425,13498,13438],"product_tag":[],"class_list":{"0":"post-276003","1":"product","2":"type-product","3":"status-publish","4":"has-post-thumbnail","6":"product_brand-boretech","7":"product_cat-ciscenje-orozja","8":"product_cat-cistila","9":"product_cat-maziva","11":"first","12":"instock","13":"taxable","14":"shipping-taxable","15":"purchasable","16":"product-type-simple"},"acf":[],"_links":{"self":[{"href":"https:\/\/nbg.eu\/sl\/wp-json\/wp\/v2\/product\/276003","targetHints":{"allow":["GET"]}}],"collection":[{"href":"https:\/\/nbg.eu\/sl\/wp-json\/wp\/v2\/product"}],"about":[{"href":"https:\/\/nbg.eu\/sl\/wp-json\/wp\/v2\/types\/product"}],"wp:featuredmedia":[{"embeddable":true,"href":"https:\/\/nbg.eu\/sl\/wp-json\/wp\/v2\/media\/235687"}],"wp:attachment":[{"href":"https:\/\/nbg.eu\/sl\/wp-json\/wp\/v2\/media?parent=276003"}],"wp:term":[{"taxonomy":"product_brand","embeddable":true,"href":"https:\/\/nbg.eu\/sl\/wp-json\/wp\/v2\/product_brand?post=276003"},{"taxonomy":"product_cat","embeddable":true,"href":"https:\/\/nbg.eu\/sl\/wp-json\/wp\/v2\/product_cat?post=276003"},{"taxonomy":"product_tag","embeddable":true,"href":"https:\/\/nbg.eu\/sl\/wp-json\/wp\/v2\/product_tag?post=276003"}],"curies":[{"name":"wp","href":"https:\/\/api.w.org\/{rel}","templated":true}]}}