{"id":276623,"date":"2025-03-03T19:46:03","date_gmt":"2025-03-03T19:46:03","guid":{"rendered":"https:\/\/nbg.eu\/product\/daa-alpha-xip\/"},"modified":"2026-05-13T15:59:24","modified_gmt":"2026-05-13T12:59:24","slug":"daa-alpha-xip","status":"publish","type":"product","link":"https:\/\/nbg.eu\/sl\/izdelek\/daa-alpha-xip\/","title":{"rendered":"DAA Alpha-XiP"},"content":{"rendered":"<h2>DAA Alpha-XiP komplet magnetov<\/h2>\n<p>Nadgradite svoj DAA Racer torbico ali Alpha XiP s tem kompletom magnetov. Pritrdite magnet na torbico za hitro in varno monta\u017eo.<\/p>\n<h3>Vsebina kompleta:<\/h3>\n<ul>\n<li>DAA velik magnet<\/li>\n<li>Vijak iz nerjave\u010dega jekla M5 10mm<\/li>\n<li>Medeninasta termalna vlo\u017ena matica M5 (6mm dolga)<\/li>\n<\/ul>\n<h3>Potrebna orodja:<\/h3>\n<ul>\n<li>Vrtalnik s 6,3-6,5mm svedrom<\/li>\n<li>Spajkalnik<\/li>\n<li>Pila in brusni papir<\/li>\n<\/ul>\n<p>Sledite navodilom za sestavljanje po korakih za prilagoditev va\u0161e torbice. Zvrtajte luknjo, vstavite termalno matico in pritrdite magnet. S tem kompletom boste izbolj\u0161ali funkcionalnost in vsestranskost va\u0161e torbice.<\/p>\n<p><strong>Opomba:<\/strong> Sestavljanje zahteva previdno ravnanje in potrpe\u017eljivost. Med namestitvijo vedno dajte prednost varnosti.<\/p>\n","protected":false},"excerpt":{"rendered":"<p>DAA Alpha-XiP: Prilagodljiv komplet za magnetno pritrditev torbice<\/p>\n","protected":false},"featured_media":235866,"template":"","meta":{"_acf_changed":false},"product_brand":[11274],"product_cat":[13481],"product_tag":[],"class_list":{"0":"post-276623","1":"product","2":"type-product","3":"status-publish","4":"has-post-thumbnail","6":"product_brand-doublealpha","7":"product_cat-torbice","9":"first","10":"instock","11":"taxable","12":"shipping-taxable","13":"purchasable","14":"product-type-simple"},"acf":[],"_links":{"self":[{"href":"https:\/\/nbg.eu\/sl\/wp-json\/wp\/v2\/product\/276623","targetHints":{"allow":["GET"]}}],"collection":[{"href":"https:\/\/nbg.eu\/sl\/wp-json\/wp\/v2\/product"}],"about":[{"href":"https:\/\/nbg.eu\/sl\/wp-json\/wp\/v2\/types\/product"}],"wp:featuredmedia":[{"embeddable":true,"href":"https:\/\/nbg.eu\/sl\/wp-json\/wp\/v2\/media\/235866"}],"wp:attachment":[{"href":"https:\/\/nbg.eu\/sl\/wp-json\/wp\/v2\/media?parent=276623"}],"wp:term":[{"taxonomy":"product_brand","embeddable":true,"href":"https:\/\/nbg.eu\/sl\/wp-json\/wp\/v2\/product_brand?post=276623"},{"taxonomy":"product_cat","embeddable":true,"href":"https:\/\/nbg.eu\/sl\/wp-json\/wp\/v2\/product_cat?post=276623"},{"taxonomy":"product_tag","embeddable":true,"href":"https:\/\/nbg.eu\/sl\/wp-json\/wp\/v2\/product_tag?post=276623"}],"curies":[{"name":"wp","href":"https:\/\/api.w.org\/{rel}","templated":true}]}}