{"id":282103,"date":"2025-03-06T10:01:39","date_gmt":"2025-03-24T12:42:04","guid":{"rendered":"https:\/\/nbg.eu\/product\/clawgear-m-lok-10-slot-rail-qd-integrated\/"},"modified":"2026-01-21T11:39:35","modified_gmt":"2026-01-21T08:39:35","slug":"clawgear-m-lok-10-rezna-tirnica-qd-integrirana","status":"publish","type":"product","link":"https:\/\/nbg.eu\/sl\/izdelek\/clawgear-m-lok-10-rezna-tirnica-qd-integrirana\/","title":{"rendered":"Clawgear M-LOK 10 re\u017ena tirnica QD integrirana"},"content":{"rendered":"<h2>Clawgear M-LOK 10 re\u017ea tirnica z vgrajenim QD<\/h2>\n<p>Picatinny tirnica za M-LOK vmesnik. Ima 10 re\u017e in vgrajeno QD pritrdi\u0161\u010de za jermenove zaponke. Izdelana je iz aluminija z anodno oksidirano prevleko, ki ustreza voja\u0161kim standardom.<\/p>\n<ul>\n<li>Vklju\u010duje pritrdilne elemente z nerjave\u010dimi T maticami<\/li>\n<li>Odporna proti koroziji<\/li>\n<li>Najve\u010dji navor: 4Nm ali 35in\/lb<\/li>\n<\/ul>\n<p><strong>Nasvet:<\/strong> \u010ce nimate momentnega klju\u010da, uporabite kratki ro\u010daj inbus klju\u010da za privijanje.<\/p>\n<p><em>Dimenzije (pakirano):<\/em> 17 x 10,7 x 1 cm<br \/>\n<em>Te\u017ea:<\/em> 45g (53g pakirano)<\/p>\n","protected":false},"excerpt":{"rendered":"<p>M-LOK Picatinny tirnica z 10 re\u017eami in QD nosilcem. Trpe\u017een aluminij.<\/p>\n","protected":false},"featured_media":240514,"template":"","meta":{"_acf_changed":false},"product_brand":[11233],"product_cat":[13419,14961,13483,13497,13444],"product_tag":[],"class_list":{"0":"post-282103","1":"product","2":"type-product","3":"status-publish","4":"has-post-thumbnail","6":"product_brand-clawgear","7":"product_cat-jermenice","8":"product_cat-m-lok-rail-systems-sl","9":"product_cat-puska","10":"product_cat-tirnice","11":"product_cat-tuning-za-puske","13":"first","14":"instock","15":"taxable","16":"shipping-taxable","17":"purchasable","18":"product-type-simple"},"acf":[],"_links":{"self":[{"href":"https:\/\/nbg.eu\/sl\/wp-json\/wp\/v2\/product\/282103","targetHints":{"allow":["GET"]}}],"collection":[{"href":"https:\/\/nbg.eu\/sl\/wp-json\/wp\/v2\/product"}],"about":[{"href":"https:\/\/nbg.eu\/sl\/wp-json\/wp\/v2\/types\/product"}],"wp:featuredmedia":[{"embeddable":true,"href":"https:\/\/nbg.eu\/sl\/wp-json\/wp\/v2\/media\/240514"}],"wp:attachment":[{"href":"https:\/\/nbg.eu\/sl\/wp-json\/wp\/v2\/media?parent=282103"}],"wp:term":[{"taxonomy":"product_brand","embeddable":true,"href":"https:\/\/nbg.eu\/sl\/wp-json\/wp\/v2\/product_brand?post=282103"},{"taxonomy":"product_cat","embeddable":true,"href":"https:\/\/nbg.eu\/sl\/wp-json\/wp\/v2\/product_cat?post=282103"},{"taxonomy":"product_tag","embeddable":true,"href":"https:\/\/nbg.eu\/sl\/wp-json\/wp\/v2\/product_tag?post=282103"}],"curies":[{"name":"wp","href":"https:\/\/api.w.org\/{rel}","templated":true}]}}