{"id":283489,"date":"2025-03-07T20:40:36","date_gmt":"2025-03-07T17:40:36","guid":{"rendered":"https:\/\/nbg.eu\/product\/rusan-adapter-arm52-64-64mm\/"},"modified":"2026-01-21T11:38:39","modified_gmt":"2026-01-21T08:38:39","slug":"rusan-adapter-arm52-64-64mm","status":"publish","type":"product","link":"https:\/\/nbg.eu\/sl\/izdelek\/rusan-adapter-arm52-64-64mm\/","title":{"rendered":"Rusan &#8211; Adapter ARM52-64, 64mm"},"content":{"rendered":"<div class=\"product-description\">\n<h1>Rusan &#8211; Adapter ARM52-64, 64mm<\/h1>\n<h2>Kombinacija mo\u010di, prilagodljivosti in natan\u010dnega in\u017eeniringa<\/h2>\n<p>Rusan &#8211; Adapter ARM52-64 je 64mm adapter, ki zdru\u017euje mo\u010d, prilagodljivost in natan\u010dnost, zasnovan za optimizacijo va\u0161e opreme za razli\u010dne strelske scenarije.<\/p>\n<h3>Klju\u010dne lastnosti:<\/h3>\n<ul>\n<li><strong>RRS-Lock\u2122 sistem:<\/strong> Vklju\u010duje varnostne zaustavljalne funkcije v monta\u017eni tirnici in hitro sprostitveni objemki, skladno z RRS 1.5&#8243; standardom. Ponuja ve\u010d polo\u017eajev &#8220;trdega zaustavljanja&#8221; vzdol\u017e tirnice z gladkimi robovi za ergonomijo.<\/li>\n<li><strong>Enostavno nalaganje z vrha:<\/strong> Prehod iz zaprte v popolnoma odprto pozicijo z enim gibom, omogo\u010da enostavno nalaganje RRS Dovetail in Arca-Swiss zdru\u017eljivih plo\u0161\u010d.<\/li>\n<li><strong>Vizualna potrditev zaklepa:<\/strong> Enostavno opazovanje polo\u017eaja ro\u010dice &#8211; zaklenjeno, pol odprto ali popolnoma odprto.<\/li>\n<li><strong>Nastavljiva napetost:<\/strong> Natan\u010dno nastavite napetost objemke za bolj\u0161o zdru\u017eljivost s plo\u0161\u010dami in tirnicami drugih proizvajalcev.<\/li>\n<li><strong>Patentirana dvojna objemka:<\/strong> Primerna za Picatinny in Arca-style tirnice.<\/li>\n<li><strong>Uporabniku prijazna zasnova:<\/strong> Zdru\u017eljiva s starej\u0161imi Arca-style tirnicami brez RRS-Lock\u2122.<\/li>\n<\/ul>\n<h3>Zdru\u017eljivi dvono\u0161ki:<\/h3>\n<ul>\n<li>B&amp;T Industries&#8217; Atlas A.R.M.S. 17s dvono\u0161ki<\/li>\n<li>Thunder Beast Arms TBAC<\/li>\n<li>Magpul A.R.M.S. 17s Style<\/li>\n<li>Vse druge A.R.M.S. 17s aplikacije<\/li>\n<\/ul>\n<h3>Specifikacije:<\/h3>\n<table>\n<tr>\n<td>Dol\u017eina \u010deljusti:<\/td>\n<td>1,97&#8243; \/ 50mm<\/td>\n<\/tr>\n<tr>\n<td>\u0160irina:<\/td>\n<td>2,94&#8243; \/ 74,6mm<\/td>\n<\/tr>\n<tr>\n<td>Vi\u0161ina:<\/td>\n<td>0,7&#8243; \/ 17,4mm<\/td>\n<\/tr>\n<tr>\n<td>Te\u017ea:<\/td>\n<td>3,8oz \/ 107g (vklju\u010dno s strojno opremo)<\/td>\n<\/tr>\n<\/table>\n<p>Rusan &#8211; Adapter ARM52-64 je orodje za natan\u010dno streljanje. Ta adapter zagotavlja, da je va\u0161a oprema pritrjena z zanesljivim sistemom pritrditve.<\/p>\n<\/div>\n","protected":false},"excerpt":{"rendered":"<p>Rusan ARM52-64: 64-milimetrski adapter za natan\u010dno pritrditev. Trpe\u017een, vsestranski in zasnovan za optimalno delovanje.<\/p>\n","protected":false},"featured_media":248375,"template":"","meta":{"_acf_changed":false},"product_brand":[11693],"product_cat":[13459,13434,13454],"product_tag":[],"class_list":{"0":"post-283489","1":"product","2":"type-product","3":"status-publish","4":"has-post-thumbnail","6":"product_brand-rusan","7":"product_cat-dodatki-za-nisanjenje","8":"product_cat-nisanjenje","9":"product_cat-termovizija","11":"first","12":"outofstock","13":"taxable","14":"shipping-taxable","15":"purchasable","16":"product-type-simple"},"acf":[],"_links":{"self":[{"href":"https:\/\/nbg.eu\/sl\/wp-json\/wp\/v2\/product\/283489","targetHints":{"allow":["GET"]}}],"collection":[{"href":"https:\/\/nbg.eu\/sl\/wp-json\/wp\/v2\/product"}],"about":[{"href":"https:\/\/nbg.eu\/sl\/wp-json\/wp\/v2\/types\/product"}],"wp:featuredmedia":[{"embeddable":true,"href":"https:\/\/nbg.eu\/sl\/wp-json\/wp\/v2\/media\/248375"}],"wp:attachment":[{"href":"https:\/\/nbg.eu\/sl\/wp-json\/wp\/v2\/media?parent=283489"}],"wp:term":[{"taxonomy":"product_brand","embeddable":true,"href":"https:\/\/nbg.eu\/sl\/wp-json\/wp\/v2\/product_brand?post=283489"},{"taxonomy":"product_cat","embeddable":true,"href":"https:\/\/nbg.eu\/sl\/wp-json\/wp\/v2\/product_cat?post=283489"},{"taxonomy":"product_tag","embeddable":true,"href":"https:\/\/nbg.eu\/sl\/wp-json\/wp\/v2\/product_tag?post=283489"}],"curies":[{"name":"wp","href":"https:\/\/api.w.org\/{rel}","templated":true}]}}