{"id":284936,"date":"2024-01-30T18:08:20","date_gmt":"2024-01-30T18:08:20","guid":{"rendered":"https:\/\/nbg.eu\/product\/area-419-mini-pad-the-gripchanger\/"},"modified":"2026-01-21T12:04:24","modified_gmt":"2026-01-21T09:04:24","slug":"area-419-mini-blazinica-gripchanger","status":"publish","type":"product","link":"https:\/\/nbg.eu\/sl\/izdelek\/area-419-mini-blazinica-gripchanger\/","title":{"rendered":"Area 419 Mini blazinica GripChanger"},"content":{"rendered":"<div class=\"product-description\">\n<h2>Area 419 &#8211; Mini Pad, GripChanger<\/h2>\n<p>GripChanger je nov dodatek k na\u0161i liniji RailChanger. Ta kompaktna in gosto polnjena vre\u010da je re\u0161itev za hitro gradnjo polo\u017eaja ali uporabo v majhnih odprtinah.<\/p>\n<h3>Lastnosti:<\/h3>\n<ul>\n<li>Tehta pribli\u017eno 0,45 kg<\/li>\n<li>Se prime na vsako povr\u0161ino<\/li>\n<li>Zagotavlja stabilno platformo za hitre postavitve<\/li>\n<\/ul>\n<h3>Komplet vklju\u010duje:<\/h3>\n<ul>\n<li>1 Area 419 GripChanger vre\u010da<\/li>\n<li>1 ARCALOCK sponka<\/li>\n<li>1 Area 419 Rail Changer roka<\/li>\n<\/ul>\n<h3>Specifikacije:<\/h3>\n<ul>\n<li>Te\u017ea: 0,45 kg<\/li>\n<li>Dimenzije: 25,4 \u00d7 7,6 \u00d7 5,1 cm<\/li>\n<li>Proizvajalec: Armageddon Gear<\/li>\n<\/ul>\n<\/div>\n","protected":false},"excerpt":{"rendered":"<p>&#8220;Kompaktna, oprijemljiva 450-gramska vre\u010da za hitre in stabilne strelske polo\u017eaje. Vklju\u010duje objemko in ro\u010dico.&#8221;<\/p>\n","protected":false},"featured_media":233577,"template":"","meta":{"_acf_changed":false},"product_brand":[11052],"product_cat":[13483],"product_tag":[],"class_list":{"0":"post-284936","1":"product","2":"type-product","3":"status-publish","4":"has-post-thumbnail","6":"product_brand-area-419","7":"product_cat-puska","9":"first","10":"instock","11":"taxable","12":"shipping-taxable","13":"purchasable","14":"product-type-simple"},"acf":[],"_links":{"self":[{"href":"https:\/\/nbg.eu\/sl\/wp-json\/wp\/v2\/product\/284936","targetHints":{"allow":["GET"]}}],"collection":[{"href":"https:\/\/nbg.eu\/sl\/wp-json\/wp\/v2\/product"}],"about":[{"href":"https:\/\/nbg.eu\/sl\/wp-json\/wp\/v2\/types\/product"}],"wp:featuredmedia":[{"embeddable":true,"href":"https:\/\/nbg.eu\/sl\/wp-json\/wp\/v2\/media\/233577"}],"wp:attachment":[{"href":"https:\/\/nbg.eu\/sl\/wp-json\/wp\/v2\/media?parent=284936"}],"wp:term":[{"taxonomy":"product_brand","embeddable":true,"href":"https:\/\/nbg.eu\/sl\/wp-json\/wp\/v2\/product_brand?post=284936"},{"taxonomy":"product_cat","embeddable":true,"href":"https:\/\/nbg.eu\/sl\/wp-json\/wp\/v2\/product_cat?post=284936"},{"taxonomy":"product_tag","embeddable":true,"href":"https:\/\/nbg.eu\/sl\/wp-json\/wp\/v2\/product_tag?post=284936"}],"curies":[{"name":"wp","href":"https:\/\/api.w.org\/{rel}","templated":true}]}}