{"id":287808,"date":"2025-03-05T11:33:07","date_gmt":"2025-03-05T11:33:07","guid":{"rendered":"https:\/\/nbg.eu\/prodcut\/clawgear-ak47-medium-slick-handguard-m-lok\/"},"modified":"2026-01-21T11:45:39","modified_gmt":"2026-01-21T08:45:39","slug":"clawgear-ak47-srednja-gladka-sprednja-kopita-m-lok","status":"publish","type":"product","link":"https:\/\/nbg.eu\/sl\/izdelek\/clawgear-ak47-srednja-gladka-sprednja-kopita-m-lok\/","title":{"rendered":"Clawgear AK47 srednja gladka sprednja kopita M-LOK"},"content":{"rendered":"<div class=\"product-description\">\n<h2>Clawgear AK47 srednji gladki ro\u010daj M-LOK<\/h2>\n<p>Nadgradite svoj AK47 s tem ro\u010dajem Clawgear. Ima mat \u010drno prevleko za zmanj\u0161anje odsevov. M-LOK sistem omogo\u010da pritrditev razli\u010dnih dodatkov, QD to\u010dka pa pritrjevanje jermena.<\/p>\n<ul>\n<li>Zdru\u017eljiv s kovanimi in rezkanimi sprejemniki<\/li>\n<li>Izdelan iz 6061 aluminija<\/li>\n<li>MIL-SPEC Type III eloksirana povr\u0161ina<\/li>\n<li>Te\u017ea: 0,15 kg<\/li>\n<li>Mere: 26,2 cm (D) x 4,3 cm (\u0160) x 4,3 cm (V)<\/li>\n<\/ul>\n<p>Ta ro\u010daj izbolj\u0161a funkcionalnost in videz va\u0161ega AK47.<\/p>\n<\/div>\n","protected":false},"excerpt":{"rendered":"<p>Lahek M-LOK ro\u010daj za AK47 s to\u010dko za hitro pritrditev pasu in mat zaklju\u010dkom.<\/p>\n","protected":false},"featured_media":239657,"template":"","meta":{"_acf_changed":false},"product_brand":[11233],"product_cat":[13419,14961,13483,13497,13444],"product_tag":[],"class_list":{"0":"post-287808","1":"product","2":"type-product","3":"status-publish","4":"has-post-thumbnail","6":"product_brand-clawgear","7":"product_cat-jermenice","8":"product_cat-m-lok-rail-systems-sl","9":"product_cat-puska","10":"product_cat-tirnice","11":"product_cat-tuning-za-puske","13":"first","14":"instock","15":"taxable","16":"shipping-taxable","17":"purchasable","18":"product-type-simple"},"acf":[],"_links":{"self":[{"href":"https:\/\/nbg.eu\/sl\/wp-json\/wp\/v2\/product\/287808","targetHints":{"allow":["GET"]}}],"collection":[{"href":"https:\/\/nbg.eu\/sl\/wp-json\/wp\/v2\/product"}],"about":[{"href":"https:\/\/nbg.eu\/sl\/wp-json\/wp\/v2\/types\/product"}],"wp:featuredmedia":[{"embeddable":true,"href":"https:\/\/nbg.eu\/sl\/wp-json\/wp\/v2\/media\/239657"}],"wp:attachment":[{"href":"https:\/\/nbg.eu\/sl\/wp-json\/wp\/v2\/media?parent=287808"}],"wp:term":[{"taxonomy":"product_brand","embeddable":true,"href":"https:\/\/nbg.eu\/sl\/wp-json\/wp\/v2\/product_brand?post=287808"},{"taxonomy":"product_cat","embeddable":true,"href":"https:\/\/nbg.eu\/sl\/wp-json\/wp\/v2\/product_cat?post=287808"},{"taxonomy":"product_tag","embeddable":true,"href":"https:\/\/nbg.eu\/sl\/wp-json\/wp\/v2\/product_tag?post=287808"}],"curies":[{"name":"wp","href":"https:\/\/api.w.org\/{rel}","templated":true}]}}