{"id":288312,"date":"2025-03-06T13:32:44","date_gmt":"2025-03-06T10:32:44","guid":{"rendered":"https:\/\/nbg.eu\/prodcut\/ftcs-custom-ak-mod-7-handguard-m-lok-short-forward-curved\/"},"modified":"2026-05-13T16:48:14","modified_gmt":"2026-05-13T13:48:14","slug":"ftcs-custom-ak-mod-7-sprednja-kopita-m-lok-kratka-spredaj-ukrivljena","status":"publish","type":"product","link":"https:\/\/nbg.eu\/sl\/izdelek\/ftcs-custom-ak-mod-7-sprednja-kopita-m-lok-kratka-spredaj-ukrivljena\/","title":{"rendered":"FTCS &#8211; Custom AK Mod 7 sprednja kopita &#8211; M-LOK &#8211; kratka spredaj ukrivljena"},"content":{"rendered":"<div class=\"product-description\">\n<h2>FTCS &#8211; Po meri narejen AK Mod 7 ro\u010daj &#8211; M-LOK &#8211; Kratek naprej ukrivljen<\/h2>\n<p>AKM karabinka z na\u0161im po meri narejenim AK Mod 7 ro\u010dajem, ki ima kratek naprej ukrivljen dizajn. Ta lahek lesen ro\u010daj zdru\u017euje tradicionalno in sodobno.<\/p>\n<h2>Klju\u010dne lastnosti:<\/h2>\n<ul>\n<li>Kratek naprej ukrivljen sprednji oprijem za bolj\u0161i nadzor<\/li>\n<li>Lahka lesena konstrukcija (180g)<\/li>\n<li>Vgrajene aluminijaste M-LOK tirnice za pritrditev dodatkov<\/li>\n<li>Zdru\u017eljiv z AKM, AKMS in AKMN karabinkami (morda potrebna prilagoditev)<\/li>\n<li>Grafit \u010drna H-146 Cerakote povr\u0161inska obdelava<\/li>\n<\/ul>\n<p>Lesen ro\u010daj z M-LOK sistemom. Omogo\u010da pritrditev sodobnih dodatkov, kot so svetilke in laserji. Opomba: Ni zdru\u017eljiv s karabinkami z rezkano zasnovo AK brez modifikacije.<\/p>\n<p>Dimenzije: 160 x 120 x 35 mm<\/p>\n<\/div>\n","protected":false},"excerpt":{"rendered":"<p>FTCS AK Mod 7 kopito: Kratko, ukrivljeno leseno kopito z M-LOK vodili.<\/p>\n","protected":false},"featured_media":241215,"template":"","meta":{"_acf_changed":false},"product_brand":[11326],"product_cat":[13483,14810,14832,13497,13444],"product_tag":[],"class_list":{"0":"post-288312","1":"product","2":"type-product","3":"status-publish","4":"has-post-thumbnail","6":"product_brand-ftcs","7":"product_cat-puska","8":"product_cat-rokavi","9":"product_cat-rokavi-za-ak","10":"product_cat-tirnice","11":"product_cat-tuning-za-puske","13":"first","14":"outofstock","15":"taxable","16":"shipping-taxable","17":"purchasable","18":"product-type-simple"},"acf":[],"_links":{"self":[{"href":"https:\/\/nbg.eu\/sl\/wp-json\/wp\/v2\/product\/288312","targetHints":{"allow":["GET"]}}],"collection":[{"href":"https:\/\/nbg.eu\/sl\/wp-json\/wp\/v2\/product"}],"about":[{"href":"https:\/\/nbg.eu\/sl\/wp-json\/wp\/v2\/types\/product"}],"wp:featuredmedia":[{"embeddable":true,"href":"https:\/\/nbg.eu\/sl\/wp-json\/wp\/v2\/media\/241215"}],"wp:attachment":[{"href":"https:\/\/nbg.eu\/sl\/wp-json\/wp\/v2\/media?parent=288312"}],"wp:term":[{"taxonomy":"product_brand","embeddable":true,"href":"https:\/\/nbg.eu\/sl\/wp-json\/wp\/v2\/product_brand?post=288312"},{"taxonomy":"product_cat","embeddable":true,"href":"https:\/\/nbg.eu\/sl\/wp-json\/wp\/v2\/product_cat?post=288312"},{"taxonomy":"product_tag","embeddable":true,"href":"https:\/\/nbg.eu\/sl\/wp-json\/wp\/v2\/product_tag?post=288312"}],"curies":[{"name":"wp","href":"https:\/\/api.w.org\/{rel}","templated":true}]}}