{"id":289469,"date":"2025-03-01T15:46:12","date_gmt":"2025-03-01T15:46:12","guid":{"rendered":"https:\/\/nbg.eu\/prodcut\/area-419-arcalock-14-universal-dovetail-rail\/"},"modified":"2026-05-13T16:03:43","modified_gmt":"2026-05-13T13:03:43","slug":"area-419-arcalock-14-univerzalna-letve-s-tezkastim-zlebom","status":"publish","type":"product","link":"https:\/\/nbg.eu\/sl\/izdelek\/area-419-arcalock-14-univerzalna-letve-s-tezkastim-zlebom\/","title":{"rendered":"Area 419 &#8211; ARCALOCK 14&#8243; Univerzalna Letve s Te\u017ekastim \u017dlebom"},"content":{"rendered":"<h2>Area 419 &#8211; ARCALOCK 14&#8243; univerzalna tirnica<\/h2>\n<p>ARCALOCK 14&#8243; univerzalna tirnica podjetja Area 419 ima naslednje zna\u010dilnosti:<\/p>\n<ul>\n<li>Nazob\u010dane stranice za mehansko zaklepanje s sponkami Area 419<\/li>\n<li>65 zaklepnih polo\u017eajev na 14-pal\u010dni tirnici<\/li>\n<li>Zdru\u017eljivost s standardnimi Arca dodatki<\/li>\n<li>Nazob\u010dan fiksen zadnji stop z raz\u0161iritvenim \u010depom<\/li>\n<li>Lahka zasnova s te\u017eo 158,8 gramov<\/li>\n<li>Izdelano po standardu RRS 1,5&#8243; tirnice<\/li>\n<li>Zaobljeni robovi in posneti robovi za udobje<\/li>\n<li>Konstrukcija iz aluminija 6061-T6 s trdo anodizacijo tipa 3<\/li>\n<li>Izdelano v ZDA<\/li>\n<\/ul>\n<p>ARCALOCK sistem tirnic je zasnovan za natan\u010dnost in zmogljivost.<\/p>\n","protected":false},"excerpt":{"rendered":"<p>&#8220;Zaklepna ARCA tirnica za precizijske pu\u0161ke. 35,6 cm, 65 polo\u017eajev, 159 gramov.&#8221;<\/p>\n","protected":false},"featured_media":232597,"template":"","meta":{"_acf_changed":false},"product_brand":[11052],"product_cat":[15585,13497],"product_tag":[],"class_list":{"0":"post-289469","1":"product","2":"type-product","3":"status-publish","4":"has-post-thumbnail","6":"product_brand-area-419","7":"product_cat-arcalock-systems-sl","8":"product_cat-tirnice","10":"first","11":"instock","12":"sale","13":"taxable","14":"shipping-taxable","15":"purchasable","16":"product-type-simple"},"acf":[],"_links":{"self":[{"href":"https:\/\/nbg.eu\/sl\/wp-json\/wp\/v2\/product\/289469","targetHints":{"allow":["GET"]}}],"collection":[{"href":"https:\/\/nbg.eu\/sl\/wp-json\/wp\/v2\/product"}],"about":[{"href":"https:\/\/nbg.eu\/sl\/wp-json\/wp\/v2\/types\/product"}],"wp:featuredmedia":[{"embeddable":true,"href":"https:\/\/nbg.eu\/sl\/wp-json\/wp\/v2\/media\/232597"}],"wp:attachment":[{"href":"https:\/\/nbg.eu\/sl\/wp-json\/wp\/v2\/media?parent=289469"}],"wp:term":[{"taxonomy":"product_brand","embeddable":true,"href":"https:\/\/nbg.eu\/sl\/wp-json\/wp\/v2\/product_brand?post=289469"},{"taxonomy":"product_cat","embeddable":true,"href":"https:\/\/nbg.eu\/sl\/wp-json\/wp\/v2\/product_cat?post=289469"},{"taxonomy":"product_tag","embeddable":true,"href":"https:\/\/nbg.eu\/sl\/wp-json\/wp\/v2\/product_tag?post=289469"}],"curies":[{"name":"wp","href":"https:\/\/api.w.org\/{rel}","templated":true}]}}