{"id":31372,"date":"2024-08-18T22:46:48","date_gmt":"2024-08-18T19:46:48","guid":{"rendered":"https:\/\/nbg.eu\/product\/flex-holster-right-hand-color-inlays\/"},"modified":"2026-01-21T12:29:41","modified_gmt":"2026-01-21T09:29:41","slug":"flex-torbica-desna-roka-barvni-vlozki","status":"publish","type":"product","link":"https:\/\/nbg.eu\/sl\/izdelek\/flex-torbica-desna-roka-barvni-vlozki\/","title":{"rendered":"Flex Torbica Desna Roka Barvni Vlo\u017eki"},"content":{"rendered":"<div class=\"product-description\">\n<h2>Barvni vlo\u017eki za Flex tok<\/h2>\n<p>Prilagodite svoj Flex tok s temi lasersko izrezanimi plasti\u010dnimi logotipnimi vlo\u017eki. Na voljo so v razli\u010dnih barvah in dodajo osebni pridih va\u0161emu toku.<\/p>\n<ul>\n<li>Enostavna namestitev s 3M lepilnim trakom<\/li>\n<li>Odstranljivi za menjavo barv (lahko se zlomijo med odstranjevanjem)<\/li>\n<li>Vklju\u010dena prozorna za\u0161\u010ditna folija (odstranljiva za bolj\u0161i videz)<\/li>\n<\/ul>\n<p>Izbirajte med na\u0161imi barvami:<\/p>\n<ul class=\"color-options\">\n<li>\u010crna<\/li>\n<li>Modra<\/li>\n<li>Bakrena<\/li>\n<li>Zlata<\/li>\n<li>Oran\u017ena<\/li>\n<li>Rde\u010da<\/li>\n<li>Srebrna<\/li>\n<li>Rumena<\/li>\n<\/ul>\n<p>Izbolj\u0161ajte videz va\u0161ega Flex toka s temi barvnimi vlo\u017eki.<\/p>\n<\/div>\n","protected":false},"excerpt":{"rendered":"<p>Prilagodljivi barvni vlo\u017eki za Flex torbico: enostavna namestitev, odstranljivi.<\/p>\n","protected":false},"featured_media":29709,"template":"","meta":{"_acf_changed":false},"product_brand":[11274],"product_cat":[13464,13470,13489],"product_tag":[],"class_list":{"0":"post-31372","1":"product","2":"type-product","3":"status-publish","4":"has-post-thumbnail","6":"product_brand-doublealpha","7":"product_cat-dodatki-za-toke","8":"product_cat-sportna-tok","9":"product_cat-tok","11":"first","12":"instock","13":"taxable","14":"shipping-taxable","15":"purchasable","16":"product-type-variable","17":"wvs-archive-product-wrapper"},"acf":[],"_links":{"self":[{"href":"https:\/\/nbg.eu\/sl\/wp-json\/wp\/v2\/product\/31372","targetHints":{"allow":["GET"]}}],"collection":[{"href":"https:\/\/nbg.eu\/sl\/wp-json\/wp\/v2\/product"}],"about":[{"href":"https:\/\/nbg.eu\/sl\/wp-json\/wp\/v2\/types\/product"}],"wp:featuredmedia":[{"embeddable":true,"href":"https:\/\/nbg.eu\/sl\/wp-json\/wp\/v2\/media\/29709"}],"wp:attachment":[{"href":"https:\/\/nbg.eu\/sl\/wp-json\/wp\/v2\/media?parent=31372"}],"wp:term":[{"taxonomy":"product_brand","embeddable":true,"href":"https:\/\/nbg.eu\/sl\/wp-json\/wp\/v2\/product_brand?post=31372"},{"taxonomy":"product_cat","embeddable":true,"href":"https:\/\/nbg.eu\/sl\/wp-json\/wp\/v2\/product_cat?post=31372"},{"taxonomy":"product_tag","embeddable":true,"href":"https:\/\/nbg.eu\/sl\/wp-json\/wp\/v2\/product_tag?post=31372"}],"curies":[{"name":"wp","href":"https:\/\/api.w.org\/{rel}","templated":true}]}}