{"id":31487,"date":"2024-08-18T22:39:34","date_gmt":"2024-08-18T19:39:34","guid":{"rendered":"https:\/\/nbg.eu\/product\/izdelek-4\/"},"modified":"2026-01-21T12:31:33","modified_gmt":"2026-01-21T09:31:33","slug":"flex-torbica-nadomestni-komplet-stranskih-distancnikov","status":"publish","type":"product","link":"https:\/\/nbg.eu\/sl\/izdelek\/flex-torbica-nadomestni-komplet-stranskih-distancnikov\/","title":{"rendered":"Flex Torbica &#8211; Nadomestni Komplet Stranskih Distan\u010dnikov"},"content":{"rendered":"<div class=\"product-description\">\n<h2>Flex Holster &#8211; Rezervni Komplet Stranskih Distan\u010dnikov<\/h2>\n<p>Izbolj\u0161ajte vsestranskost va\u0161ega Flex Holsterja s tem rezervnim kompletom stranskih distan\u010dnikov Double Alpha Academy. Ti natan\u010dno izdelani distan\u010dniki vam omogo\u010dajo:<\/p>\n<ul>\n<li>Prilagajanje \u0161irine va\u0161ega holsterja za razli\u010dne modele pi\u0161tol<\/li>\n<li>Fino nastavitev pritiska zadr\u017eevanja<\/li>\n<li>Prilagajanje va\u0161ega potega<\/li>\n<\/ul>\n<p>Izdelani iz trpe\u017enega polimera, ti distan\u010dniki zagotavljajo dolgotrajno delovanje. Zdru\u017eljivi so z vsemi modeli Flex Holster in so bistveni za tekmovalne strelce in navdu\u0161ence, ki zahtevajo najve\u010djo prilagodljivost svoje opreme.<\/p>\n<p>Nadgradite svoj Flex Holster danes za optimalno zmogljivost in vsestranskost!<\/p>\n<\/div>\n","protected":false},"excerpt":{"rendered":"<p>Dodatni stranski distan\u010dniki za Flex Holster. Prilagodite prileganje in zadr\u017eevanje.<\/p>\n","protected":false},"featured_media":29456,"template":"","meta":{"_acf_changed":false},"product_brand":[11274],"product_cat":[13464,13470,13489],"product_tag":[],"class_list":{"0":"post-31487","1":"product","2":"type-product","3":"status-publish","4":"has-post-thumbnail","6":"product_brand-doublealpha","7":"product_cat-dodatki-za-toke","8":"product_cat-sportna-tok","9":"product_cat-tok","11":"first","12":"instock","13":"taxable","14":"shipping-taxable","15":"purchasable","16":"product-type-variable","17":"wvs-archive-product-wrapper"},"acf":[],"_links":{"self":[{"href":"https:\/\/nbg.eu\/sl\/wp-json\/wp\/v2\/product\/31487","targetHints":{"allow":["GET"]}}],"collection":[{"href":"https:\/\/nbg.eu\/sl\/wp-json\/wp\/v2\/product"}],"about":[{"href":"https:\/\/nbg.eu\/sl\/wp-json\/wp\/v2\/types\/product"}],"wp:featuredmedia":[{"embeddable":true,"href":"https:\/\/nbg.eu\/sl\/wp-json\/wp\/v2\/media\/29456"}],"wp:attachment":[{"href":"https:\/\/nbg.eu\/sl\/wp-json\/wp\/v2\/media?parent=31487"}],"wp:term":[{"taxonomy":"product_brand","embeddable":true,"href":"https:\/\/nbg.eu\/sl\/wp-json\/wp\/v2\/product_brand?post=31487"},{"taxonomy":"product_cat","embeddable":true,"href":"https:\/\/nbg.eu\/sl\/wp-json\/wp\/v2\/product_cat?post=31487"},{"taxonomy":"product_tag","embeddable":true,"href":"https:\/\/nbg.eu\/sl\/wp-json\/wp\/v2\/product_tag?post=31487"}],"curies":[{"name":"wp","href":"https:\/\/api.w.org\/{rel}","templated":true}]}}