{"id":33603,"date":"2024-07-30T19:34:10","date_gmt":"2024-07-30T19:34:10","guid":{"rendered":"https:\/\/nbg.eu\/product\/low-profile-general-purpose-pouch\/"},"modified":"2026-01-21T12:33:09","modified_gmt":"2026-01-21T09:33:09","slug":"nizko-profilna-vecnamenska-torbica","status":"publish","type":"product","link":"https:\/\/nbg.eu\/sl\/izdelek\/nizko-profilna-vecnamenska-torbica\/","title":{"rendered":"Nizko-Profilna Vecnamenska Torbica"},"content":{"rendered":"<div class=\"product-description\">\n<h2>Blue Force Gear nizko-profilna ve\u010dnamenska torbica<\/h2>\n<p>Nizko-profilna ve\u010dnamenska torbica podjetja Blue Force Gear je vsestranska re\u0161itev za shranjevanje za takti\u010dne in vsakodnevne potrebe. Zna\u010dilnosti:<\/p>\n<ul>\n<li>Trpe\u017ena konstrukcija iz 500D Cordure<\/li>\n<li>Pritrdilni sistem Helium Whisper za lahko zdru\u017eljivost z MOLLE<\/li>\n<li>Nizko-profilna zasnova za diskretno no\u0161enje<\/li>\n<li>Nastavljiv sistem zadr\u017eevanja z elastiko<\/li>\n<li>Ve\u010d notranjih organizacijskih \u017eepov<\/li>\n<li>Na voljo v razli\u010dnih barvah<\/li>\n<\/ul>\n<p>Popolna za shranjevanje manj\u0161e opreme, medicinske opreme ali vsakodnevnih predmetov. Idealna za vojsko, policijo in ljubitelje aktivnosti na prostem, ki i\u0161\u010dejo kompaktno in zanesljivo torbico.<\/p>\n<\/div>\n","protected":false},"excerpt":{"rendered":"<p>Kompaktna, vsestranska torbica za bistveno opremo. Trpe\u017ena in diskretna.<\/p>\n","protected":false},"featured_media":33610,"template":"","meta":{"_acf_changed":false},"product_brand":[11139],"product_cat":[13491,13481],"product_tag":[],"class_list":{"0":"post-33603","1":"product","2":"type-product","3":"status-publish","4":"has-post-thumbnail","6":"product_brand-blue-force-gear","7":"product_cat-oprema","8":"product_cat-torbice","10":"first","11":"instock","12":"taxable","13":"shipping-taxable","14":"purchasable","15":"product-type-variable","16":"wvs-archive-product-wrapper"},"acf":[],"_links":{"self":[{"href":"https:\/\/nbg.eu\/sl\/wp-json\/wp\/v2\/product\/33603","targetHints":{"allow":["GET"]}}],"collection":[{"href":"https:\/\/nbg.eu\/sl\/wp-json\/wp\/v2\/product"}],"about":[{"href":"https:\/\/nbg.eu\/sl\/wp-json\/wp\/v2\/types\/product"}],"wp:featuredmedia":[{"embeddable":true,"href":"https:\/\/nbg.eu\/sl\/wp-json\/wp\/v2\/media\/33610"}],"wp:attachment":[{"href":"https:\/\/nbg.eu\/sl\/wp-json\/wp\/v2\/media?parent=33603"}],"wp:term":[{"taxonomy":"product_brand","embeddable":true,"href":"https:\/\/nbg.eu\/sl\/wp-json\/wp\/v2\/product_brand?post=33603"},{"taxonomy":"product_cat","embeddable":true,"href":"https:\/\/nbg.eu\/sl\/wp-json\/wp\/v2\/product_cat?post=33603"},{"taxonomy":"product_tag","embeddable":true,"href":"https:\/\/nbg.eu\/sl\/wp-json\/wp\/v2\/product_tag?post=33603"}],"curies":[{"name":"wp","href":"https:\/\/api.w.org\/{rel}","templated":true}]}}