{"id":33978,"date":"2024-07-30T22:32:12","date_gmt":"2024-07-30T19:32:12","guid":{"rendered":"https:\/\/nbg.eu\/product\/single-pistol-mag-pouch\/"},"modified":"2026-01-21T12:35:33","modified_gmt":"2026-01-21T09:35:33","slug":"enojni-etui-za-pistolski-nabojnik","status":"publish","type":"product","link":"https:\/\/nbg.eu\/sl\/izdelek\/enojni-etui-za-pistolski-nabojnik\/","title":{"rendered":"Enojni Etui za Pistolski Nabojnik"},"content":{"rendered":"<div class=\"product-description\">\n<h2>Blue Force Gear Enojna Torbica za Pi\u0161tolski Nabojnik<\/h2>\n<p>Izbolj\u0161ajte svojo takti\u010dno opremo z Blue Force Gear Enojno Torbico za Pi\u0161tolski Nabojnik. Ta kompaktna, lahka torbica je zasnovana za hiter dostop in varno shranjevanje va\u0161ega pi\u0161tolskega nabojnika.<\/p>\n<ul>\n<li>Trpe\u017ena konstrukcija iz 1000D Cordura materiala<\/li>\n<li>Nastavljiva napetost za razli\u010dne velikosti nabojnikov<\/li>\n<li>MOLLE-zdru\u017eljiv sistem pritrditve<\/li>\n<li>Nizko-profilna zasnova za diskretno no\u0161enje<\/li>\n<li>Ambidekstri\u010dna konfiguracija<\/li>\n<li>Na voljo v ve\u010d barvah<\/li>\n<\/ul>\n<p>Popolna za organe pregona, vojsko in civilno uporabo, ta vsestranska torbica zagotavlja, da je va\u0161 rezervni nabojnik vedno pri roki.<\/p>\n<\/div>\n","protected":false},"excerpt":{"rendered":"<p>Varen, tanek etui za nabojnik. Zasnovan za hitro izvle\u010denje. Trpe\u017ena izdelava.<\/p>\n","protected":false},"featured_media":33985,"template":"","meta":{"_acf_changed":false},"product_brand":[11139],"product_cat":[13474,13489],"product_tag":[],"class_list":{"0":"post-33978","1":"product","2":"type-product","3":"status-publish","4":"has-post-thumbnail","6":"product_brand-blue-force-gear","7":"product_cat-drzala-za-nabojnike","8":"product_cat-tok","10":"first","11":"instock","12":"taxable","13":"shipping-taxable","14":"purchasable","15":"product-type-variable","16":"wvs-archive-product-wrapper"},"acf":[],"_links":{"self":[{"href":"https:\/\/nbg.eu\/sl\/wp-json\/wp\/v2\/product\/33978","targetHints":{"allow":["GET"]}}],"collection":[{"href":"https:\/\/nbg.eu\/sl\/wp-json\/wp\/v2\/product"}],"about":[{"href":"https:\/\/nbg.eu\/sl\/wp-json\/wp\/v2\/types\/product"}],"wp:featuredmedia":[{"embeddable":true,"href":"https:\/\/nbg.eu\/sl\/wp-json\/wp\/v2\/media\/33985"}],"wp:attachment":[{"href":"https:\/\/nbg.eu\/sl\/wp-json\/wp\/v2\/media?parent=33978"}],"wp:term":[{"taxonomy":"product_brand","embeddable":true,"href":"https:\/\/nbg.eu\/sl\/wp-json\/wp\/v2\/product_brand?post=33978"},{"taxonomy":"product_cat","embeddable":true,"href":"https:\/\/nbg.eu\/sl\/wp-json\/wp\/v2\/product_cat?post=33978"},{"taxonomy":"product_tag","embeddable":true,"href":"https:\/\/nbg.eu\/sl\/wp-json\/wp\/v2\/product_tag?post=33978"}],"curies":[{"name":"wp","href":"https:\/\/api.w.org\/{rel}","templated":true}]}}