{"id":405371,"date":"2025-06-30T19:48:27","date_gmt":"2025-06-30T16:48:27","guid":{"rendered":"https:\/\/nbg.eu\/product\/compensator-ase-utra-au780-borelock-223-muzzle-brake-1-2x28-unef\/"},"modified":"2026-05-13T16:44:10","modified_gmt":"2026-05-13T13:44:10","slug":"kompenzator-ase-utra-au780-borelock-223-zavorna-naprava-12x28-unef","status":"publish","type":"product","link":"https:\/\/nbg.eu\/sl\/izdelek\/kompenzator-ase-utra-au780-borelock-223-zavorna-naprava-12x28-unef\/","title":{"rendered":"KOMPENZATOR ASE UTRA AU780 BoreLock .223 zavorna naprava 1\/2&#8243;x28 UNEF"},"content":{"rendered":"<h2>KOMPENZATOR ASE UTRA AU780 BoreLock .223 Ustna zavora<\/h2>\n<p>KOMPENZATOR ASE UTRA AU780 BoreLock .223 ustna zavora ima sistem BoreLock za hitro pritrditev. Ta naprava je namenjena za juri\u0161ne pu\u0161ke in lahke mitraljeze kalibra 5,56 mm NATO.<\/p>\n<h2>Klju\u010dne lastnosti:<\/h2>\n<ul>\n<li>Navoj: 1\/2&#8243;x28 UNEF<\/li>\n<li>Zdru\u017eljiv s .223 Remington \/ 5,56 NATO<\/li>\n<li>Sistem BoreLock za hitro pritrditev<\/li>\n<li>Dvostranska zasnova za zmanj\u0161anje odsuna<\/li>\n<li>Kompaktna velikost<\/li>\n<li>Zmanj\u0161anje bliska in vidnega podpisa<\/li>\n<\/ul>\n<p>AU780 BoreLock ustna zavora je del sistema BoreLock podjetja ASE UTRA, ki vklju\u010duje razli\u010dne monta\u017ee za bla\u017eilce plamena in pritrdilni obro\u010d. Ta zavora zagotavlja upravljanje odsuna in ohranja nizek profil.<\/p>\n<p>KOMPENZATOR ASE UTRA AU780 BoreLock .223 ustna zavora je dodatek za va\u0161e strelno oro\u017eje.<\/p>\n","protected":false},"excerpt":{"rendered":"<p>Kompaktno, u\u010dinkovito zmanj\u0161anje odsuna za pu\u0161ke kalibra .223. Sistem za hitro pritrditev.<\/p>\n","protected":false},"featured_media":359534,"template":"","meta":{"_acf_changed":false},"product_brand":[14279],"product_cat":[514],"product_tag":[],"class_list":{"0":"post-405371","1":"product","2":"type-product","3":"status-publish","4":"has-post-thumbnail","6":"product_brand-ase-utra-oy","7":"product_cat-rifle-grips","9":"first","10":"instock","11":"taxable","12":"shipping-taxable","13":"purchasable","14":"product-type-simple"},"acf":[],"_links":{"self":[{"href":"https:\/\/nbg.eu\/sl\/wp-json\/wp\/v2\/product\/405371","targetHints":{"allow":["GET"]}}],"collection":[{"href":"https:\/\/nbg.eu\/sl\/wp-json\/wp\/v2\/product"}],"about":[{"href":"https:\/\/nbg.eu\/sl\/wp-json\/wp\/v2\/types\/product"}],"wp:featuredmedia":[{"embeddable":true,"href":"https:\/\/nbg.eu\/sl\/wp-json\/wp\/v2\/media\/359534"}],"wp:attachment":[{"href":"https:\/\/nbg.eu\/sl\/wp-json\/wp\/v2\/media?parent=405371"}],"wp:term":[{"taxonomy":"product_brand","embeddable":true,"href":"https:\/\/nbg.eu\/sl\/wp-json\/wp\/v2\/product_brand?post=405371"},{"taxonomy":"product_cat","embeddable":true,"href":"https:\/\/nbg.eu\/sl\/wp-json\/wp\/v2\/product_cat?post=405371"},{"taxonomy":"product_tag","embeddable":true,"href":"https:\/\/nbg.eu\/sl\/wp-json\/wp\/v2\/product_tag?post=405371"}],"curies":[{"name":"wp","href":"https:\/\/api.w.org\/{rel}","templated":true}]}}