{"id":405614,"date":"2025-05-05T23:43:01","date_gmt":"2025-05-05T20:43:01","guid":{"rendered":"https:\/\/nbg.eu\/product\/surefire-plr-c-edc-flashlight-stiletto-pro-ii\/"},"modified":"2026-01-21T11:34:27","modified_gmt":"2026-01-21T08:34:27","slug":"surefire-plr-c-edc-svetilka-stiletto-pro-ii","status":"publish","type":"product","link":"https:\/\/nbg.eu\/sl\/izdelek\/surefire-plr-c-edc-svetilka-stiletto-pro-ii\/","title":{"rendered":"Surefire PLR-C EDC svetilka &#8211; Stiletto Pro II"},"content":{"rendered":"<h2>Surefire PLR-C EDC Svetilka &#8211; Stiletto Pro II<\/h2>\n<p>Stiletto Pro II je svetilka za vsakodnevno no\u0161enje. Ta tanka svetilka zdru\u017euje tanek profil z zmogljivostjo, ki zagotavlja do 1.500 lumnov hibridnega \u017earka svetlobe z dosegom 375 metrov.<\/p>\n<ul>\n<li>Dvojna optika zagotavlja 35.000 kandel za osvetlitev na dolge razdalje<\/li>\n<li>Tri programirljive nastavitve: Visoka (1.500 lumnov), Srednja (500 lumnov) in Nizka (25 lumnov)<\/li>\n<li>Ohi\u0161je iz letalskega aluminija zagotavlja trpe\u017enost in enostavno prikrivanje<\/li>\n<li>Takti\u010dno stikalo na repu z mo\u017enostjo visokofrekven\u010dnega stroboskopa<\/li>\n<li>Vgrajena litij-polimerna baterija, ki se polni prek USB-C<\/li>\n<li>LED indikator stanja baterije<\/li>\n<li>Obojestranska jeklena zaponka za \u017eep s prevleko Melonite<\/li>\n<li>IPX7 vodoodpornost do 1 metra za 30 minut<\/li>\n<\/ul>\n<p>Stiletto Pro II je primerna za navigacijo po temnih ulicah ali za zunanje aktivnosti. Njena vsestranska zasnova in zmogljivost jo naredijo primerno za organe pregona, voja\u0161ko osebje in vsakodnevne uporabnike.<\/p>\n","protected":false},"excerpt":{"rendered":"<p>Vitka, zmogljiva vsakodnevna svetilka s 1.500 lumni in dolgim dosegom svetlobnega snopa.<\/p>\n","protected":false},"featured_media":352351,"template":"","meta":{"_acf_changed":false},"product_brand":[11879],"product_cat":[13468,13445,13414],"product_tag":[],"class_list":{"0":"post-405614","1":"product","2":"type-product","3":"status-publish","4":"has-post-thumbnail","6":"product_brand-surefire","7":"product_cat-edc","8":"product_cat-edc-luci","9":"product_cat-luci","11":"first","12":"instock","13":"taxable","14":"shipping-taxable","15":"purchasable","16":"product-type-simple"},"acf":[],"_links":{"self":[{"href":"https:\/\/nbg.eu\/sl\/wp-json\/wp\/v2\/product\/405614","targetHints":{"allow":["GET"]}}],"collection":[{"href":"https:\/\/nbg.eu\/sl\/wp-json\/wp\/v2\/product"}],"about":[{"href":"https:\/\/nbg.eu\/sl\/wp-json\/wp\/v2\/types\/product"}],"wp:featuredmedia":[{"embeddable":true,"href":"https:\/\/nbg.eu\/sl\/wp-json\/wp\/v2\/media\/352351"}],"wp:attachment":[{"href":"https:\/\/nbg.eu\/sl\/wp-json\/wp\/v2\/media?parent=405614"}],"wp:term":[{"taxonomy":"product_brand","embeddable":true,"href":"https:\/\/nbg.eu\/sl\/wp-json\/wp\/v2\/product_brand?post=405614"},{"taxonomy":"product_cat","embeddable":true,"href":"https:\/\/nbg.eu\/sl\/wp-json\/wp\/v2\/product_cat?post=405614"},{"taxonomy":"product_tag","embeddable":true,"href":"https:\/\/nbg.eu\/sl\/wp-json\/wp\/v2\/product_tag?post=405614"}],"curies":[{"name":"wp","href":"https:\/\/api.w.org\/{rel}","templated":true}]}}